{"id":12045,"date":"2024-09-28T14:26:18","date_gmt":"2024-09-28T14:26:18","guid":{"rendered":"https:\/\/petworld.ma\/?post_type=product&#038;p=12045"},"modified":"2026-05-04T18:01:20","modified_gmt":"2026-05-04T18:01:20","slug":"carnilove-dog-pate-pheasant-with-raspberryleaf-faisan-300g","status":"publish","type":"product","link":"https:\/\/petworld.ma\/index.php\/produit\/carnilove-dog-pate-pheasant-with-raspberryleaf-faisan-300g\/","title":{"rendered":"Carnilove Dog Pat\u00e9 Pheasant with Raspberryleaf (Faisan) 300g"},"content":{"rendered":"<div class=\"order-2 order-lg-1\">\n<p><img decoding=\"async\" class=\"benefits_icon\" src=\"https:\/\/carnilove.com\/assets\/front\/images\/grain-free-potato-free.png\" width=\"101\" height=\"100\" \/> SACHET FRA\u00ceCHEUR AVEC DES MORCEAUX DE VIANDE ET D\u2019ORGANES D\u2019ANIMAUX EN P\u00c2T\u00c9. UN ALIMENT COMPLET OU UN ACCOMPAGNEMENT SAVOUREUX POUR LES CROQUETTES. DES TYPES DE VIANDE UNIQUES. SANS C\u00c9R\u00c9ALES, SANS POMMES DE TERRE, SANS OGM, SANS SOJA, SANS CONSERVATEURS, SANS COLORANTS. TENEUR \u00c9LEV\u00c9E EN VIANDE DE 85 %.<\/p>\n<\/div>\n<div class=\"order-1 order-lg-1\">\n<div class=\"productDetail__intro\">Viande de faisan hypoallerg\u00e9nique et hautement digestible, riche en acides gras polyinsatur\u00e9s pour prot\u00e9ger le c\u0153ur et le syst\u00e8me circulatoire. Des niveaux \u00e9lev\u00e9s de s\u00e9l\u00e9nium prot\u00e8gent les cellules du stress oxydatif, ce qui contribue \u00e0 am\u00e9liorer la qualit\u00e9 de la peau, des articulations et du cerveau. La feuille de framboisier rouge est riche en antioxydants aux propri\u00e9t\u00e9s anti-inflammatoires. Elle favorise la sant\u00e9 du syst\u00e8me urinaire, des gencives, du foie et des articulations et r\u00e9duit \u00e9galement les douleurs articulaires.<\/div>\n<\/div>\n<div>\n<h2>COMPOSITION<\/h2>\n<p>85% viande et abats de dinde (dont 26% faisan), 4% feuilles de framboisier, 1% farine de pois, 1% lignocellulose, 1% huile de lin.<\/p>\n<h2>ADDITIFS NUTRITIONNELS POUR 1 KG<\/h2>\n<p>vitamine D3 (3a671) 200 UI, vitamine E (3a700) 100 mg, biotine (3a880) 0,5 mg, zinc (3b606) 12 mg, mangan\u00e8se (3b504) 3 mg, fer (3b106) 10 mg, cuivre (3b406) 4 mg, iode (3b201) 0,7 mg, taurine (3a370) 800 mg. Additifs technologiques pour 1 kg : gomme de caroube (E 410) 4 000 mg. Contient des antioxydants naturels : extraits de tocoph\u00e9rols d&rsquo;huile v\u00e9g\u00e9tale (1b306(i)) et extrait de romarin.<\/p>\n<h2>Constituants analytiques dans 1 kg<\/h2>\n<p>prot\u00e9ines brutes 11,0 %, mati\u00e8res grasses brutes 8,0 %, fibres brutes 0,4 %, cendres brutes 2,5 %, humidit\u00e9 78,0 %, calcium 0,2 %, phosphore 0,2 %, sodium 0,3 %, om\u00e9ga 3 0,15 %.<\/p>\n<h2>\u00c9nergie m\u00e9tabolique<\/h2>\n<p>1 150 kcal\/kg<\/p>\n<\/div>\n","protected":false},"excerpt":{"rendered":"<div class=\"order-2 order-lg-1\">\n<div class=\"order-2 order-lg-1\">\n<p class=\"benefits__content\">SACHET FRA\u00ceCHEUR AVEC DES MORCEAUX DE VIANDE ET D\u2019ORGANES D\u2019ANIMAUX EN P\u00c2T\u00c9. UN ALIMENT COMPLET OU UN ACCOMPAGNEMENT SAVOUREUX POUR LES CROQUETTES. DES TYPES DE VIANDE UNIQUES. SANS C\u00c9R\u00c9ALES, SANS POMMES DE TERRE, SANS OGM, SANS SOJA, SANS CONSERVATEURS, SANS COLORANTS. TENEUR \u00c9LEV\u00c9E EN VIANDE DE 85 %.<\/p>\n<\/div>\n<\/div>\n","protected":false},"featured_media":12046,"template":"","meta":{"jetpack_publicize_message":"","jetpack_publicize_feature_enabled":true,"jetpack_social_post_already_shared":true,"jetpack_social_options":{"image_generator_settings":{"template":"highway","default_image_id":0,"font":"","enabled":false},"version":2}},"product_brand":[],"product_cat":[26,39],"product_tag":[],"class_list":{"0":"post-12045","1":"product","2":"type-product","3":"status-publish","4":"has-post-thumbnail","6":"product_cat-croquettes","7":"product_cat-friandises-et-pates-pour-chien","9":"first","10":"instock","11":"taxable","12":"shipping-taxable","13":"purchasable","14":"product-type-simple"},"supplier_id":7839,"supplier_sku":"","barcode":null,"atum_controlled":true,"out_stock_date":null,"out_stock_threshold":null,"inheritable":false,"inbound_stock":0,"stock_on_hold":1,"sold_today":0,"sales_last_days":1,"reserved_stock":0,"customer_returns":0,"warehouse_damage":0,"lost_in_post":0,"other_logs":0,"out_stock_days":0,"lost_sales":0,"has_location":false,"update_date":"2026-05-08T00:18:10","atum_locations":[],"atum_stock_status":"instock","restock_status":false,"low_stock_amount":10,"sales_update_date":"2026-05-08T00:18:06","calc_backorders":null,"jetpack_publicize_connections":[],"jetpack_sharing_enabled":true,"batches":[{"id":"1195","date_created":"2024-12-13 09:21:09","date_expiry":"2026-08-30 00:00:00","user_id":"2461","batch_number":"CarnilovePatePheasant300826","location":"","quantity":"35.0000","quantity_available":"23.0000","units":"1","status":"active","order_ids":"[38156,39231,41364]","supplier":"Carnilove","po":{"id":"1167","date_created":"2024-12-13 09:21:10","batch_id":"1195","po_number":"","supplier":"Carnilove","cost":null,"regular_price":null,"sale_price":null,"price_margin":null,"price_discount":null}}],"_links":{"self":[{"href":"https:\/\/petworld.ma\/index.php\/wp-json\/wp\/v2\/product\/12045","targetHints":{"allow":["GET"]}}],"collection":[{"href":"https:\/\/petworld.ma\/index.php\/wp-json\/wp\/v2\/product"}],"about":[{"href":"https:\/\/petworld.ma\/index.php\/wp-json\/wp\/v2\/types\/product"}],"wp:featuredmedia":[{"embeddable":true,"href":"https:\/\/petworld.ma\/index.php\/wp-json\/wp\/v2\/media\/12046"}],"wp:attachment":[{"href":"https:\/\/petworld.ma\/index.php\/wp-json\/wp\/v2\/media?parent=12045"}],"wp:term":[{"taxonomy":"product_brand","embeddable":true,"href":"https:\/\/petworld.ma\/index.php\/wp-json\/wp\/v2\/product_brand?post=12045"},{"taxonomy":"product_cat","embeddable":true,"href":"https:\/\/petworld.ma\/index.php\/wp-json\/wp\/v2\/product_cat?post=12045"},{"taxonomy":"product_tag","embeddable":true,"href":"https:\/\/petworld.ma\/index.php\/wp-json\/wp\/v2\/product_tag?post=12045"}],"curies":[{"name":"wp","href":"https:\/\/api.w.org\/{rel}","templated":true}]}}