{"id":12048,"date":"2024-09-28T14:40:52","date_gmt":"2024-09-28T14:40:52","guid":{"rendered":"https:\/\/petworld.ma\/?post_type=product&#038;p=12048"},"modified":"2026-03-12T15:52:43","modified_gmt":"2026-03-12T15:52:43","slug":"carnilove-dog-meat-jerky-turkey-and-rabbit-dinde-et-lapin-100g","status":"publish","type":"product","link":"https:\/\/petworld.ma\/index.php\/produit\/carnilove-dog-meat-jerky-turkey-and-rabbit-dinde-et-lapin-100g\/","title":{"rendered":"Carnilove Dog Meat Jerky Snack Turkey And Rabbit (Dinde et Lapin) 100g"},"content":{"rendered":"<h2>Friandises \u00e0 base de viande s\u00e9ch\u00e9e \u2013 Barre prot\u00e9in\u00e9e \u00e0 base de dinde et de lapin<\/h2>\n<h2>Composition<\/h2>\n<p>dinde (64%), lapin (26%), glyc\u00e9rine d&rsquo;origine v\u00e9g\u00e9tale, myrtilles (1%), chlorure de sodium.<\/p>\n<h2>Composition nutritionnelle en 1 kg<\/h2>\n<p>Antioxydants naturels : extrait de romarin et extraits de tocoph\u00e9rols d&rsquo;huiles v\u00e9g\u00e9tales (1b306(i)). A consommer de pr\u00e9f\u00e9rence avant \/ num\u00e9ro de r\u00e9f\u00e9rence du lot : voir le tampon.<\/p>\n<h2>Constituants analytiques dans 1 kg<\/h2>\n<p>prot\u00e9ines brutes 33,0 %, mati\u00e8res grasses brutes 22,0 %, humidit\u00e9 18,0 %, cendres brutes 5,5 %, fibres brutes 2,0 %.<\/p>\n<h2>Emballer<\/h2>\n<p>0,1 kg<\/p>\n","protected":false},"excerpt":{"rendered":"<div class=\"order-2 order-lg-1\">\n<div class=\"order-2 order-lg-1\">\n<ul>\n<li>90% de teneur en viande<\/li>\n<li>Go\u00fbt irr\u00e9sistible<\/li>\n<li>Uniquement des antioxydants naturels<\/li>\n<li>Sans c\u00e9r\u00e9ales, sans colorant, sans sucre, sans OGM \u2013 fabriqu\u00e9 dans l&rsquo;UE<\/li>\n<li>Fabriqu\u00e9 dans l&rsquo;UE<\/li>\n<\/ul>\n<\/div>\n<\/div>\n","protected":false},"featured_media":12049,"template":"","meta":{"jetpack_publicize_message":"","jetpack_publicize_feature_enabled":true,"jetpack_social_post_already_shared":true,"jetpack_social_options":{"image_generator_settings":{"template":"highway","default_image_id":0,"font":"","enabled":false},"version":2}},"product_brand":[],"product_cat":[26,39],"product_tag":[],"class_list":{"0":"post-12048","1":"product","2":"type-product","3":"status-publish","4":"has-post-thumbnail","6":"product_cat-croquettes","7":"product_cat-friandises-et-pates-pour-chien","9":"first","10":"outofstock","11":"taxable","12":"shipping-taxable","13":"purchasable","14":"product-type-simple"},"supplier_id":7839,"supplier_sku":"","barcode":null,"atum_controlled":true,"out_stock_date":"2026-03-12 15:52:42","out_stock_threshold":null,"inheritable":false,"inbound_stock":0,"stock_on_hold":0,"sold_today":0,"sales_last_days":0,"reserved_stock":0,"customer_returns":0,"warehouse_damage":0,"lost_in_post":0,"other_logs":0,"out_stock_days":58,"lost_sales":0,"has_location":false,"update_date":"2026-05-10T00:19:08","atum_locations":[],"atum_stock_status":"outofstock","restock_status":false,"low_stock_amount":10,"sales_update_date":"2026-05-10T00:19:08","calc_backorders":null,"jetpack_publicize_connections":[],"jetpack_sharing_enabled":true,"batches":[{"id":"173","date_created":"2024-09-28 14:48:52","date_expiry":"2025-10-12 00:00:00","user_id":"2553","batch_number":"CLJerkyTurkey&Rabbit121025","location":"","quantity":"12.0000","quantity_available":"0.0000","units":"1","status":"archived","order_ids":"[12271,12292,12858,13067,13255,13511,13850,14021,14480,14572,14648,15733,16706,17887,17893,18224]","supplier":"Carnilove","po":{"id":"168","date_created":"2024-09-28 14:48:53","batch_id":"173","po_number":"","supplier":"Carnilove","cost":null,"regular_price":null,"sale_price":null,"price_margin":null,"price_discount":null}}],"_links":{"self":[{"href":"https:\/\/petworld.ma\/index.php\/wp-json\/wp\/v2\/product\/12048","targetHints":{"allow":["GET"]}}],"collection":[{"href":"https:\/\/petworld.ma\/index.php\/wp-json\/wp\/v2\/product"}],"about":[{"href":"https:\/\/petworld.ma\/index.php\/wp-json\/wp\/v2\/types\/product"}],"wp:featuredmedia":[{"embeddable":true,"href":"https:\/\/petworld.ma\/index.php\/wp-json\/wp\/v2\/media\/12049"}],"wp:attachment":[{"href":"https:\/\/petworld.ma\/index.php\/wp-json\/wp\/v2\/media?parent=12048"}],"wp:term":[{"taxonomy":"product_brand","embeddable":true,"href":"https:\/\/petworld.ma\/index.php\/wp-json\/wp\/v2\/product_brand?post=12048"},{"taxonomy":"product_cat","embeddable":true,"href":"https:\/\/petworld.ma\/index.php\/wp-json\/wp\/v2\/product_cat?post=12048"},{"taxonomy":"product_tag","embeddable":true,"href":"https:\/\/petworld.ma\/index.php\/wp-json\/wp\/v2\/product_tag?post=12048"}],"curies":[{"name":"wp","href":"https:\/\/api.w.org\/{rel}","templated":true}]}}