{"id":121,"date":"2022-12-15T20:46:52","date_gmt":"2022-12-15T20:46:52","guid":{"rendered":"http:\/\/petworld.ma\/?post_type=product&#038;p=121"},"modified":"2026-04-23T11:02:55","modified_gmt":"2026-04-23T11:02:55","slug":"royal-canin-medium-dermacomfort-12-kg","status":"publish","type":"product","link":"https:\/\/petworld.ma\/index.php\/produit\/royal-canin-medium-dermacomfort-12-kg\/","title":{"rendered":"Royal Canin Medium Dermacomfort 12 Kg"},"content":{"rendered":"<div class=\"product-section description-section\">\n<div class=\"single-description fr-view\">\n<div>\n<div>\n<div>\n<div>\n<h2>Aliment complet pour chiens adultes de races moyennes (de 11 \u00e0 25 kg) &#8211; Plus de 12 mois &#8211; Chiens sujets aux irritations et d\u00e9mangeaisons de peau. Peut se donner occasionnellement de 7 \u00e0 10 ans.<\/h2>\n<\/div>\n<\/div>\n<\/div>\n<\/div>\n<div>\n<div>\n<p>Saviez-vous que l\u2019irritation de la peau est la principale raison pour laquelle les chiens sont emmen\u00e9s chez le v\u00e9t\u00e9rinaire ? Une peau sensible et irrit\u00e9e provoque des d\u00e9mangeaisons qui peuvent ab\u00eemer la peau de votre chien et causer une infection. \u00a0 Une alimentation sp\u00e9cialement adapt\u00e9e peut contribuer \u00e0 pr\u00e9server la peau de votre chien pour qu\u2019il puisse conserver une bonne qualit\u00e9 de vie. \u00a0 Convenant aux chiens pesants entre 11 et 25 kg, ROYAL CANIN\u00ae Dermacomfort Medium contient des croquettes con\u00e7ues pour s\u2019adapter parfaitement aux dents de votre animal. \u00a0 Cet aliment est enrichi en acides gras om\u00e9ga-3 et 6 aux propri\u00e9t\u00e9s anti-inflammatoires. Ces acides gras issus d\u2019huiles de poisson et d\u2019huiles v\u00e9g\u00e9tales ont un effet apaisant et protecteur pour la peau de votre chien et la rendent moins sensible aux agressions du monde qui l\u2019entoure. De plus, ces nutriments contribuent \u00e0 renforcer la sant\u00e9 du pelage de votre animal. \u00a0 La formule tr\u00e8s savoureuse de ROYAL CANIN\u00ae Dermacomfort Medium est enrichie en prot\u00e9ines soigneusement s\u00e9lectionn\u00e9es \u00e0 faible teneur en allerg\u00e8nes. Royal Canin prend les prot\u00e9ines tr\u00e8s au s\u00e9rieux, c\u2019est pourquoi nous n\u2019utilisons que des nutriments de la plus haute qualit\u00e9 et que nous adaptons le type de prot\u00e9ines aux besoins sp\u00e9cifiques de votre chien. \u00a0 Notre programme nutritionnel Dermacomfort est disponible sous deux formes : en croquettes et en mousse conditionn\u00e9e en sachet fra\u00eecheur, toutes deux parfaitement \u00e9quilibr\u00e9es sur le plan nutritionnel et tout \u00e0 fait compl\u00e9mentaires. Pourquoi ne pas combiner la mousse et les croquettes ? \u00a0 Ne vous contentez pas de nous croire sur parole : 91 % des propri\u00e9taires se sont d\u00e9clar\u00e9s satisfaits de ce produit apr\u00e8s seulement 2 mois d\u2019utilisation continue. Cela signifie que la formule ROYAL CANIN\u00ae Dermacomfort Medium a fait ses preuves.<\/p>\n<p><strong>\u00a0 \u00a0BENEFICES :<\/strong><\/p>\n<ul>\n<li>\n<div>R\u00e9sultats prouv\u00e9s<\/div>\n<div>91% des propri\u00e9taires satisfaits apr\u00e8s 2 mois *\u00c9tude interne Royal Canin.<\/div>\n<\/li>\n<li>\n<div>Formule r\u00e9duite en allerg\u00e8nes<\/div>\n<div>Formule nutritionnelle enrichie en acides gras Om\u00e9ga-3 et 6, y compris acides GLA, EPA et DHA, permettant de pr\u00e9server et de nourrir la peau de votre chien. \u00c9labor\u00e9 afin de prendre soin de la peau de votre chien et de l\u2019aider \u00e0 maintenir un pelage dense et sain.<\/div>\n<\/li>\n<li>\n<div>Comment pouvez-vous aider votre chien ?<\/div>\n<div>Vous pouvez aider \u00e0 prot\u00e9ger la peau de votre Chien en gardant son lit et les espaces \u00abd\u00e9tente\u00bb qu\u2019il pr\u00e9f\u00e8re propres. Ceci permet d\u2019\u00e9liminer la poussi\u00e8re et les pellicules, un vivier \u00e0 parasites \u00e0 l\u2019origine de d\u00e9mangeaisons. Si vous avez une question ou un doute concernant la sant\u00e9 de votre chien, veuillez consulter un v\u00e9t\u00e9rinaire.<\/div>\n<\/li>\n<\/ul>\n<p><strong>\u00a0 \u00a0INFORMATIONS NUTRITIONELLES :<\/strong><\/p>\n<div>Composition : riz, isolat de prot\u00e9ines v\u00e9g\u00e9tales*, bl\u00e9, graisses animales, gluten de ma\u00efs, avoine d\u00e9cortiqu\u00e9e, ma\u00efs, sels min\u00e9raux, hydrolysat de prot\u00e9ines animales, huile de soja, pulpe de betterave, huile de poisson, graines de lin, fructo-oligosaccharides, huile de bourrache, extrait de rose d\u2019Inde (source de lut\u00e9ine).<\/div>\n<p>Additifs (au kg) : Additifs nutritionnels : Vitamine A : 29500 UI, Vitamine D3 : 800 UI, E1 (Fer) : 67 mg, E2 (Iode) : 5,5 mg, E4 (Cuivre) : 13 mg, E5 (Mangan\u00e8se) : 67 mg, E6 (Zinc) : 150 mg, E8 (S\u00e9l\u00e9nium) : 0,17 mg &#8211; Conservateurs &#8211; Antioxyg\u00e8nes.<\/p>\n<p>Constituants analytiques : Prot\u00e9ine : 24,0 % &#8211; Teneur en mati\u00e8res grasses : 17,0 % &#8211; Cendres brutes : 5,9 % &#8211; Cellulose brute : 1,4 % &#8211; Au kg : Acides gras om\u00e9ga 6 : 34,2 g dont acide gamma-linol\u00e9nique : 0,3 g &#8211; Acides gras om\u00e9ga 3 : 11,3 g dont EPA\/DHA : 4,1 g.<\/p>\n<p>*L.I.P. : prot\u00e9ine s\u00e9lectionn\u00e9e pour sa tr\u00e8s haute digestibilit\u00e9.<\/p>\n<p>Mode d\u2019emploi : voir tableau. Num\u00e9ro de lot et d\u2019identifiant usine, \u00e0 utiliser de pr\u00e9f\u00e9rence avant : voir sur l\u2019emballage. \u00c0 conserver dans un endroit sec et frais.<\/p>\n<p><strong>\u00a0 \u00a0<\/strong><a href=\"https:\/\/wa.me\/212708052510\" target=\"_blank\" rel=\"noopener noreferrer\"><img loading=\"lazy\" decoding=\"async\" class=\"fr-fic fr-dib aligncenter\" src=\"https:\/\/cdn.youcan.shop\/stores\/d0742d556df94ddbc7ae4c9810aff04b\/others\/jDStg9SXiIft0TNrrxDHKDsKj7xatc3d2abo1poi.png\" width=\"307\" height=\"81\" data-name=\"stores\/d0742d556df94ddbc7ae4c9810aff04b\/others\/jDStg9SXiIft0TNrrxDHKDsKj7xatc3d2abo1poi.png\" \/><\/a><\/p>\n<div data-gtm-vis-first-on-screen-40760133_376=\"58994\" data-gtm-vis-first-on-screen-40760133_379=\"58994\" data-gtm-vis-has-fired-40760133_376=\"1\" data-gtm-vis-has-fired-40760133_379=\"1\" data-gtm-vis-total-visible-time-40760133_376=\"500\" data-gtm-vis-total-visible-time-40760133_379=\"500\" data-tms=\"Product description\">\n<div>\n<div>\n<div>\n<div><\/div>\n<\/div>\n<\/div>\n<\/div>\n<\/div>\n<\/div>\n<\/div>\n<\/div>\n<\/div>\n<div class=\"product-section add-to-cart-section\">\n<div class=\"quantity\"><\/div>\n<\/div>\n","protected":false},"excerpt":{"rendered":"<p>Aliment complet pour chiens adultes de races moyennes (de 11 \u00e0 25 kg) &#8211; Plus de 12 mois &#8211; Chiens sujets aux irritations et d\u00e9mangeaisons de peau. Peut se donner occasionnellement de 7 \u00e0 10 ans. Saviez-vous que l\u2019irritation de la peau est la principale raison pour laquelle les chiens sont emmen\u00e9s chez le v\u00e9t\u00e9rinaire [&#8230;]\n","protected":false},"featured_media":445,"template":"","meta":{"jetpack_publicize_message":"","jetpack_publicize_feature_enabled":true,"jetpack_social_post_already_shared":true,"jetpack_social_options":{"image_generator_settings":{"template":"highway","default_image_id":0,"font":"","enabled":false},"version":2}},"product_brand":[],"product_cat":[26],"product_tag":[],"class_list":{"0":"post-121","1":"product","2":"type-product","3":"status-publish","4":"has-post-thumbnail","6":"product_cat-croquettes","8":"first","9":"instock","10":"taxable","11":"shipping-taxable","12":"purchasable","13":"product-type-simple"},"supplier_id":5587,"supplier_sku":"71041","barcode":null,"atum_controlled":true,"out_stock_date":null,"out_stock_threshold":null,"inheritable":false,"inbound_stock":0,"stock_on_hold":0,"sold_today":0,"sales_last_days":1,"reserved_stock":0,"customer_returns":0,"warehouse_damage":0,"lost_in_post":0,"other_logs":0,"out_stock_days":0,"lost_sales":0,"has_location":false,"update_date":"2026-04-24T10:49:56","atum_locations":[],"atum_stock_status":"instock","restock_status":true,"low_stock_amount":2,"sales_update_date":"2026-04-24T10:49:56","calc_backorders":0,"jetpack_publicize_connections":[],"jetpack_sharing_enabled":true,"batches":[{"id":"186","date_created":"2024-09-29 10:02:00","date_expiry":"2025-06-27 00:00:00","user_id":"2760","batch_number":"RCMediumDermaconfort270625","location":"","quantity":"2.0000","quantity_available":"0.0000","units":"1","status":"archived","order_ids":"[16181,17687]","supplier":"Royal Canin","po":{"id":"181","date_created":"2024-09-29 10:02:00","batch_id":"186","po_number":"","supplier":"Royal Canin","cost":null,"regular_price":null,"sale_price":null,"price_margin":null,"price_discount":null}},{"id":"517","date_created":"2024-10-04 10:01:28","date_expiry":"2025-03-23 00:00:00","user_id":"2760","batch_number":"RCMediumDermaconfort230325","location":"","quantity":"1.0000","quantity_available":"0.0000","units":"1","status":"archived","order_ids":"[4910]","supplier":"Royal Canin","po":{"id":"500","date_created":"2024-10-04 10:01:29","batch_id":"517","po_number":"","supplier":"Royal Canin","cost":null,"regular_price":null,"sale_price":null,"price_margin":null,"price_discount":null}},{"id":"1621","date_created":"2025-01-10 22:03:42","date_expiry":"2025-10-31 00:00:00","user_id":"2760","batch_number":"RCMediumDermaconfort311025","location":"","quantity":"1.0000","quantity_available":"0.0000","units":"1","status":"archived","order_ids":"[17879]","supplier":"Royal Canin","po":{"id":"1595","date_created":"2025-01-10 22:03:44","batch_id":"1621","po_number":"","supplier":"Royal Canin","cost":null,"regular_price":null,"sale_price":null,"price_margin":null,"price_discount":null}},{"id":"1994","date_created":"2025-02-14 13:57:51","date_expiry":"2025-11-21 00:00:00","user_id":"2760","batch_number":"RCMediumDermaconfort311125","location":"","quantity":"1.0000","quantity_available":"0.0000","units":"1","status":"archived","order_ids":"[19733]","supplier":"Royal Canin","po":{"id":"1966","date_created":"2025-02-14 13:57:54","batch_id":"1994","po_number":"","supplier":"Royal Canin","cost":null,"regular_price":null,"sale_price":null,"price_margin":null,"price_discount":null}},{"id":"1995","date_created":"2025-02-14 14:00:11","date_expiry":"2025-10-31 00:00:00","user_id":"2760","batch_number":"RCMediumDermaconfort311025","location":"","quantity":"1.0000","quantity_available":"0.0000","units":"1","status":"archived","order_ids":"[18037]","supplier":"Royal Canin","po":{"id":"1967","date_created":"2025-02-14 14:00:14","batch_id":"1995","po_number":"","supplier":"Royal Canin","cost":null,"regular_price":null,"sale_price":null,"price_margin":null,"price_discount":null}},{"id":"2060","date_created":"2025-02-19 21:01:33","date_expiry":"2025-11-21 00:00:00","user_id":"2760","batch_number":"RCMediumDermaconfort211125","location":"","quantity":"1.0000","quantity_available":"0.0000","units":"1","status":"archived","order_ids":"[21331]","supplier":"Royal Canin","po":{"id":"2030","date_created":"2025-02-19 21:01:36","batch_id":"2060","po_number":"","supplier":"Royal Canin","cost":null,"regular_price":null,"sale_price":null,"price_margin":null,"price_discount":null}},{"id":"2760","date_created":"2025-04-06 00:42:08","date_expiry":"2026-01-11 00:00:00","user_id":"2760","batch_number":"RCMediumDermaconfort110126","location":"","quantity":"1.0000","quantity_available":"0.0000","units":"1","status":"archived","order_ids":"[22871]","supplier":"Royal Canin","po":{"id":"2729","date_created":"2025-04-06 00:42:15","batch_id":"2760","po_number":"","supplier":"Royal Canin","cost":null,"regular_price":null,"sale_price":null,"price_margin":null,"price_discount":null}},{"id":"3457","date_created":"2025-05-17 09:36:21","date_expiry":"2026-01-11 00:00:00","user_id":"2760","batch_number":"RCMediumDermaconfort110126","location":"","quantity":"1.0000","quantity_available":"0.0000","units":"1","status":"archived","order_ids":"[33376]","supplier":"Royal Canin","po":{"id":"3424","date_created":"2025-05-17 09:36:21","batch_id":"3457","po_number":"","supplier":"Royal Canin","cost":null,"regular_price":null,"sale_price":null,"price_margin":null,"price_discount":null}},{"id":"4245","date_created":"2025-07-06 15:09:17","date_expiry":"2026-03-18 00:00:00","user_id":"2760","batch_number":"RCMediumDermaconfort180326","location":"","quantity":"1.0000","quantity_available":"0.0000","units":"1","status":"archived","order_ids":null,"supplier":"Royal Canin","po":{"id":"4208","date_created":"2025-07-06 15:09:17","batch_id":"4245","po_number":"","supplier":"Royal Canin","cost":null,"regular_price":null,"sale_price":null,"price_margin":null,"price_discount":null}},{"id":"8303","date_created":"2026-03-16 21:56:44","date_expiry":"2026-10-10 00:00:00","user_id":"2760","batch_number":"RCMediumDermaconfort101026","location":"","quantity":"1.0000","quantity_available":"0.0000","units":"1","status":"archived","order_ids":"[40621]","supplier":"Royal Canin","po":{"id":"8231","date_created":"2026-03-16 21:56:44","batch_id":"8303","po_number":"","supplier":"Royal Canin","cost":null,"regular_price":null,"sale_price":null,"price_margin":null,"price_discount":null}},{"id":"8684","date_created":"2026-04-04 17:35:31","date_expiry":"2026-11-30 00:00:00","user_id":"2760","batch_number":"RCMediumDermaconfort301126","location":"","quantity":"1.0000","quantity_available":"1.0000","units":"1","status":"active","order_ids":null,"supplier":"Royal Canin","po":{"id":"8612","date_created":"2026-04-04 17:35:31","batch_id":"8684","po_number":"","supplier":"Royal Canin","cost":null,"regular_price":null,"sale_price":null,"price_margin":null,"price_discount":null}}],"_links":{"self":[{"href":"https:\/\/petworld.ma\/index.php\/wp-json\/wp\/v2\/product\/121","targetHints":{"allow":["GET"]}}],"collection":[{"href":"https:\/\/petworld.ma\/index.php\/wp-json\/wp\/v2\/product"}],"about":[{"href":"https:\/\/petworld.ma\/index.php\/wp-json\/wp\/v2\/types\/product"}],"wp:featuredmedia":[{"embeddable":true,"href":"https:\/\/petworld.ma\/index.php\/wp-json\/wp\/v2\/media\/445"}],"wp:attachment":[{"href":"https:\/\/petworld.ma\/index.php\/wp-json\/wp\/v2\/media?parent=121"}],"wp:term":[{"taxonomy":"product_brand","embeddable":true,"href":"https:\/\/petworld.ma\/index.php\/wp-json\/wp\/v2\/product_brand?post=121"},{"taxonomy":"product_cat","embeddable":true,"href":"https:\/\/petworld.ma\/index.php\/wp-json\/wp\/v2\/product_cat?post=121"},{"taxonomy":"product_tag","embeddable":true,"href":"https:\/\/petworld.ma\/index.php\/wp-json\/wp\/v2\/product_tag?post=121"}],"curies":[{"name":"wp","href":"https:\/\/api.w.org\/{rel}","templated":true}]}}