{"id":1212,"date":"2023-01-11T16:48:10","date_gmt":"2023-01-11T16:48:10","guid":{"rendered":"https:\/\/petworld.ma\/?post_type=product&#038;p=1212"},"modified":"2026-05-05T13:18:18","modified_gmt":"2026-05-05T13:18:18","slug":"ownat-ultra-mini-adulte-3-kg","status":"publish","type":"product","link":"https:\/\/petworld.ma\/index.php\/produit\/ownat-ultra-mini-adulte-3-kg\/","title":{"rendered":"Ownat Ultra Mini Adulte &#8211; 3 kg"},"content":{"rendered":"<p>La gamme<strong>\u00a0Ownat Ultra Digestibilit\u00e9<\/strong>\u00a0offre une alternative nutritionnelle fid\u00e8le aux besoins naturels des chiens. Cette alimentation dispose de diff\u00e9rents avantages :<\/p>\n<ul>\n<li><strong>Proc\u00e9d\u00e9 de cuisson lente :<\/strong>\u00a0les croquettes sont cuites tr\u00e8s lentement et \u00e0 basse temp\u00e9rature pour respecter les ingr\u00e9dients et pr\u00e9server au maximum leur qualit\u00e9 nutritionnelle<\/li>\n<li><strong>30% de viande fra\u00eeche :<\/strong>\u00a0prot\u00e9ines d&rsquo;une valeur biologique sup\u00e9rieure, plus digesibles, ainsi qu&rsquo;une saveur exceptionnelle<\/li>\n<li><strong>\u00ab\u00a0Low Grain\u00a0\u00bb :<\/strong>\u00a0un peu de riz, d&rsquo;orge ou d&rsquo;avoine, toujours de fa\u00e7on compl\u00e8te et pour apporter des fibres, des vitamines et des min\u00e9raux<\/li>\n<li><strong>Sans colorants ni conservateurs :<\/strong>\u00a0uniquement des conservateurs naturels, sans colorants ni additifs artificiels superflus<\/li>\n<li><strong>Ingr\u00e9dients naturels :<\/strong>\u00a0ingr\u00e9dients s\u00e9lectionn\u00e9s pour leur qualit\u00e9, leur fra\u00eecheur, et leur valeur nutritionnelle intacte<\/li>\n<\/ul>\n<p>Ces croquettes sont compos\u00e9es de\u00a0<strong>30% de viande fra\u00efche de poulet et de dinde<\/strong>. Elles contiennent un \u00e9quilibre optimal de prot\u00e9ines et de graisses qui permet de satisfaire les besoins \u00e9nerg\u00e9tiques \u00e9lev\u00e9s des chiens de petites races, tout en \u00e9vitant le surpoids.La forme et la taille r\u00e9duite des croquettes les rendent tr\u00e8s app\u00e9tentes et faciles \u00e0 ing\u00e9rer.<\/p>\n<p>Quantit\u00e9s journali\u00e8res recommand\u00e9es.<\/p>\n<table border=\"0\">\n<tbody>\n<tr>\n<td><strong>Poids du chien (kg<\/strong>)<\/td>\n<td><strong>Gr \/ jour<\/strong><\/td>\n<\/tr>\n<tr>\n<td>1 &#8211; 2<\/td>\n<td>25 &#8211; 45<\/td>\n<\/tr>\n<tr>\n<td>2 &#8211; 4<\/td>\n<td>45 &#8211; 75<\/td>\n<\/tr>\n<tr>\n<td>4 &#8211; 6<\/td>\n<td>75 &#8211; 105<\/td>\n<\/tr>\n<tr>\n<td>6 &#8211; 8<\/td>\n<td>105 &#8211; 130<\/td>\n<\/tr>\n<tr>\n<td>8 &#8211; 10<\/td>\n<td>130 &#8211; 155<\/td>\n<\/tr>\n<\/tbody>\n<\/table>\n<p>Toujours laisser de l&rsquo;eau propre et fra\u00eeche \u00e0 la disposition de l&rsquo;animal.<\/p>\n","protected":false},"excerpt":{"rendered":"<div class=\"short-description\">\n<div class=\"std\">\n<p><strong>Ownat Ultra Croquettes<\/strong> sp\u00e9cialement con\u00e7ues pour les chiens de petite race.<\/p>\n<\/div>\n<\/div>\n","protected":false},"featured_media":21986,"template":"","meta":{"jetpack_publicize_message":"","jetpack_publicize_feature_enabled":true,"jetpack_social_post_already_shared":false,"jetpack_social_options":{"image_generator_settings":{"template":"highway","default_image_id":0,"font":"","enabled":false},"version":2}},"product_brand":[],"product_cat":[26],"product_tag":[],"class_list":{"0":"post-1212","1":"product","2":"type-product","3":"status-publish","4":"has-post-thumbnail","6":"product_cat-croquettes","8":"first","9":"onbackorder","10":"taxable","11":"shipping-taxable","12":"purchasable","13":"product-type-simple"},"supplier_id":5595,"supplier_sku":"401","barcode":null,"atum_controlled":true,"out_stock_date":"2026-05-05 13:18:19","out_stock_threshold":null,"inheritable":false,"inbound_stock":0,"stock_on_hold":0,"sold_today":0,"sales_last_days":1,"reserved_stock":0,"customer_returns":0,"warehouse_damage":0,"lost_in_post":0,"other_logs":0,"out_stock_days":4,"lost_sales":140,"has_location":false,"update_date":"2026-05-10T00:22:49","atum_locations":[],"atum_stock_status":"onbackorder","restock_status":false,"low_stock_amount":1,"sales_update_date":"2026-05-10T00:22:49","calc_backorders":0,"jetpack_publicize_connections":[],"jetpack_sharing_enabled":true,"batches":[{"id":"830","date_created":"2024-11-15 13:43:06","date_expiry":"2026-01-31 00:00:00","user_id":"2760","batch_number":"OWNATUltraMiniAdult3KG0126","location":"","quantity":"6.0000","quantity_available":"0.0000","units":"1","status":"archived","order_ids":"[15606,17817,19449,20127,21284,21924]","supplier":"Ownat","po":{"id":"807","date_created":"2024-11-15 13:43:06","batch_id":"830","po_number":"","supplier":"Ownat","cost":null,"regular_price":null,"sale_price":null,"price_margin":null,"price_discount":null}},{"id":"3485","date_created":"2025-05-18 12:18:36","date_expiry":"2026-08-31 00:00:00","user_id":"2760","batch_number":"ownatultamini0826","location":"","quantity":"1.0000","quantity_available":"0.0000","units":"1","status":"archived","order_ids":"[23729]","supplier":"Ownat","po":{"id":"3452","date_created":"2025-05-18 12:18:36","batch_id":"3485","po_number":"","supplier":"Ownat","cost":null,"regular_price":null,"sale_price":null,"price_margin":null,"price_discount":null}},{"id":"4174","date_created":"2025-06-30 21:01:24","date_expiry":"2026-08-31 00:00:00","user_id":"2760","batch_number":"ownatultamini0826","location":"","quantity":"1.0000","quantity_available":"0.0000","units":"1","status":"archived","order_ids":"[25291]","supplier":"Ownat","po":{"id":"4137","date_created":"2025-06-30 21:01:25","batch_id":"4174","po_number":"","supplier":"Ownat","cost":null,"regular_price":null,"sale_price":null,"price_margin":null,"price_discount":null}},{"id":"4790","date_created":"2025-08-08 16:38:09","date_expiry":"2026-08-31 00:00:00","user_id":"2760","batch_number":"ownatultamini0826","location":"","quantity":"1.0000","quantity_available":"0.0000","units":"1","status":"archived","order_ids":"[29190]","supplier":"Ownat","po":{"id":"4754","date_created":"2025-08-08 16:38:10","batch_id":"4790","po_number":"","supplier":"Ownat","cost":null,"regular_price":null,"sale_price":null,"price_margin":null,"price_discount":null}},{"id":"6289","date_created":"2025-11-23 23:29:10","date_expiry":"2027-03-31 00:00:00","user_id":"2760","batch_number":"ownatultamini0327","location":"","quantity":"2.0000","quantity_available":"0.0000","units":"1","status":"archived","order_ids":"[31308,37669]","supplier":"Ownat","po":{"id":"6235","date_created":"2025-11-23 23:29:11","batch_id":"6289","po_number":"","supplier":"Ownat","cost":null,"regular_price":null,"sale_price":null,"price_margin":null,"price_discount":null}},{"id":"8377","date_created":"2026-03-19 12:07:33","date_expiry":"2027-04-30 00:00:00","user_id":"2760","batch_number":"ownatultamini0427","location":"","quantity":"1.0000","quantity_available":"0.0000","units":"1","status":"archived","order_ids":"[38188]","supplier":"Ownat","po":{"id":"8305","date_created":"2026-03-19 12:07:33","batch_id":"8377","po_number":"","supplier":"Ownat","cost":null,"regular_price":null,"sale_price":null,"price_margin":null,"price_discount":null}},{"id":"8525","date_created":"2026-03-26 14:10:54","date_expiry":"2027-04-30 00:00:00","user_id":"2760","batch_number":"ownatultamini0427","location":"","quantity":"1.0000","quantity_available":"0.0000","units":"1","status":"archived","order_ids":"[41373]","supplier":"Ownat","po":{"id":"8453","date_created":"2026-03-26 14:10:54","batch_id":"8525","po_number":"","supplier":"Ownat","cost":null,"regular_price":null,"sale_price":null,"price_margin":null,"price_discount":null}}],"_links":{"self":[{"href":"https:\/\/petworld.ma\/index.php\/wp-json\/wp\/v2\/product\/1212","targetHints":{"allow":["GET"]}}],"collection":[{"href":"https:\/\/petworld.ma\/index.php\/wp-json\/wp\/v2\/product"}],"about":[{"href":"https:\/\/petworld.ma\/index.php\/wp-json\/wp\/v2\/types\/product"}],"wp:featuredmedia":[{"embeddable":true,"href":"https:\/\/petworld.ma\/index.php\/wp-json\/wp\/v2\/media\/21986"}],"wp:attachment":[{"href":"https:\/\/petworld.ma\/index.php\/wp-json\/wp\/v2\/media?parent=1212"}],"wp:term":[{"taxonomy":"product_brand","embeddable":true,"href":"https:\/\/petworld.ma\/index.php\/wp-json\/wp\/v2\/product_brand?post=1212"},{"taxonomy":"product_cat","embeddable":true,"href":"https:\/\/petworld.ma\/index.php\/wp-json\/wp\/v2\/product_cat?post=1212"},{"taxonomy":"product_tag","embeddable":true,"href":"https:\/\/petworld.ma\/index.php\/wp-json\/wp\/v2\/product_tag?post=1212"}],"curies":[{"name":"wp","href":"https:\/\/api.w.org\/{rel}","templated":true}]}}