{"id":12133,"date":"2024-09-30T19:35:15","date_gmt":"2024-09-30T19:35:15","guid":{"rendered":"https:\/\/petworld.ma\/?post_type=product&#038;p=12133"},"modified":"2026-03-12T16:03:42","modified_gmt":"2026-03-12T16:03:42","slug":"hills-science-plan-senior-vitality-chicken-small-mini-adult-dog-food-1-5kg","status":"publish","type":"product","link":"https:\/\/petworld.ma\/index.php\/produit\/hills-science-plan-senior-vitality-chicken-small-mini-adult-dog-food-1-5kg\/","title":{"rendered":"Hill&rsquo;s Science Plan Senior Vitality Chicken Small And Mini Adult Dog Food (1.5kg)"},"content":{"rendered":"<p><strong>Hill&rsquo;s Science Plan Senior Vitality Chicken Small &amp; Mini Adult Dog Food<\/strong>\u00a0a \u00e9t\u00e9 scientifiquement d\u00e9velopp\u00e9 pour fonctionner avec la biologie de votre chien adulte de 7 ans et plus. Cette recette r\u00e9volutionnaire et exclusive avec des acides gras et des antioxydants, notamment des vitamines C et E, aide \u00e0 combattre les effets du vieillissement au niveau cellulaire.<\/p>\n<p><strong>Principaux avantages<\/strong><\/p>\n<ul>\n<li>Fonction c\u00e9r\u00e9brale<\/li>\n<li>Syst\u00e8me immunitaire sain<\/li>\n<li>Manteau luxueux<\/li>\n<li>Energie et Vitalit\u00e9<\/li>\n<li>Syst\u00e8me digestif sain<\/li>\n<\/ul>\n<p><strong><span class=\"selection-black-text\">INGR\u00c9DIENTS :<\/span><\/strong> \u00a0Poulet, pois jaunes, orge perl\u00e9 concass\u00e9, avoine enti\u00e8re, ma\u00efs entier, produit d&rsquo;\u0153uf, graisse de poulet, ar\u00f4me de foie de poulet, farine de gluten de ma\u00efs, huile de soja, graines de lin, ar\u00f4me de foie de porc, acide lactique, L-lysine, chlorure de potassium, carbonate de calcium, phosphate dicalcique, carottes, marc de tomate s\u00e9ch\u00e9, pulpe d&rsquo;agrumes s\u00e9ch\u00e9e, \u00e9pinards, huile de poisson, sel iod\u00e9, acide lipo\u00efque, vitamines (suppl\u00e9ment de vitamine E, L-ascorbyl-2-polyphosphate (source de vitamine C), suppl\u00e9ment de niacine, mononitrate de thiamine, suppl\u00e9ment de vitamine A, pantoth\u00e9nate de calcium, suppl\u00e9ment de riboflavine, biotine, suppl\u00e9ment de vitamine B12, chlorhydrate de pyridoxine, acide folique, suppl\u00e9ment de vitamine D3), chlorure de choline, taurine, min\u00e9raux (sulfate de fer, oxyde de zinc, cuivre) Sulfate, oxyde manganeux, iodate de calcium, s\u00e9l\u00e9nite de sodium, ar\u00f4mes naturels, L-tryptophane, tocoph\u00e9rols m\u00e9lang\u00e9s pour la fra\u00eecheur, L-carnitine, b\u00eata-carot\u00e8ne.<\/p>\n","protected":false},"excerpt":{"rendered":"<div class=\"conditionalBox box component section default-style even col-xs-12\">\n<div id=\"1096030739\" class=\"component-content\">\n<div class=\"paragraphSystem content\">\n<div class=\"productAwareRichText richText component section col-xs-12 productawarerichtext default-style initialized\">\n<div class=\"component-content\">\n<div class=\"richText-content\">\n<div class=\"conditionalBox box component section default-style odd col-xs-12\">\n<div id=\"384317279\" class=\"component-content\">\n<div class=\"paragraphSystem content\">\n<div class=\"productAwareRichText richText component section default-style first odd last col-xs-12 initialized\">\n<div class=\"component-content\">\n<div class=\"richText-content\">\n<p><span class=\"nowrap\">La nourriture s\u00e8che pour chiens Hill&rsquo;s Science Plan<\/span> Sensitive Stomach &amp; Skin Small &amp; Mini Breed avec poulet est un aliment complet pour chiens adultes de petite taille \u00e0 partir de 1 an.<\/p>\n<\/div>\n<\/div>\n<\/div>\n<\/div>\n<\/div>\n<\/div>\n<\/div>\n<\/div>\n<\/div>\n<\/div>\n<\/div>\n<\/div>\n","protected":false},"featured_media":12134,"template":"","meta":{"jetpack_publicize_message":"","jetpack_publicize_feature_enabled":true,"jetpack_social_post_already_shared":true,"jetpack_social_options":{"image_generator_settings":{"template":"highway","default_image_id":0,"font":"","enabled":false},"version":2}},"product_brand":[],"product_cat":[26],"product_tag":[],"class_list":{"0":"post-12133","1":"product","2":"type-product","3":"status-publish","4":"has-post-thumbnail","6":"product_cat-croquettes","8":"first","9":"outofstock","10":"sale","11":"taxable","12":"shipping-taxable","13":"purchasable","14":"product-type-simple"},"supplier_id":5603,"supplier_sku":"605266","barcode":null,"atum_controlled":true,"out_stock_date":"2026-03-12 16:03:42","out_stock_threshold":null,"inheritable":false,"inbound_stock":0,"stock_on_hold":0,"sold_today":0,"sales_last_days":0,"reserved_stock":0,"customer_returns":0,"warehouse_damage":0,"lost_in_post":0,"other_logs":0,"out_stock_days":62,"lost_sales":0,"has_location":false,"update_date":"2026-05-14T00:03:18","atum_locations":[],"atum_stock_status":"outofstock","restock_status":false,"low_stock_amount":1,"sales_update_date":"2026-05-14T00:03:18","calc_backorders":null,"jetpack_publicize_connections":[],"jetpack_sharing_enabled":true,"batches":[{"id":"460","date_created":"2024-09-30 19:44:36","date_expiry":"2025-05-01 00:00:00","user_id":"2461","batch_number":"HillsSeniorVitality052025","location":"","quantity":"1.0000","quantity_available":"0.0000","units":"1","status":"archived","order_ids":"[15665]","supplier":"Hill&#039;s","po":{"id":"444","date_created":"2024-09-30 19:44:36","batch_id":"460","po_number":"","supplier":"Hill&#039;s","cost":null,"regular_price":null,"sale_price":null,"price_margin":null,"price_discount":null}},{"id":"1287","date_created":"2024-12-19 17:23:09","date_expiry":"2025-05-12 00:00:00","user_id":"2461","batch_number":"HillsSeniorVitality0525","location":"","quantity":"1.0000","quantity_available":"1.0000","units":"1","status":"archived","order_ids":null,"supplier":"Hill&#039;s","po":{"id":"1260","date_created":"2024-12-19 17:23:11","batch_id":"1287","po_number":"","supplier":"Hill&#039;s","cost":null,"regular_price":null,"sale_price":null,"price_margin":null,"price_discount":null}},{"id":"4162","date_created":"2025-06-30 20:37:48","date_expiry":"2025-09-29 00:00:00","user_id":"2461","batch_number":"HillsSeniorVitality290925","location":"","quantity":"3.0000","quantity_available":"3.0000","units":"1","status":"archived","order_ids":null,"supplier":"Hill&#039;s","po":{"id":"4125","date_created":"2025-06-30 20:37:48","batch_id":"4162","po_number":"","supplier":"Hill&#039;s","cost":null,"regular_price":null,"sale_price":null,"price_margin":null,"price_discount":null}}],"_links":{"self":[{"href":"https:\/\/petworld.ma\/index.php\/wp-json\/wp\/v2\/product\/12133","targetHints":{"allow":["GET"]}}],"collection":[{"href":"https:\/\/petworld.ma\/index.php\/wp-json\/wp\/v2\/product"}],"about":[{"href":"https:\/\/petworld.ma\/index.php\/wp-json\/wp\/v2\/types\/product"}],"wp:featuredmedia":[{"embeddable":true,"href":"https:\/\/petworld.ma\/index.php\/wp-json\/wp\/v2\/media\/12134"}],"wp:attachment":[{"href":"https:\/\/petworld.ma\/index.php\/wp-json\/wp\/v2\/media?parent=12133"}],"wp:term":[{"taxonomy":"product_brand","embeddable":true,"href":"https:\/\/petworld.ma\/index.php\/wp-json\/wp\/v2\/product_brand?post=12133"},{"taxonomy":"product_cat","embeddable":true,"href":"https:\/\/petworld.ma\/index.php\/wp-json\/wp\/v2\/product_cat?post=12133"},{"taxonomy":"product_tag","embeddable":true,"href":"https:\/\/petworld.ma\/index.php\/wp-json\/wp\/v2\/product_tag?post=12133"}],"curies":[{"name":"wp","href":"https:\/\/api.w.org\/{rel}","templated":true}]}}