{"id":1227,"date":"2023-01-11T17:51:48","date_gmt":"2023-01-11T17:51:48","guid":{"rendered":"https:\/\/petworld.ma\/?post_type=product&#038;p=1227"},"modified":"2026-04-30T16:56:49","modified_gmt":"2026-04-30T16:56:49","slug":"ownat-classic-daily-care-pour-chat-adulte-15kg","status":"publish","type":"product","link":"https:\/\/petworld.ma\/index.php\/produit\/ownat-classic-daily-care-pour-chat-adulte-15kg\/","title":{"rendered":"Ownat Classic Daily Care pour chat adulte (1.5kg | 4kg | 15kg)"},"content":{"rendered":"<div id=\"DESCR_TINY-bloc-1\" class=\"stylusBloc stylusBloc--text\">\n<div class=\"stylusBloc__content\">\n<p>Ces croquettes ont \u00e9t\u00e9 \u00e9labor\u00e9es avec de la viande fra\u00eeche de poulet. C&rsquo;est un aliment complet et \u00e9quilibr\u00e9 d&rsquo;excellente saveur gr\u00e2ce \u00e0 la viande fra\u00eeche. Con\u00e7u pour r\u00e9pondre \u00e0 tous les besoins nutritionnels de tous les chats adultes ayant un niveau d&rsquo;activit\u00e9 normal.<\/p>\n<\/div>\n<\/div>\n<div id=\"DESCR_TINY-bloc-2\" class=\"stylusBloc stylusBloc--text stylusBloc--autogen\">\n<div class=\"stylusBloc__content\">\n<div class=\"zms-title-div\">\n<div class=\"zms-title\" data-size=\"t1\">Allie viandes fra\u00eeches et ingr\u00e9dients naturels<\/div>\n<\/div>\n<div class=\"zms-title-div\">\n<div class=\"zms-title\" data-size=\"t3\">r\u00e9pond aux\u00a0besoins nutritionnels de tous les chats<\/div>\n<\/div>\n<p>Les<strong>\u00a0croquettes pour chat\u00a0OWNAT Classic Daily Care\u00a0<\/strong>sont appropri\u00e9es pour la nutrition quotidienne des chats adultes de toutes races. Riches en prot\u00e9ines, elles conviendront autant pour combler les besoins nutritionnels des chats d&rsquo;int\u00e9rieur que ceux des chats d&rsquo;ext\u00e9rieur.<br \/>\nPar le biais de cette nourriture, vous offrez \u00e0 votre chat ce qu&rsquo;il y a de meilleur pour assurer sa bonne sant\u00e9 gr\u00e2ce \u00e0 des ingr\u00e9dients frais et de qualit\u00e9 : viande de poulet fra\u00eeche, c\u00e9r\u00e9ales compl\u00e8tes, levure de bi\u00e8re&#8230;<\/p>\n<\/div>\n<\/div>\n<div id=\"DESCR_TINY-bloc-3\" class=\"stylusBloc stylusBloc--text\">\n<div class=\"stylusBloc__content\">\n<div class=\"zms-title-div\">\n<div class=\"zms-title\" data-size=\"t1\">Caract\u00e9ristiques<\/div>\n<\/div>\n<div class=\"zms-title-div\">\n<div class=\"zms-title\" data-size=\"t3\">OWNAT Classic Daily Care pour chat adulte<\/div>\n<\/div>\n<p>&#8211; Alimentation pour chat adulte ;<br \/>\n&#8211; aliment complet et \u00e9quilibr\u00e9 ;<br \/>\n&#8211; 36% de poulet ;<br \/>\n&#8211; anciennement MAXIMA Adult Poulet.<\/p>\n<p><b>Conseils d\u2019utilisation :\u00a0<\/b>Les quantit\u00e9s indiqu\u00e9es sont les rations journali\u00e8res recommand\u00e9es. Conserver dans un endroit frais et sec. Toujours laisser de l\u2019eau propre et fra\u00eeche \u00e0 la port\u00e9e du chat. DLUO : 18 mois.<\/p>\n<div class=\"zm-title\">TABLEAU DES RATIONS<\/div>\n<table class=\"table table-bordered table-striped\">\n<thead>\n<tr>\n<th colspan=\"20\">\u00c2ge : Adulte<\/th>\n<\/tr>\n<\/thead>\n<tbody>\n<tr class=\"hidden-xs\">\n<td class=\"text-center\">1-3 kg<\/td>\n<td class=\"text-center\">3-4 kg<\/td>\n<td class=\"text-center\">4-5 kg<\/td>\n<\/tr>\n<tr>\n<td class=\"text-center\" data-label=\"Poids : 1-3 kg\">30-50 gr\/j<\/td>\n<td class=\"text-center\" data-label=\"Poids : 3-4 kg\">50-70 gr\/j<\/td>\n<td class=\"text-center\" data-label=\"Poids : 4-5 kg\">70-90 gr\/j<\/td>\n<\/tr>\n<\/tbody>\n<\/table>\n<\/div>\n<\/div>\n","protected":false},"excerpt":{"rendered":"<p>Croquettes pour chat adulte au poulet \u2022 Riches en poulet frais \u2022 &#8211; aliment complet et \u00e9quilibr\u00e9 \u2022 36% de poulet<\/p>\n","protected":false},"featured_media":1228,"template":"","meta":{"jetpack_publicize_message":"","jetpack_publicize_feature_enabled":true,"jetpack_social_post_already_shared":false,"jetpack_social_options":{"image_generator_settings":{"template":"highway","default_image_id":0,"font":"","enabled":false},"version":2}},"product_brand":[],"product_cat":[40],"product_tag":[],"class_list":{"0":"post-1227","1":"product","2":"type-product","3":"status-publish","4":"has-post-thumbnail","6":"product_cat-coquettes-pour-chat","8":"first","9":"instock","10":"taxable","11":"shipping-taxable","12":"purchasable","13":"product-type-variable"},"supplier_id":null,"supplier_sku":"","barcode":null,"atum_controlled":true,"out_stock_date":null,"out_stock_threshold":null,"inheritable":true,"inbound_stock":0,"stock_on_hold":4,"sold_today":0,"sales_last_days":17,"reserved_stock":0,"customer_returns":0,"warehouse_damage":0,"lost_in_post":0,"other_logs":0,"out_stock_days":0,"lost_sales":0,"has_location":false,"update_date":"2026-05-03T00:16:46","atum_locations":[],"atum_stock_status":"instock","restock_status":false,"low_stock_amount":"","sales_update_date":"2026-04-30T15:02:23","calc_backorders":null,"jetpack_publicize_connections":[],"jetpack_sharing_enabled":true,"batches":[],"_links":{"self":[{"href":"https:\/\/petworld.ma\/index.php\/wp-json\/wp\/v2\/product\/1227","targetHints":{"allow":["GET"]}}],"collection":[{"href":"https:\/\/petworld.ma\/index.php\/wp-json\/wp\/v2\/product"}],"about":[{"href":"https:\/\/petworld.ma\/index.php\/wp-json\/wp\/v2\/types\/product"}],"wp:featuredmedia":[{"embeddable":true,"href":"https:\/\/petworld.ma\/index.php\/wp-json\/wp\/v2\/media\/1228"}],"wp:attachment":[{"href":"https:\/\/petworld.ma\/index.php\/wp-json\/wp\/v2\/media?parent=1227"}],"wp:term":[{"taxonomy":"product_brand","embeddable":true,"href":"https:\/\/petworld.ma\/index.php\/wp-json\/wp\/v2\/product_brand?post=1227"},{"taxonomy":"product_cat","embeddable":true,"href":"https:\/\/petworld.ma\/index.php\/wp-json\/wp\/v2\/product_cat?post=1227"},{"taxonomy":"product_tag","embeddable":true,"href":"https:\/\/petworld.ma\/index.php\/wp-json\/wp\/v2\/product_tag?post=1227"}],"curies":[{"name":"wp","href":"https:\/\/api.w.org\/{rel}","templated":true}]}}