{"id":12275,"date":"2024-10-04T15:03:50","date_gmt":"2024-10-04T15:03:50","guid":{"rendered":"https:\/\/petworld.ma\/?post_type=product&#038;p=12275"},"modified":"2026-05-13T20:17:59","modified_gmt":"2026-05-13T20:17:59","slug":"hills-science-plan-adult-humide-pour-chiens-en-boite-boeuf-370g","status":"publish","type":"product","link":"https:\/\/petworld.ma\/index.php\/produit\/hills-science-plan-adult-humide-pour-chiens-en-boite-boeuf-370g\/","title":{"rendered":"Hill\u2019s Science Plan Adult Humide pour Chiens en bo\u00eete Boeuf (370g)"},"content":{"rendered":"<div class=\"productAwareRichText richText component section default-style even col-xs-12 initialized\">\n<div class=\"component-content\">\n<div class=\"richText-content\">\n<p>Votre chien va adorer le go\u00fbt d\u00e9licieux de cette p\u00e2t\u00e9e\u00a0<span class=\"nowrap\">HILL&rsquo;S SCIENCE PLAN<\/span>\u00a0au boeuf et l&rsquo;orge, avec sa texture douce et fondante. Il pr\u00e9sente le parfait \u00e9quilibre entre le go\u00fbt et la nutrition. Parfaitement \u00e9quilibr\u00e9 pour apporter aux chiens adultes \u00e2g\u00e9s de 1 \u00e0 6 ans l&rsquo;\u00e9nergie dont ils ont besoin pour maintenir un poids id\u00e9al.<\/p>\n<\/div>\n<\/div>\n<\/div>\n<div class=\"conditionalBox box component section pdp-2019-only-pd even col-xs-12\"><strong>Informations compl\u00e9mentaires :<\/strong><\/div>\n<div class=\"conditionalBox box component section pdp-2019-only-pd odd col-xs-12\">\n<div id=\"0412457811\" class=\"component-content\">\n<div class=\"paragraphSystem content\">\n<div class=\"productAwareRichText richText component section col-xs-12 productawarerichtext default-style initialized\">\n<div class=\"component-content\">\n<div class=\"richText-content\">\n<p>Une alimentation savoureuse pour une vie longue et heureuse. Personne ne peut vous accueillir comme votre chien, avec ses nombreux signes d&rsquo;affections. Parce que chaque moment que vous passez ensemble est sp\u00e9cial, nous nous effor\u00e7ons de vous en donner plus encore. Avec des ingr\u00e9dients complets et les bons nutriments,\u00a0<span class=\"nowrap\">HILL&rsquo;S SCIENCE PLAN<\/span>\u00a0est pr\u00e9cis\u00e9ment formul\u00e9 pour offrir \u00e0 votre chien la nutrition dont il a besoin pour une longue vie heureuse et en bonne sant\u00e9. Nous fabriquons nos aliments pour animaux de compagnie avec des ingr\u00e9dients de la plus haute qualit\u00e9. Ces ingr\u00e9dients doivent r\u00e9pondre \u00e0 nos exigences les plus strictes en mati\u00e8re de puret\u00e9 et de teneur en \u00e9l\u00e9ments nutritifs, qui d\u00e9passent les normes de l&rsquo;industrie.. Vous pouvez contribuer \u00e0 am\u00e9liorer la vie des animaux de compagnie des refuges. Avec chaque achat de HILL\u2019S\u00a0<span class=\"nowrap\">SCIENCE PLAN<\/span>, vous aidez \u00e0 nourrir plus de 100 000 animaux chaque jour, 365 jours par an. En savoir plus sur hillsfoodshelterlove.com..<\/p>\n<\/div>\n<\/div>\n<\/div>\n<\/div>\n<\/div>\n<\/div>\n<div class=\"box component section pdp-2019-only-pd even col-xs-12\">\n<div id=\"648710132\" class=\"component-content\">\n<div class=\"paragraphSystem content\">\n<div class=\"productAwareRichText richText component section default-style first odd last col-xs-12 initialized\">\n<div class=\"component-content\">\n<div class=\"richText-content\">\n<p>Les aliments <span class=\"nowrap\">SCIENCE PLAN<\/span> sont disponibles dans une vari\u00e9t\u00e9 de croquettes et de friandises r\u00e9pondant aux besoins uniques de votre chien, ainsi qu&rsquo;en aliments humides aux saveurs d\u00e9licieuses et vari\u00e9es, que votre chien va adorer.<\/p>\n<p><strong>COMPOSITION<\/strong> : Viandes et sous-produits animaux (b\u0153uf 9%), c\u00e9r\u00e9ales, huiles et graisses, substances min\u00e9rales, sous-produits d\u2019origine v\u00e9g\u00e9tale.<\/p>\n<div class=\"productAwareRichText richText component section default-style even col-xs-12 col-lg-12 col-lg-offset-0 initialized\">\n<div class=\"component-content\">\n<div class=\"richText-content\">\n<p><strong>CONSTITUANTS ANALYTIQUES<\/strong> : Prot\u00e9ines 5,8%, Teneur en mati\u00e8res grasses 3,0%, Cellulose brute 0,45%, Cendres brutes 1,3%, Humidit\u00e9 77,0%, par kg : Vitamine A 18 418UI, Vitamine D3 204UI.<\/p>\n<\/div>\n<\/div>\n<\/div>\n<div class=\"productAwareRichText richText component section default-style odd last col-xs-12 col-lg-12 col-lg-offset-0 initialized\">\n<div class=\"component-content\">\n<div class=\"richText-content\">\n<p><strong>ADDITIFS PAR KG<\/strong> : Additifs nutritionnels : 3b103 (Fer) 10,0mg, 3b202 (Iode) 0,3mg, 3b405 (Cuivre) 1,7mg, 3b502 (Mangan\u00e8se) 2,2mg, 3b603 (Zinc) 25,8mg.<\/p>\n<\/div>\n<\/div>\n<\/div>\n<\/div>\n<\/div>\n<\/div>\n<\/div>\n<\/div>\n<\/div>\n","protected":false},"excerpt":{"rendered":"<p class=\"pagetitle\">Nourriture humide en p\u00e2t\u00e9e pour chien adulte au poulet, avec une texture douce et lisse. Il a le parfait \u00e9quilibre entre go\u00fbt et nutrition pour votre chien. Pr\u00e9cis\u00e9ment \u00e9quilibr\u00e9 pour fournir la quantit\u00e9 d\u2019\u00e9nergie appropri\u00e9e pour soutenir le poids corporel id\u00e9al chez les chiens adultes \u00e2g\u00e9s de 1 \u00e0 6 ans.<\/p>\n","protected":false},"featured_media":12278,"template":"","meta":{"jetpack_publicize_message":"","jetpack_publicize_feature_enabled":true,"jetpack_social_post_already_shared":true,"jetpack_social_options":{"image_generator_settings":{"template":"highway","default_image_id":0,"font":"","enabled":false},"version":2}},"product_brand":[],"product_cat":[26,39],"product_tag":[],"class_list":{"0":"post-12275","1":"product","2":"type-product","3":"status-publish","4":"has-post-thumbnail","6":"product_cat-croquettes","7":"product_cat-friandises-et-pates-pour-chien","9":"first","10":"outofstock","11":"taxable","12":"shipping-taxable","13":"purchasable","14":"product-type-simple"},"supplier_id":5603,"supplier_sku":"607096","barcode":null,"atum_controlled":true,"out_stock_date":"2026-05-13 20:17:59","out_stock_threshold":null,"inheritable":false,"inbound_stock":0,"stock_on_hold":6,"sold_today":0,"sales_last_days":6,"reserved_stock":0,"customer_returns":0,"warehouse_damage":0,"lost_in_post":0,"other_logs":0,"out_stock_days":0,"lost_sales":0,"has_location":false,"update_date":"2026-05-14T11:48:20","atum_locations":[],"atum_stock_status":"outofstock","restock_status":false,"low_stock_amount":6,"sales_update_date":"2026-05-14T11:48:19","calc_backorders":null,"jetpack_publicize_connections":[],"jetpack_sharing_enabled":true,"batches":[{"id":"530","date_created":"2024-10-05 19:00:14","date_expiry":"2026-03-31 00:00:00","user_id":"2760","batch_number":"HillsPateBoeuf370g310326","location":"","quantity":"6.0000","quantity_available":"0.0000","units":"1","status":"archived","order_ids":"[14416,19109,22553,23202,32974]","supplier":"Hill&#039;s","po":{"id":"513","date_created":"2024-10-05 19:00:15","batch_id":"530","po_number":"","supplier":"Hill&#039;s","cost":null,"regular_price":null,"sale_price":null,"price_margin":null,"price_discount":null}},{"id":"924","date_created":"2024-11-22 18:28:03","date_expiry":"2026-06-21 00:00:00","user_id":"2760","batch_number":"HillsPateBoeuf370g210626","location":"","quantity":"11.0000","quantity_available":"0.0000","units":"1","status":"archived","order_ids":"[32974,35789,36513,36977,37049]","supplier":"Hill&#039;s","po":{"id":"901","date_created":"2024-11-22 18:28:03","batch_id":"924","po_number":"","supplier":"Hill&#039;s","cost":null,"regular_price":null,"sale_price":null,"price_margin":null,"price_discount":null}},{"id":"8569","date_created":"2026-03-27 13:03:32","date_expiry":"2027-07-05 00:00:00","user_id":"2760","batch_number":"HillsPateBoeuf370g050727","location":"","quantity":"6.0000","quantity_available":"0.0000","units":"1","status":"archived","order_ids":"[41891]","supplier":"HILLS","po":{"id":"8497","date_created":"2026-03-27 13:03:33","batch_id":"8569","po_number":"","supplier":"HILLS","cost":null,"regular_price":null,"sale_price":null,"price_margin":null,"price_discount":null}}],"_links":{"self":[{"href":"https:\/\/petworld.ma\/index.php\/wp-json\/wp\/v2\/product\/12275","targetHints":{"allow":["GET"]}}],"collection":[{"href":"https:\/\/petworld.ma\/index.php\/wp-json\/wp\/v2\/product"}],"about":[{"href":"https:\/\/petworld.ma\/index.php\/wp-json\/wp\/v2\/types\/product"}],"wp:featuredmedia":[{"embeddable":true,"href":"https:\/\/petworld.ma\/index.php\/wp-json\/wp\/v2\/media\/12278"}],"wp:attachment":[{"href":"https:\/\/petworld.ma\/index.php\/wp-json\/wp\/v2\/media?parent=12275"}],"wp:term":[{"taxonomy":"product_brand","embeddable":true,"href":"https:\/\/petworld.ma\/index.php\/wp-json\/wp\/v2\/product_brand?post=12275"},{"taxonomy":"product_cat","embeddable":true,"href":"https:\/\/petworld.ma\/index.php\/wp-json\/wp\/v2\/product_cat?post=12275"},{"taxonomy":"product_tag","embeddable":true,"href":"https:\/\/petworld.ma\/index.php\/wp-json\/wp\/v2\/product_tag?post=12275"}],"curies":[{"name":"wp","href":"https:\/\/api.w.org\/{rel}","templated":true}]}}