{"id":1230,"date":"2023-01-11T18:20:02","date_gmt":"2023-01-11T18:20:02","guid":{"rendered":"https:\/\/petworld.ma\/?post_type=product&#038;p=1230"},"modified":"2026-04-27T16:32:38","modified_gmt":"2026-04-27T16:32:38","slug":"ownat-classic-hairball-anti-boules-de-poils-pour-chat-adulte-4kg","status":"publish","type":"product","link":"https:\/\/petworld.ma\/index.php\/produit\/ownat-classic-hairball-anti-boules-de-poils-pour-chat-adulte-4kg\/","title":{"rendered":"Ownat Classic Hairball anti-boules de poils pour chat adulte 4kg"},"content":{"rendered":"<div id=\"DESCR_TINY-bloc-1\" class=\"stylusBloc stylusBloc--text\">\n<div class=\"stylusBloc__content\">\n<p>Les croquettes pour chat anti-boules de poils OWNAT Classic Hairball sont adapt\u00e9es aux chats particuli\u00e8rement sujets aux boules de poils. Formul\u00e9es avec des extraits de malts et de fibres v\u00e9g\u00e9tales, elles limitent la perte de poils et favorisent l&rsquo;\u00e9vacuation naturelle des poils ing\u00e9r\u00e9s, pr\u00e9venant ainsi la formation de boules de poils dans l&rsquo;estomac du f\u00e9lin.<\/p>\n<\/div>\n<\/div>\n<div id=\"DESCR_TINY-bloc-2\" class=\"stylusBloc stylusBloc--text stylusBloc--autogen\">\n<div class=\"stylusBloc__content\">\n<div class=\"zms-title-div\">\n<div class=\"zms-title\" data-size=\"t1\">Am\u00e9liore la tenue du poils<\/div>\n<\/div>\n<div class=\"zms-title-div\">\n<div class=\"zms-title\" data-size=\"t3\">\u00e9limine ceux aval\u00e9s par le chat<\/div>\n<\/div>\n<p>Il s&rsquo;agit d&rsquo;une r\u00e9f\u00e9rence id\u00e9ale pour les chats aux poils longs ainsi que pour les chats\u00a0adulte d&rsquo;int\u00e9rieurs qui passent beaucoup de temps \u00e0 faire leur toilette et dont le transit intestinal est peu stimul\u00e9 \u00e0 cause de leur activit\u00e9 physique r\u00e9duite.<br \/>\nEn nourrissant quotidiennement votre animal avec les croquettes Ownat, vous avez la certitude de lui proposer une alimentation saine et de qualit\u00e9 compos\u00e9e d&rsquo;ingr\u00e9dients frais et naturels : poulet frais, c\u00e9r\u00e9ales compl\u00e8tes ou encore fruits et l\u00e9gumes.<\/p>\n<\/div>\n<\/div>\n<div id=\"DESCR_TINY-bloc-3\" class=\"stylusBloc stylusBloc--text\">\n<div class=\"stylusBloc__content\">\n<div class=\"zms-title-div\">\n<div class=\"zms-title\" data-size=\"t1\">Caract\u00e9ristiques<\/div>\n<\/div>\n<div class=\"zms-title-div\">\n<div class=\"zms-title\" data-size=\"t3\">OWNAT Classic Hairball anti-boules de poils pour chat adulte<\/div>\n<\/div>\n<p>&#8211; Alimentation pour chat adulte ;<br \/>\n&#8211; aliment complet et \u00e9quilibr\u00e9 ;<br \/>\n&#8211; 37% de viande de poulet ;<br \/>\n&#8211; enrichies en fibres v\u00e9g\u00e9tales et en extrait de malt ;<br \/>\n&#8211; remplacent OPTIMA Hairball.<\/p>\n<p><b>Conseils d\u2019utilisation :\u00a0<\/b>Les quantit\u00e9s indiqu\u00e9es sont les rations journali\u00e8res recommand\u00e9es. Conserver dans un endroit frais et sec. Toujours laisser de l\u2019eau propre et fra\u00eeche \u00e0 la port\u00e9e du chat. DLUO : 18 mois.<\/p>\n<\/div>\n<\/div>\n","protected":false},"excerpt":{"rendered":"<p>Croquettes pour chat adulte \u2022 Anti-boules de poils \u2022 Limite la formation de boules de poils et favorisent leur \u00e9limination \u2022 Id\u00e9ales pelage longs et chat d&rsquo;int\u00e9rieur<\/p>\n","protected":false},"featured_media":1231,"template":"","meta":{"jetpack_publicize_message":"","jetpack_publicize_feature_enabled":true,"jetpack_social_post_already_shared":false,"jetpack_social_options":{"image_generator_settings":{"template":"highway","default_image_id":0,"font":"","enabled":false},"version":2}},"product_brand":[],"product_cat":[40],"product_tag":[],"class_list":{"0":"post-1230","1":"product","2":"type-product","3":"status-publish","4":"has-post-thumbnail","6":"product_cat-coquettes-pour-chat","8":"first","9":"instock","10":"taxable","11":"shipping-taxable","12":"purchasable","13":"product-type-simple"},"supplier_id":5595,"supplier_sku":"79","barcode":null,"atum_controlled":true,"out_stock_date":null,"out_stock_threshold":null,"inheritable":false,"inbound_stock":0,"stock_on_hold":1,"sold_today":1,"sales_last_days":3,"reserved_stock":0,"customer_returns":0,"warehouse_damage":0,"lost_in_post":0,"other_logs":0,"out_stock_days":0,"lost_sales":0,"has_location":false,"update_date":"2026-04-27T17:13:27","atum_locations":[],"atum_stock_status":"instock","restock_status":false,"low_stock_amount":8,"sales_update_date":"2026-04-27T17:13:27","calc_backorders":0,"jetpack_publicize_connections":[],"jetpack_sharing_enabled":true,"batches":[{"id":"74","date_created":"2024-09-13 19:07:40","date_expiry":"2025-09-30 00:00:00","user_id":"2760","batch_number":"OwnatHairball4Kg0925","location":"","quantity":"4.0000","quantity_available":"0.0000","units":"1","status":"archived","order_ids":"[12693,13706,13733,13809]","supplier":"Ownat","po":{"id":"71","date_created":"2024-09-13 19:07:41","batch_id":"74","po_number":"","supplier":"Ownat","cost":null,"regular_price":null,"sale_price":null,"price_margin":null,"price_discount":null}},{"id":"691","date_created":"2024-10-24 10:48:33","date_expiry":"2026-01-31 00:00:00","user_id":"2760","batch_number":"OwnatHairball4Kg0126","location":"","quantity":"3.0000","quantity_available":"0.0000","units":"1","status":"archived","order_ids":"[14697,14803,14806]","supplier":"Ownat","po":{"id":"672","date_created":"2024-10-24 10:48:33","batch_id":"691","po_number":"","supplier":"Ownat","cost":null,"regular_price":null,"sale_price":null,"price_margin":null,"price_discount":null}},{"id":"758","date_created":"2024-11-08 19:48:30","date_expiry":"2025-12-31 00:00:00","user_id":"2760","batch_number":"OwnatHairball4Kg1225","location":"","quantity":"1.0000","quantity_available":"0.0000","units":"1","status":"archived","order_ids":"[14216,14412]","supplier":"Ownat","po":{"id":"735","date_created":"2024-11-08 19:48:31","batch_id":"758","po_number":"","supplier":"Ownat","cost":null,"regular_price":null,"sale_price":null,"price_margin":null,"price_discount":null}},{"id":"931","date_created":"2024-11-24 11:13:00","date_expiry":"2025-12-31 00:00:00","user_id":"2760","batch_number":"OwnatHairball4Kg311225","location":"","quantity":"1.0000","quantity_available":"0.0000","units":"1","status":"archived","order_ids":"[14746]","supplier":"Ownat","po":{"id":"908","date_created":"2024-11-24 11:13:00","batch_id":"931","po_number":"","supplier":"Ownat","cost":null,"regular_price":null,"sale_price":null,"price_margin":null,"price_discount":null}},{"id":"975","date_created":"2024-11-29 11:57:20","date_expiry":"2026-03-31 00:00:00","user_id":"2760","batch_number":"OwnatHairball4Kg0326","location":"","quantity":"4.0000","quantity_available":"0.0000","units":"1","status":"archived","order_ids":"[16613,17327,18633,18638,18679,18910]","supplier":"Ownat","po":{"id":"953","date_created":"2024-11-29 11:57:20","batch_id":"975","po_number":"","supplier":"Ownat","cost":null,"regular_price":null,"sale_price":null,"price_margin":null,"price_discount":null}},{"id":"1641","date_created":"2025-01-16 18:41:59","date_expiry":"2026-03-31 00:00:00","user_id":"2760","batch_number":"OwnatHairball4Kg0326","location":"","quantity":"1.0000","quantity_available":"0.0000","units":"1","status":"archived","order_ids":"[17204]","supplier":"Ownat","po":{"id":"1615","date_created":"2025-01-16 18:42:02","batch_id":"1641","po_number":"","supplier":"Ownat","cost":null,"regular_price":null,"sale_price":null,"price_margin":null,"price_discount":null}},{"id":"1852","date_created":"2025-02-03 22:42:39","date_expiry":"2026-03-31 00:00:00","user_id":"2760","batch_number":"OwnatHairball4Kg0326","location":"","quantity":"0.0000","quantity_available":"0.0000","units":"1","status":"archived","order_ids":null,"supplier":"Ownat","po":{"id":"1826","date_created":"2025-02-03 22:42:41","batch_id":"1852","po_number":"","supplier":"Ownat","cost":null,"regular_price":null,"sale_price":null,"price_margin":null,"price_discount":null}},{"id":"1908","date_created":"2025-02-10 20:54:25","date_expiry":"2026-01-01 00:00:00","user_id":"2760","batch_number":"OwnatHairball4Kg0326","location":"","quantity":"2.0000","quantity_available":"0.0000","units":"1","status":"archived","order_ids":"[18330,18398]","supplier":"Ownat","po":{"id":"1880","date_created":"2025-02-10 20:54:29","batch_id":"1908","po_number":"","supplier":"Ownat","cost":null,"regular_price":null,"sale_price":null,"price_margin":null,"price_discount":null}},{"id":"2301","date_created":"2025-03-08 01:09:22","date_expiry":"2026-03-31 00:00:00","user_id":"2760","batch_number":"OwnatHairball4Kg0326","location":"","quantity":"2.0000","quantity_available":"0.0000","units":"1","status":"archived","order_ids":"[19602,19683]","supplier":"Ownat","po":{"id":"2270","date_created":"2025-03-08 01:09:24","batch_id":"2301","po_number":"","supplier":"Ownat","cost":null,"regular_price":null,"sale_price":null,"price_margin":null,"price_discount":null}},{"id":"2352","date_created":"2025-03-13 22:34:19","date_expiry":"2026-03-31 00:00:00","user_id":"2760","batch_number":"OwnatHairball4Kg0326","location":"","quantity":"2.0000","quantity_available":"0.0000","units":"1","status":"archived","order_ids":"[20293,20766]","supplier":"Ownat","po":{"id":"2320","date_created":"2025-03-13 22:34:23","batch_id":"2352","po_number":"","supplier":"Ownat","cost":null,"regular_price":null,"sale_price":null,"price_margin":null,"price_discount":null}},{"id":"2685","date_created":"2025-04-04 22:10:04","date_expiry":"2026-04-30 00:00:00","user_id":"2760","batch_number":"OwnatHairball4Kg0426","location":"","quantity":"2.0000","quantity_available":"0.0000","units":"1","status":"archived","order_ids":"[21213,22120]","supplier":"Ownat","po":{"id":"2654","date_created":"2025-04-04 22:10:11","batch_id":"2685","po_number":"","supplier":"Ownat","cost":null,"regular_price":null,"sale_price":null,"price_margin":null,"price_discount":null}},{"id":"2974","date_created":"2025-04-11 20:40:41","date_expiry":"2026-03-30 00:00:00","user_id":"2760","batch_number":"OwnatHairball4Kg0326","location":"","quantity":"1.0000","quantity_available":"0.0000","units":"1","status":"archived","order_ids":"[20529]","supplier":"Ownat","po":{"id":"2942","date_created":"2025-04-11 20:40:50","batch_id":"2974","po_number":"","supplier":"Ownat","cost":null,"regular_price":null,"sale_price":null,"price_margin":null,"price_discount":null}},{"id":"3093","date_created":"2025-04-21 20:41:20","date_expiry":"2026-04-30 00:00:00","user_id":"2760","batch_number":"OwnatHairball4Kg0426","location":"","quantity":"1.0000","quantity_available":"0.0000","units":"1","status":"archived","order_ids":"[21110]","supplier":"Ownat","po":{"id":"3060","date_created":"2025-04-21 20:41:21","batch_id":"3093","po_number":"","supplier":"Ownat","cost":null,"regular_price":null,"sale_price":null,"price_margin":null,"price_discount":null}},{"id":"3163","date_created":"2025-04-24 21:46:41","date_expiry":"2026-06-30 00:00:00","user_id":"2760","batch_number":"OwnatHairball4Kg0626","location":"","quantity":"1.0000","quantity_available":"0.0000","units":"1","status":"archived","order_ids":"[22313]","supplier":"Ownat","po":{"id":"3131","date_created":"2025-04-24 21:46:42","batch_id":"3163","po_number":"","supplier":"Ownat","cost":null,"regular_price":null,"sale_price":null,"price_margin":null,"price_discount":null}},{"id":"3339","date_created":"2025-05-08 00:28:13","date_expiry":"2026-06-30 00:00:00","user_id":"2760","batch_number":"OwnatHairball4Kg0626","location":"","quantity":"2.0000","quantity_available":"0.0000","units":"1","status":"archived","order_ids":"[22444,22473]","supplier":"Ownat","po":{"id":"3306","date_created":"2025-05-08 00:28:14","batch_id":"3339","po_number":"","supplier":"Ownat","cost":null,"regular_price":null,"sale_price":null,"price_margin":null,"price_discount":null}},{"id":"3763","date_created":"2025-06-03 20:22:44","date_expiry":"2026-06-30 00:00:00","user_id":"2760","batch_number":"OwnatHairball4Kg0626","location":"","quantity":"2.0000","quantity_available":"0.0000","units":"1","status":"archived","order_ids":"[23299,23342]","supplier":"Ownat","po":{"id":"3728","date_created":"2025-06-03 20:22:44","batch_id":"3763","po_number":"","supplier":"Ownat","cost":null,"regular_price":null,"sale_price":null,"price_margin":null,"price_discount":null}},{"id":"3899","date_created":"2025-06-05 18:57:59","date_expiry":"2026-06-30 00:00:00","user_id":"2760","batch_number":"OwnatHairball4Kg0626","location":"","quantity":"4.0000","quantity_available":"0.0000","units":"1","status":"archived","order_ids":"[23675,23753,24080,24467]","supplier":"Ownat","po":{"id":"3863","date_created":"2025-06-05 18:58:00","batch_id":"3899","po_number":"","supplier":"Ownat","cost":null,"regular_price":null,"sale_price":null,"price_margin":null,"price_discount":null}},{"id":"4175","date_created":"2025-06-30 21:05:23","date_expiry":"2026-06-30 00:00:00","user_id":"2760","batch_number":"OwnatHairball4Kg0626","location":"","quantity":"2.0000","quantity_available":"0.0000","units":"1","status":"archived","order_ids":"[25386,25428]","supplier":"Ownat","po":{"id":"4138","date_created":"2025-06-30 21:05:24","batch_id":"4175","po_number":"","supplier":"Ownat","cost":null,"regular_price":null,"sale_price":null,"price_margin":null,"price_discount":null}},{"id":"4364","date_created":"2025-07-14 20:24:08","date_expiry":"2026-06-30 00:00:00","user_id":"2760","batch_number":"OwnatHairball4Kg0626","location":"","quantity":"1.0000","quantity_available":"0.0000","units":"1","status":"archived","order_ids":"[24634]","supplier":"Ownat","po":{"id":"4328","date_created":"2025-07-14 20:24:08","batch_id":"4364","po_number":"","supplier":"Ownat","cost":null,"regular_price":null,"sale_price":null,"price_margin":null,"price_discount":null}},{"id":"4492","date_created":"2025-07-16 18:34:44","date_expiry":"2026-06-30 00:00:00","user_id":"2760","batch_number":"OwnatHairball4Kg0626","location":"","quantity":"1.0000","quantity_available":"0.0000","units":"1","status":"archived","order_ids":"[25248]","supplier":"Ownat","po":{"id":"4456","date_created":"2025-07-16 18:34:44","batch_id":"4492","po_number":"","supplier":"Ownat","cost":null,"regular_price":null,"sale_price":null,"price_margin":null,"price_discount":null}},{"id":"4546","date_created":"2025-07-21 20:50:01","date_expiry":"2026-06-30 00:00:00","user_id":"2760","batch_number":"OwnatHairball4Kg0626","location":"","quantity":"1.0000","quantity_available":"0.0000","units":"1","status":"archived","order_ids":"[25339]","supplier":"Ownat","po":{"id":"4510","date_created":"2025-07-21 20:50:02","batch_id":"4546","po_number":"","supplier":"Ownat","cost":null,"regular_price":null,"sale_price":null,"price_margin":null,"price_discount":null}},{"id":"4791","date_created":"2025-08-08 16:41:17","date_expiry":"2026-06-30 00:00:00","user_id":"2760","batch_number":"OwnatHairball4Kg0626","location":"","quantity":"4.0000","quantity_available":"0.0000","units":"1","status":"archived","order_ids":"[26041,26081,26095,26104]","supplier":"Ownat","po":{"id":"4755","date_created":"2025-08-08 16:41:17","batch_id":"4791","po_number":"","supplier":"Ownat","cost":null,"regular_price":null,"sale_price":null,"price_margin":null,"price_discount":null}},{"id":"4980","date_created":"2025-08-22 17:24:32","date_expiry":"2026-10-30 00:00:00","user_id":"2760","batch_number":"OwnatHairball4Kg1026","location":"","quantity":"2.0000","quantity_available":"0.0000","units":"1","status":"archived","order_ids":"[26312,26470]","supplier":"Ownat","po":{"id":"4944","date_created":"2025-08-22 17:24:33","batch_id":"4980","po_number":"","supplier":"Ownat","cost":null,"regular_price":null,"sale_price":null,"price_margin":null,"price_discount":null}},{"id":"5022","date_created":"2025-08-29 11:44:53","date_expiry":"2026-10-30 00:00:00","user_id":"2760","batch_number":"OwnatHairball4Kg1026","location":"","quantity":"4.0000","quantity_available":"0.0000","units":"1","status":"archived","order_ids":"[26499,26556,26858,27701]","supplier":"Ownat","po":{"id":"4986","date_created":"2025-08-29 11:44:54","batch_id":"5022","po_number":"","supplier":"Ownat","cost":null,"regular_price":null,"sale_price":null,"price_margin":null,"price_discount":null}},{"id":"5217","date_created":"2025-09-08 15:29:04","date_expiry":"2026-10-30 00:00:00","user_id":"2760","batch_number":"OwnatHairball4Kg1026","location":"","quantity":"2.0000","quantity_available":"0.0000","units":"1","status":"archived","order_ids":"[27702,27971]","supplier":"Ownat","po":{"id":"5174","date_created":"2025-09-08 15:29:05","batch_id":"5217","po_number":"","supplier":"Ownat","cost":null,"regular_price":null,"sale_price":null,"price_margin":null,"price_discount":null}},{"id":"5313","date_created":"2025-09-15 21:19:54","date_expiry":"2027-01-31 00:00:00","user_id":"2760","batch_number":"OwnatHairball4Kg0127","location":"","quantity":"1.0000","quantity_available":"0.0000","units":"1","status":"archived","order_ids":"[28107]","supplier":"Ownat","po":{"id":"5270","date_created":"2025-09-15 21:19:54","batch_id":"5313","po_number":"","supplier":"Ownat","cost":null,"regular_price":null,"sale_price":null,"price_margin":null,"price_discount":null}},{"id":"5624","date_created":"2025-10-03 14:17:50","date_expiry":"2027-01-31 00:00:00","user_id":"2760","batch_number":"OwnatHairball4Kg0127","location":"","quantity":"5.0000","quantity_available":"0.0000","units":"1","status":"archived","order_ids":"[28549,29213,29266,29410,29544]","supplier":"Ownat","po":{"id":"5578","date_created":"2025-10-03 14:17:54","batch_id":"5624","po_number":"","supplier":"Ownat","cost":null,"regular_price":null,"sale_price":null,"price_margin":null,"price_discount":null}},{"id":"5899","date_created":"2025-10-30 10:33:17","date_expiry":"2027-01-31 00:00:00","user_id":"2760","batch_number":"OwnatHairball4Kg0127","location":"","quantity":"2.0000","quantity_available":"0.0000","units":"1","status":"archived","order_ids":"[29608,31924]","supplier":"Ownat","po":{"id":"5849","date_created":"2025-10-30 10:33:18","batch_id":"5899","po_number":"","supplier":"Ownat","cost":null,"regular_price":null,"sale_price":null,"price_margin":null,"price_discount":null}},{"id":"6951","date_created":"2025-12-27 09:44:58","date_expiry":"2027-04-30 00:00:00","user_id":"2760","batch_number":"OwnatHairball4Kg0427","location":"","quantity":"4.0000","quantity_available":"0.0000","units":"1","status":"archived","order_ids":"[32718,32828,32835,32873]","supplier":"Ownat","po":{"id":"6890","date_created":"2025-12-27 09:44:59","batch_id":"6951","po_number":"","supplier":"Ownat","cost":null,"regular_price":null,"sale_price":null,"price_margin":null,"price_discount":null}},{"id":"7055","date_created":"2026-01-06 18:40:47","date_expiry":"2027-04-30 00:00:00","user_id":"2760","batch_number":"OwnatHairball4Kg0427","location":"","quantity":"8.0000","quantity_available":"0.0000","units":"1","status":"archived","order_ids":"[33833,33915,34454,34799,34949,35199,36978,37086]","supplier":"Ownat","po":{"id":"6993","date_created":"2026-01-06 18:40:48","batch_id":"7055","po_number":"","supplier":"Ownat","cost":null,"regular_price":null,"sale_price":null,"price_margin":null,"price_discount":null}},{"id":"7576","date_created":"2026-02-07 18:48:09","date_expiry":"2027-05-30 00:00:00","user_id":"2760","batch_number":"OwnatHairball4Kg0527","location":"","quantity":"1.0000","quantity_available":"0.0000","units":"1","status":"archived","order_ids":"[37846]","supplier":"Ownat","po":{"id":"7511","date_created":"2026-02-07 18:48:09","batch_id":"7576","po_number":"","supplier":"Ownat","cost":null,"regular_price":null,"sale_price":null,"price_margin":null,"price_discount":null}},{"id":"7644","date_created":"2026-02-12 10:58:38","date_expiry":"2027-05-30 00:00:00","user_id":"2760","batch_number":"OwnatHairball4Kg0527","location":"","quantity":"1.0000","quantity_available":"0.0000","units":"1","status":"archived","order_ids":"[38016]","supplier":"Ownat","po":{"id":"7579","date_created":"2026-02-12 10:58:38","batch_id":"7644","po_number":"","supplier":"Ownat","cost":null,"regular_price":null,"sale_price":null,"price_margin":null,"price_discount":null}},{"id":"8197","date_created":"2026-03-13 01:43:26","date_expiry":"2027-05-30 00:00:00","user_id":"2760","batch_number":"OwnatHairball4Kg0527","location":"","quantity":"2.0000","quantity_available":"0.0000","units":"1","status":"archived","order_ids":"[38222]","supplier":"Ownat","po":{"id":"8135","date_created":"2026-03-13 01:43:27","batch_id":"8197","po_number":"","supplier":"Ownat","cost":null,"regular_price":null,"sale_price":null,"price_margin":null,"price_discount":null}},{"id":"8526","date_created":"2026-03-26 14:12:33","date_expiry":"2027-05-30 00:00:00","user_id":"2760","batch_number":"OwnatHairball4Kg0527","location":"","quantity":"3.0000","quantity_available":"0.0000","units":"1","status":"archived","order_ids":"[38425,38427,38435]","supplier":"Ownat","po":{"id":"8454","date_created":"2026-03-26 14:12:33","batch_id":"8526","po_number":"","supplier":"Ownat","cost":null,"regular_price":null,"sale_price":null,"price_margin":null,"price_discount":null}},{"id":"8634","date_created":"2026-04-03 14:04:27","date_expiry":"2027-05-30 00:00:00","user_id":"2760","batch_number":"OwnatHairball4Kg0527","location":"","quantity":"12.0000","quantity_available":"8.0000","units":"1","status":"active","order_ids":"[38895,39779,40392,40815]","supplier":"Ownat","po":{"id":"8562","date_created":"2026-04-03 14:04:27","batch_id":"8634","po_number":"","supplier":"Ownat","cost":null,"regular_price":null,"sale_price":null,"price_margin":null,"price_discount":null}}],"_links":{"self":[{"href":"https:\/\/petworld.ma\/index.php\/wp-json\/wp\/v2\/product\/1230","targetHints":{"allow":["GET"]}}],"collection":[{"href":"https:\/\/petworld.ma\/index.php\/wp-json\/wp\/v2\/product"}],"about":[{"href":"https:\/\/petworld.ma\/index.php\/wp-json\/wp\/v2\/types\/product"}],"wp:featuredmedia":[{"embeddable":true,"href":"https:\/\/petworld.ma\/index.php\/wp-json\/wp\/v2\/media\/1231"}],"wp:attachment":[{"href":"https:\/\/petworld.ma\/index.php\/wp-json\/wp\/v2\/media?parent=1230"}],"wp:term":[{"taxonomy":"product_brand","embeddable":true,"href":"https:\/\/petworld.ma\/index.php\/wp-json\/wp\/v2\/product_brand?post=1230"},{"taxonomy":"product_cat","embeddable":true,"href":"https:\/\/petworld.ma\/index.php\/wp-json\/wp\/v2\/product_cat?post=1230"},{"taxonomy":"product_tag","embeddable":true,"href":"https:\/\/petworld.ma\/index.php\/wp-json\/wp\/v2\/product_tag?post=1230"}],"curies":[{"name":"wp","href":"https:\/\/api.w.org\/{rel}","templated":true}]}}