{"id":12320,"date":"2024-10-05T19:24:25","date_gmt":"2024-10-05T19:24:25","guid":{"rendered":"https:\/\/petworld.ma\/?post_type=product&#038;p=12320"},"modified":"2026-04-07T09:35:19","modified_gmt":"2026-04-07T09:35:19","slug":"collier-dintervention-avec-poignee-noir-et-gris-julius-k9-38-53cm","status":"publish","type":"product","link":"https:\/\/petworld.ma\/index.php\/produit\/collier-dintervention-avec-poignee-noir-et-gris-julius-k9-38-53cm\/","title":{"rendered":"Collier d&rsquo;intervention avec poign\u00e9e Noir et Gris Julius K9 38-53cm"},"content":{"rendered":"<p>Le Collier d&rsquo;intervention avec poign\u00e9e Julius-K9\u00ae Color&amp;Gray\u00ae est con\u00e7u dans une mati\u00e8re type ceinture de s\u00e9curit\u00e9 en nylon \u00e0 fils de couleur (Bleu, Noir, Rouge ou Rose, Gris) tr\u00e8s r\u00e9sistante et qui s\u00e9che rapidement.<\/p>\n<p>Muni d&rsquo;une poign\u00e9e qui permet de maintenir son chien pr\u00e8s de soi (pour traverser une rue, lors d&rsquo;un croisement avec un autre animal etc&#8230;) et d&rsquo;une\u00a0<strong>fermeture s\u00e9curis\u00e9e<\/strong>\u00a0\u00e9vitant ainsi les ouvertures accidentelles, le collier est \u00e9galement dot\u00e9 d&rsquo;une\u00a0<strong>boucle de fixation courb\u00e9e<\/strong>\u00a0offrant un meilleur confort pour votre chien .<\/p>\n<p>Remarque : pour les chiens qui ont tendance \u00e0 tirer ou qui ne sont pas en s\u00e9curit\u00e9 lors de la marche, il est fortement recommand\u00e9 d&rsquo;utiliser le collier et le harnais pour chien ensemble pour le confort et la s\u00e9curit\u00e9 du chien.<\/p>\n<p>Pour bien choisir la taille de votre collier, il vous suffit de mesurer le tour de cou de votre chien en pla\u00e7ant 2 doigts entre le cou et le collier, puis de s\u00e9lectionner la taille de mani\u00e8re que le tour de cou de votre chien soit bien au milieu des dimensions indiqu\u00e9es dans le tableau ci-dessous.<\/p>\n","protected":false},"excerpt":{"rendered":"<p>Produite de tr\u00e8s haute qualit\u00e9 import\u00e9 d&rsquo;Europe.<\/p>\n<p>Taille : 38-53cm largeur 4cm<\/p>\n","protected":false},"featured_media":12324,"template":"","meta":{"jetpack_publicize_message":"","jetpack_publicize_feature_enabled":true,"jetpack_social_post_already_shared":true,"jetpack_social_options":{"image_generator_settings":{"template":"highway","default_image_id":0,"font":"","enabled":false},"version":2}},"product_brand":[],"product_cat":[92,106],"product_tag":[],"class_list":{"0":"post-12320","1":"product","2":"type-product","3":"status-publish","4":"has-post-thumbnail","6":"product_cat-harnais-et-laisses-pour-chien","7":"product_cat-jouet-et-dressage","9":"first","10":"instock","11":"sale","12":"taxable","13":"shipping-taxable","14":"purchasable","15":"product-type-simple"},"supplier_id":5587,"supplier_sku":"76133","barcode":null,"atum_controlled":true,"out_stock_date":null,"out_stock_threshold":null,"inheritable":false,"inbound_stock":0,"stock_on_hold":0,"sold_today":0,"sales_last_days":0,"reserved_stock":0,"customer_returns":0,"warehouse_damage":0,"lost_in_post":0,"other_logs":0,"out_stock_days":0,"lost_sales":0,"has_location":false,"update_date":"2026-04-25T09:02:19","atum_locations":[],"atum_stock_status":"instock","restock_status":false,"low_stock_amount":0,"sales_update_date":"2026-04-25T09:02:19","calc_backorders":null,"jetpack_publicize_connections":[],"jetpack_sharing_enabled":true,"batches":[],"_links":{"self":[{"href":"https:\/\/petworld.ma\/index.php\/wp-json\/wp\/v2\/product\/12320","targetHints":{"allow":["GET"]}}],"collection":[{"href":"https:\/\/petworld.ma\/index.php\/wp-json\/wp\/v2\/product"}],"about":[{"href":"https:\/\/petworld.ma\/index.php\/wp-json\/wp\/v2\/types\/product"}],"wp:featuredmedia":[{"embeddable":true,"href":"https:\/\/petworld.ma\/index.php\/wp-json\/wp\/v2\/media\/12324"}],"wp:attachment":[{"href":"https:\/\/petworld.ma\/index.php\/wp-json\/wp\/v2\/media?parent=12320"}],"wp:term":[{"taxonomy":"product_brand","embeddable":true,"href":"https:\/\/petworld.ma\/index.php\/wp-json\/wp\/v2\/product_brand?post=12320"},{"taxonomy":"product_cat","embeddable":true,"href":"https:\/\/petworld.ma\/index.php\/wp-json\/wp\/v2\/product_cat?post=12320"},{"taxonomy":"product_tag","embeddable":true,"href":"https:\/\/petworld.ma\/index.php\/wp-json\/wp\/v2\/product_tag?post=12320"}],"curies":[{"name":"wp","href":"https:\/\/api.w.org\/{rel}","templated":true}]}}