{"id":12331,"date":"2024-10-05T20:29:00","date_gmt":"2024-10-05T20:29:00","guid":{"rendered":"https:\/\/petworld.ma\/?post_type=product&#038;p=12331"},"modified":"2026-04-24T15:45:00","modified_gmt":"2026-04-24T15:45:00","slug":"harnais-de-puissance-julius-k9-2xl","status":"publish","type":"product","link":"https:\/\/petworld.ma\/index.php\/produit\/harnais-de-puissance-julius-k9-2xl\/","title":{"rendered":"Harnais de Puissance Julius K9 2XL"},"content":{"rendered":"<p><strong>Le mod\u00e8le IDC\u00aePower\u00a0<\/strong>offre un confort sup\u00e9rieur au harnais K9\u00aePower et un design am\u00e9lior\u00e9. Sur ce nouveau mod\u00e8le, il n&rsquo;y a plus aucun pli au niveau du harnais ou des ceintures lat\u00e9rales qui cr\u00e9aient un d\u00e9s\u00e9quilibre, observable quand le chien court. Ce harnais de qualit\u00e9 sup\u00e9rieure est agr\u00e9able \u00e0 porter gr\u00e2ce \u00e0 ses 2 ceintures larges au niveau du poitrail et du ventre et \u00e0 son rembourrage au niveau du dos. Il est robuste car tiss\u00e9 dans un mat\u00e9riau ext\u00e9rieur polyester anti-rayures et r\u00e9sistant \u00e0 l&rsquo;eau. La ceinture de poitrail et les bords du harnais sont r\u00e9fl\u00e9chissants, ce qui garantit une visibilit\u00e9 optimale. La fixation par velcro de la ceinture au niveau du poitrail garantit un ajustement parfait sur la corps du chien et une stabilit\u00e9 optimale. Un anneau en forme de D (en acier de diam\u00e8tre 4 mm pour la taille 0 \/\u00a0en Inox\u00ae de diam\u00e8tre 6 mm pour les tailles 1 \u00e0 4) est fix\u00e9 au dos du harnais pour la fixation de la laisse.<\/p>\n<p><strong>Taille 2XL:<\/strong><\/p>\n<ul>\n<li>Tour de poitrail : 82 &#8211; 115 cm<\/li>\n<li>Poids du chien : 40-70kg<\/li>\n<\/ul>\n","protected":false},"excerpt":{"rendered":"<p>Produite de tr\u00e8s haute qualit\u00e9 import\u00e9 d&rsquo;Europe.<\/p>\n<p><strong>Taille 2XL:<\/strong><\/p>\n<ul>\n<li>Tour de poitrail : 82 &#8211; 115 cm<\/li>\n<li>Poids du chien : 40-70kg<\/li>\n<\/ul>\n","protected":false},"featured_media":12335,"template":"","meta":{"jetpack_publicize_message":"","jetpack_publicize_feature_enabled":true,"jetpack_social_post_already_shared":true,"jetpack_social_options":{"image_generator_settings":{"template":"highway","default_image_id":0,"font":"","enabled":false},"version":2}},"product_brand":[],"product_cat":[92,106],"product_tag":[],"class_list":{"0":"post-12331","1":"product","2":"type-product","3":"status-publish","4":"has-post-thumbnail","6":"product_cat-harnais-et-laisses-pour-chien","7":"product_cat-jouet-et-dressage","9":"first","10":"instock","11":"taxable","12":"shipping-taxable","13":"purchasable","14":"product-type-simple"},"supplier_id":5587,"supplier_sku":"76146","barcode":null,"atum_controlled":true,"out_stock_date":null,"out_stock_threshold":null,"inheritable":false,"inbound_stock":0,"stock_on_hold":0,"sold_today":0,"sales_last_days":0,"reserved_stock":0,"customer_returns":0,"warehouse_damage":0,"lost_in_post":0,"other_logs":0,"out_stock_days":0,"lost_sales":0,"has_location":false,"update_date":"2026-05-10T00:20:59","atum_locations":[],"atum_stock_status":"instock","restock_status":false,"low_stock_amount":0,"sales_update_date":"2026-05-10T00:20:59","calc_backorders":null,"jetpack_publicize_connections":[],"jetpack_sharing_enabled":true,"batches":[],"_links":{"self":[{"href":"https:\/\/petworld.ma\/index.php\/wp-json\/wp\/v2\/product\/12331","targetHints":{"allow":["GET"]}}],"collection":[{"href":"https:\/\/petworld.ma\/index.php\/wp-json\/wp\/v2\/product"}],"about":[{"href":"https:\/\/petworld.ma\/index.php\/wp-json\/wp\/v2\/types\/product"}],"wp:featuredmedia":[{"embeddable":true,"href":"https:\/\/petworld.ma\/index.php\/wp-json\/wp\/v2\/media\/12335"}],"wp:attachment":[{"href":"https:\/\/petworld.ma\/index.php\/wp-json\/wp\/v2\/media?parent=12331"}],"wp:term":[{"taxonomy":"product_brand","embeddable":true,"href":"https:\/\/petworld.ma\/index.php\/wp-json\/wp\/v2\/product_brand?post=12331"},{"taxonomy":"product_cat","embeddable":true,"href":"https:\/\/petworld.ma\/index.php\/wp-json\/wp\/v2\/product_cat?post=12331"},{"taxonomy":"product_tag","embeddable":true,"href":"https:\/\/petworld.ma\/index.php\/wp-json\/wp\/v2\/product_tag?post=12331"}],"curies":[{"name":"wp","href":"https:\/\/api.w.org\/{rel}","templated":true}]}}