{"id":12396,"date":"2024-10-05T21:14:45","date_gmt":"2024-10-05T21:14:45","guid":{"rendered":"https:\/\/petworld.ma\/?post_type=product&#038;p=12396"},"modified":"2026-04-17T14:45:19","modified_gmt":"2026-04-17T14:45:19","slug":"stick-durable-dogwood-large-230g-20-5x4x4cm","status":"publish","type":"product","link":"https:\/\/petworld.ma\/index.php\/produit\/stick-durable-dogwood-large-230g-20-5x4x4cm\/","title":{"rendered":"Stick durable Dogwood Large 230g 20.5x4x4cm"},"content":{"rendered":"<div class=\"rte\">\n<p>Une alternative s\u00fbre et durable aux b\u00e2tons de bois v\u00e9ritable \u00e0 m\u00e2cher. La gamme de produits Dogwood de Petstages a tout le go\u00fbt et la texture d&rsquo;une branche d&rsquo;arbre naturelle, mais elle durera beaucoup plus longtemps et n&rsquo;\u00e9clatera pas et ne causera pas de dommages potentiels \u00e0 votre chiot ador\u00e9. Fabriqu\u00e9 aux \u00c9tats-Unis pour garantir la qualit\u00e9 et le soin. Dogwood combine du bois v\u00e9ritable avec une r\u00e9sistance synth\u00e9tique sans plomb et sans phtalates, ce qui en fait un jouet \u00e0 m\u00e2cher tr\u00e8s appr\u00e9ci\u00e9 des chiens. Ce jouet \u00e0 m\u00e2cher alternatif est un must pour canaliser la mastication destructive de votre chien ou pour les chiots faisant face \u00e0 des douleurs de dentition. Les b\u00e2tonnets \u00e0 m\u00e2cher en bois alternatif Dogwood sont \u00e9galement parfaits pour les jeux en ext\u00e9rieur et peuvent m\u00eame flotter dans l&rsquo;eau !<\/p>\n<\/div>\n","protected":false},"excerpt":{"rendered":"<ul class=\"product-detail-buy-usps\">\n<li class=\"product-detail-buy-usp\">Plus s\u00fbr et plus propre qu&rsquo;une vraie branche !<\/li>\n<li class=\"product-detail-buy-usp\">Facile \u00e0 tenir pour votre chien.<\/li>\n<\/ul>\n","protected":false},"featured_media":12399,"template":"","meta":{"jetpack_publicize_message":"","jetpack_publicize_feature_enabled":true,"jetpack_social_post_already_shared":true,"jetpack_social_options":{"image_generator_settings":{"template":"highway","default_image_id":0,"font":"","enabled":false},"version":2}},"product_brand":[],"product_cat":[217,106],"product_tag":[],"class_list":{"0":"post-12396","1":"product","2":"type-product","3":"status-publish","4":"has-post-thumbnail","6":"product_cat-dentifrice-soin-buccal-hygiene-et-soins","7":"product_cat-jouet-et-dressage","9":"first","10":"instock","11":"taxable","12":"shipping-taxable","13":"purchasable","14":"product-type-simple"},"supplier_id":5587,"supplier_sku":"7453","barcode":null,"atum_controlled":true,"out_stock_date":null,"out_stock_threshold":null,"inheritable":false,"inbound_stock":0,"stock_on_hold":0,"sold_today":0,"sales_last_days":0,"reserved_stock":0,"customer_returns":0,"warehouse_damage":0,"lost_in_post":0,"other_logs":0,"out_stock_days":0,"lost_sales":0,"has_location":false,"update_date":"2026-05-12T00:21:46","atum_locations":[],"atum_stock_status":"instock","restock_status":false,"low_stock_amount":0,"sales_update_date":"2026-05-12T00:21:46","calc_backorders":null,"jetpack_publicize_connections":[],"jetpack_sharing_enabled":true,"batches":[],"_links":{"self":[{"href":"https:\/\/petworld.ma\/index.php\/wp-json\/wp\/v2\/product\/12396","targetHints":{"allow":["GET"]}}],"collection":[{"href":"https:\/\/petworld.ma\/index.php\/wp-json\/wp\/v2\/product"}],"about":[{"href":"https:\/\/petworld.ma\/index.php\/wp-json\/wp\/v2\/types\/product"}],"wp:featuredmedia":[{"embeddable":true,"href":"https:\/\/petworld.ma\/index.php\/wp-json\/wp\/v2\/media\/12399"}],"wp:attachment":[{"href":"https:\/\/petworld.ma\/index.php\/wp-json\/wp\/v2\/media?parent=12396"}],"wp:term":[{"taxonomy":"product_brand","embeddable":true,"href":"https:\/\/petworld.ma\/index.php\/wp-json\/wp\/v2\/product_brand?post=12396"},{"taxonomy":"product_cat","embeddable":true,"href":"https:\/\/petworld.ma\/index.php\/wp-json\/wp\/v2\/product_cat?post=12396"},{"taxonomy":"product_tag","embeddable":true,"href":"https:\/\/petworld.ma\/index.php\/wp-json\/wp\/v2\/product_tag?post=12396"}],"curies":[{"name":"wp","href":"https:\/\/api.w.org\/{rel}","templated":true}]}}