{"id":12416,"date":"2024-10-06T15:15:57","date_gmt":"2024-10-06T15:15:57","guid":{"rendered":"https:\/\/petworld.ma\/?post_type=product&#038;p=12416"},"modified":"2026-02-24T13:31:45","modified_gmt":"2026-02-24T13:31:45","slug":"bois-de-cerf-pour-chien-anneau-de-dentition-naturel-pour-chien","status":"publish","type":"product","link":"https:\/\/petworld.ma\/index.php\/produit\/bois-de-cerf-pour-chien-anneau-de-dentition-naturel-pour-chien\/","title":{"rendered":"Bois de cerf pour chien \u2013 Anneau de dentition naturel pour chien"},"content":{"rendered":"<div class=\"rte\">\n<p>Anneau de dentition 100% naturel pour chien<\/p>\n<p>Les bois de cerf sont id\u00e9aux comme produits \u00e0 m\u00e2cher naturels pour chiens car ils ne se brisent pas, sont solides et durables. Cela peut durer des semaines ou des mois pour votre chien.<\/p>\n<p>Les bois de cerf ont une teneur \u00e9lev\u00e9e en calcium, phosphore et min\u00e9raux et les m\u00e2cher gardera les dents de notre chien saines, fortes et propres.<\/p>\n<p>Les bois de cerf sont le produit \u00e0 m\u00e2cher parfait pour les chiens qui ont tendance \u00e0 m\u00e2cher des objets, leur offrant un\u00a0<strong>moyen s\u00fbr et sain de satisfaire leur instinct naturel de mastication<\/strong>\u00a0. De plus, ils sont un alli\u00e9 de taille pour lutter contre le stress et l\u2019ennui et leur teneur en moelle les rendra irr\u00e9sistibles !<\/p>\n<p>Les bois de cerf sont r\u00e9colt\u00e9s dans la for\u00eat lors du d\u00e9frichement, un processus naturel de changement de bois qui se produit une fois par an, ce qui en fait un anneau de dentition 100 % naturel et une alternative saine et durable aux anneaux de dentition synth\u00e9tiques ou en plastique qui peuvent \u00eatre nocifs pour votre sant\u00e9.<\/p>\n<p><span class=\"\">Nous disposons de plusieurs tailles de bois de cerf pour chiens, vous pourrez donc choisir celle qui convient le mieux \u00e0 la taille de votre chien.<\/span><\/p>\n<p>Ingr\u00e9dients\u00a0:\u00a0\u00a0<strong>100\u00a0% bois de cerf<\/strong><\/p>\n<p><strong>Taille M :\u00a0<\/strong>\u00a076-150g | 16-18 cm de long et 2,5-3 cm de diam\u00e8tre<strong><br \/>\nTaille L :\u00a0<\/strong>\u00a0151-225g | 18-22 cm de long et 3-4 cm de diam\u00e8tre<\/p>\n<p><em><span class=\"\">Comme il s\u2019agit de produits naturels, la taille et le poids peuvent varier.<\/span><br \/>\n<\/em><em><span class=\"\">Nous vous recommandons de surveiller la mastication. Retirer lorsque, en raison de sa taille, il peut \u00eatre aval\u00e9.<\/span><\/em><\/p>\n<p>Ingr\u00e9dients\u00a0:\u00a0\u00a0<strong>100\u00a0% bois de cerf<\/strong><\/p>\n<p>&nbsp;<\/p>\n<\/div>\n","protected":false},"excerpt":{"rendered":"<p><strong>Taille M :\u00a0<\/strong>\u00a076-150g | 16-18 cm de long et 2,5-3 cm de diam\u00e8tre<strong><br \/>\nTaille L :\u00a0<\/strong>\u00a0151-225g | 18-22 cm de long et 3-4 cm de diam\u00e8tre<\/p>\n<p><em><span class=\"\">Comme il s\u2019agit de produits naturels, la taille et le poids peuvent varier.<\/span><br \/>\n<\/em><em><span class=\"\">Nous vous recommandons de surveiller la mastication. Retirer lorsque, en raison de sa taille, il peut \u00eatre aval\u00e9.<\/span><\/em><\/p>\n<p>&nbsp;<\/p>\n","protected":false},"featured_media":12417,"template":"","meta":{"jetpack_publicize_message":"","jetpack_publicize_feature_enabled":true,"jetpack_social_post_already_shared":true,"jetpack_social_options":{"image_generator_settings":{"template":"highway","default_image_id":0,"font":"","enabled":false},"version":2}},"product_brand":[],"product_cat":[217,106],"product_tag":[],"class_list":{"0":"post-12416","1":"product","2":"type-product","3":"status-publish","4":"has-post-thumbnail","6":"product_cat-dentifrice-soin-buccal-hygiene-et-soins","7":"product_cat-jouet-et-dressage","9":"first","10":"outofstock","11":"taxable","12":"shipping-taxable","13":"purchasable","14":"product-type-variable"},"supplier_id":5587,"supplier_sku":"","barcode":null,"atum_controlled":true,"out_stock_date":null,"out_stock_threshold":null,"inheritable":true,"inbound_stock":0,"stock_on_hold":0,"sold_today":0,"sales_last_days":0,"reserved_stock":0,"customer_returns":0,"warehouse_damage":0,"lost_in_post":0,"other_logs":0,"out_stock_days":0,"lost_sales":0,"has_location":false,"update_date":"2026-04-25T08:58:47","atum_locations":[],"atum_stock_status":"outofstock","restock_status":false,"low_stock_amount":"","sales_update_date":"2026-04-25T08:58:47","calc_backorders":null,"jetpack_publicize_connections":[],"jetpack_sharing_enabled":true,"batches":[],"_links":{"self":[{"href":"https:\/\/petworld.ma\/index.php\/wp-json\/wp\/v2\/product\/12416","targetHints":{"allow":["GET"]}}],"collection":[{"href":"https:\/\/petworld.ma\/index.php\/wp-json\/wp\/v2\/product"}],"about":[{"href":"https:\/\/petworld.ma\/index.php\/wp-json\/wp\/v2\/types\/product"}],"wp:featuredmedia":[{"embeddable":true,"href":"https:\/\/petworld.ma\/index.php\/wp-json\/wp\/v2\/media\/12417"}],"wp:attachment":[{"href":"https:\/\/petworld.ma\/index.php\/wp-json\/wp\/v2\/media?parent=12416"}],"wp:term":[{"taxonomy":"product_brand","embeddable":true,"href":"https:\/\/petworld.ma\/index.php\/wp-json\/wp\/v2\/product_brand?post=12416"},{"taxonomy":"product_cat","embeddable":true,"href":"https:\/\/petworld.ma\/index.php\/wp-json\/wp\/v2\/product_cat?post=12416"},{"taxonomy":"product_tag","embeddable":true,"href":"https:\/\/petworld.ma\/index.php\/wp-json\/wp\/v2\/product_tag?post=12416"}],"curies":[{"name":"wp","href":"https:\/\/api.w.org\/{rel}","templated":true}]}}