{"id":12425,"date":"2024-10-06T15:59:41","date_gmt":"2024-10-06T15:59:41","guid":{"rendered":"https:\/\/petworld.ma\/?post_type=product&#038;p=12425"},"modified":"2026-04-08T11:21:48","modified_gmt":"2026-04-08T11:21:48","slug":"carnilove-dog-croquettes-salmon-turkey-pour-chien-grande-race-saumon-et-dinde-12kg","status":"publish","type":"product","link":"https:\/\/petworld.ma\/index.php\/produit\/carnilove-dog-croquettes-salmon-turkey-pour-chien-grande-race-saumon-et-dinde-12kg\/","title":{"rendered":"Carnilove Dog Croquettes Salmon Turkey Pour Chien Grande Race (Saumon et Dinde) 12kg"},"content":{"rendered":"<p>Le saumon est une excellente source de prot\u00e9ines hautement digestibles ainsi que d\u2019acides gras insatur\u00e9s om\u00e9ga-3, qui ont un impact positif sur le d\u00e9veloppement mental, le syst\u00e8me cardiovasculaire et le m\u00e9tabolisme (ils r\u00e9duisent le taux de sucre dans le sang). Il affecte \u00e9galement positivement la qualit\u00e9 et l\u2019apparence des cheveux et de la peau. La dinde est riche en prot\u00e9ines digestibles et contient des niveaux \u00e9lev\u00e9s d\u2019oligo-\u00e9l\u00e9ments, tels que le zinc, et contient \u00e9galement des vitamines B 3 et B 6, qui sont essentielles au bon fonctionnement du cerveau, \u00e0 un bon tonus musculaire et \u00e0 une croissance saine.<\/p>\n<h2>Composition<\/h2>\n<p>farine de saumon (25%), farine de dinde (20%), pois jaunes (20%), graisse de poulet (conserv\u00e9e avec des tocoph\u00e9rols, 10%), farine de canard (5%), saumon d\u00e9soss\u00e9 hydrolys\u00e9 (5%), foie de poulet (3%), amidon de tapioca (3%), pommes (3%), huile de saumon (2%), carottes (1%), graines de lin (1%), pois chiches (1%), coquilles de crustac\u00e9s hydrolys\u00e9es (source de glucosamine, 0,026%), extrait de cartilage (source de chondro\u00eftine, 0,016%), levure de bi\u00e8re (source de mannan-oligosaccharides, 0,015%), racine de chicor\u00e9e (source de fructo-oligosaccharides, 0,01%), yucca schidigera (0,01%), algues (0,01%), psyllium (0,01%), thym (0,01%), romarin (0,01%), origan (0,01%), canneberges (0,0008%), myrtilles (0,0008%), framboises (0,0008%).<\/p>\n<h2>Composition nutritionnelle en 1 kg<\/h2>\n<p>vitamine A (3a672a) 20 000 UI, vitamine D3 (3a671) 1 500 UI, vitamine E (3a700) 400 mg, zinc (3b606) 85 mg, fer (3b106) 70 mg, mangan\u00e8se (3b504) 35 mg, iode (3b201) 0,65 mg, cuivre (3b406) 15 mg, s\u00e9l\u00e9nium (3b810) 0,25 mg.<\/p>\n<h2>Constituants analytiques dans 1 kg<\/h2>\n<p>prot\u00e9ines brutes 36,0 %, mati\u00e8res grasses brutes 16,0 %, humidit\u00e9 10,0 %, cendres brutes 7,8 %, cellulose brute 3,0 %, calcium 1,3 %, phosphore 1,0 %, sodium 0,4 %.<\/p>\n","protected":false},"excerpt":{"rendered":"<div class=\"order-2 order-lg-1\">\n<div class=\"order-2 order-lg-1\">\n<p class=\"benefits__content\">Formule sans c\u00e9r\u00e9ales et sans pommes de terre pour chiens adultes de grandes races (\u2265 25 kg).<\/p>\n<\/div>\n<\/div>\n","protected":false},"featured_media":12426,"template":"","meta":{"jetpack_publicize_message":"","jetpack_publicize_feature_enabled":true,"jetpack_social_post_already_shared":true,"jetpack_social_options":{"image_generator_settings":{"template":"highway","default_image_id":0,"font":"","enabled":false},"version":2}},"product_brand":[],"product_cat":[26],"product_tag":[],"class_list":{"0":"post-12425","1":"product","2":"type-product","3":"status-publish","4":"has-post-thumbnail","6":"product_cat-croquettes","8":"first","9":"outofstock","10":"taxable","11":"shipping-taxable","12":"purchasable","13":"product-type-simple"},"supplier_id":7839,"supplier_sku":"","barcode":null,"atum_controlled":true,"out_stock_date":"2026-04-08 11:21:49","out_stock_threshold":null,"inheritable":false,"inbound_stock":0,"stock_on_hold":0,"sold_today":0,"sales_last_days":0,"reserved_stock":0,"customer_returns":0,"warehouse_damage":0,"lost_in_post":0,"other_logs":0,"out_stock_days":34,"lost_sales":3691,"has_location":false,"update_date":"2026-05-13T00:20:41","atum_locations":[],"atum_stock_status":"outofstock","restock_status":false,"low_stock_amount":2,"sales_update_date":"2026-05-13T00:20:41","calc_backorders":null,"jetpack_publicize_connections":[],"jetpack_sharing_enabled":true,"batches":[{"id":"533","date_created":"2024-10-06 16:06:34","date_expiry":"2025-09-01 00:00:00","user_id":"2461","batch_number":"CarniloveChienLargeSaumDinde12kg010925","location":"","quantity":"2.0000","quantity_available":"0.0000","units":"1","status":"archived","order_ids":"[16142,25590]","supplier":"Carnilove","po":{"id":"516","date_created":"2024-10-06 16:06:35","batch_id":"533","po_number":"","supplier":"Carnilove","cost":null,"regular_price":null,"sale_price":null,"price_margin":null,"price_discount":null}},{"id":"2123","date_created":"2025-02-22 20:14:15","date_expiry":"2026-04-27 00:00:00","user_id":"2461","batch_number":"CarniloveChienLargeSaumDinde12kg270426","location":"","quantity":"2.0000","quantity_available":"0.0000","units":"1","status":"archived","order_ids":"[28038]","supplier":"Carnilove","po":{"id":"2093","date_created":"2025-02-22 20:14:18","batch_id":"2123","po_number":"","supplier":"Carnilove","cost":null,"regular_price":null,"sale_price":null,"price_margin":null,"price_discount":null}},{"id":"5031","date_created":"2025-08-29 14:38:52","date_expiry":"2026-08-22 00:00:00","user_id":"2461","batch_number":"CarniloveChienLargeSaumDinde12kg220826","location":"","quantity":"2.0000","quantity_available":"0.0000","units":"1","status":"archived","order_ids":"[35079,38156]","supplier":"Carnilove","po":{"id":"4995","date_created":"2025-08-29 14:38:53","batch_id":"5031","po_number":"","supplier":"Carnilove","cost":null,"regular_price":null,"sale_price":null,"price_margin":null,"price_discount":null}},{"id":"8253","date_created":"2026-03-14 10:47:38","date_expiry":"2027-06-06 00:00:00","user_id":"2461","batch_number":"CarniloveChienLargeSaumDinde12kg0627","location":"","quantity":"2.0000","quantity_available":"0.0000","units":"1","status":"archived","order_ids":"[38309,39171]","supplier":"Carnilove","po":{"id":"8179","date_created":"2026-03-14 10:47:38","batch_id":"8253","po_number":"","supplier":"Carnilove","cost":null,"regular_price":null,"sale_price":null,"price_margin":null,"price_discount":null}}],"_links":{"self":[{"href":"https:\/\/petworld.ma\/index.php\/wp-json\/wp\/v2\/product\/12425","targetHints":{"allow":["GET"]}}],"collection":[{"href":"https:\/\/petworld.ma\/index.php\/wp-json\/wp\/v2\/product"}],"about":[{"href":"https:\/\/petworld.ma\/index.php\/wp-json\/wp\/v2\/types\/product"}],"wp:featuredmedia":[{"embeddable":true,"href":"https:\/\/petworld.ma\/index.php\/wp-json\/wp\/v2\/media\/12426"}],"wp:attachment":[{"href":"https:\/\/petworld.ma\/index.php\/wp-json\/wp\/v2\/media?parent=12425"}],"wp:term":[{"taxonomy":"product_brand","embeddable":true,"href":"https:\/\/petworld.ma\/index.php\/wp-json\/wp\/v2\/product_brand?post=12425"},{"taxonomy":"product_cat","embeddable":true,"href":"https:\/\/petworld.ma\/index.php\/wp-json\/wp\/v2\/product_cat?post=12425"},{"taxonomy":"product_tag","embeddable":true,"href":"https:\/\/petworld.ma\/index.php\/wp-json\/wp\/v2\/product_tag?post=12425"}],"curies":[{"name":"wp","href":"https:\/\/api.w.org\/{rel}","templated":true}]}}