{"id":12427,"date":"2024-10-06T16:11:55","date_gmt":"2024-10-06T16:11:55","guid":{"rendered":"https:\/\/petworld.ma\/?post_type=product&#038;p=12427"},"modified":"2026-03-12T16:44:46","modified_gmt":"2026-03-12T16:44:46","slug":"carnilove-dog-croquettes-salmon-turkey-pour-chiot-grande-race-saumon-et-dinde-12kg","status":"publish","type":"product","link":"https:\/\/petworld.ma\/index.php\/produit\/carnilove-dog-croquettes-salmon-turkey-pour-chiot-grande-race-saumon-et-dinde-12kg\/","title":{"rendered":"Carnilove Dog Croquettes Salmon Turkey Pour Chiot Grande Race (Saumon et Dinde) 4kg | 12kg"},"content":{"rendered":"<div class=\"mb-1\">\n<div class=\"heading\"><\/div>\n<\/div>\n<div class=\"d-flex flex-column mb-6\">\n<div class=\"order-2 order-lg-1\">\n<p>La formule de Carnilove Salmon &amp; Turkey pour chiots de grandes races a \u00e9t\u00e9 sp\u00e9cialement \u00e9labor\u00e9e pour r\u00e9pondre aux besoins nutritionnels des chiots de grandes races et leur apporter une alimentation riche en nutriments, prot\u00e9ines et mati\u00e8res grasses indispensables \u00e0 la croissance et au cartilage.<\/p>\n<p>Le saumon constitue une excellente source de prot\u00e9ines particuli\u00e8rement digestes ainsi que d&rsquo;acides gras insatur\u00e9s Om\u00e9ga-3 qui ont un effet b\u00e9n\u00e9fique sur le d\u00e9veloppement mental, le syst\u00e8me cardiovasculaire et le m\u00e9tabolisme (car ils r\u00e9duisent la glyc\u00e9mie) de votre chiot. Cet ingr\u00e9dient am\u00e9liore \u00e9galement la qualit\u00e9 et l&rsquo;aspect de la peau et du poil.<\/p>\n<p>La dinde est un aliment riche en prot\u00e9ines digestes et en oligo-\u00e9l\u00e9ments, tels que le zinc. Elle contient \u00e9galement des vitamines B3 et B6, essentielles au fonctionnement du cerveau, \u00e0 la tonicit\u00e9 musculaire et \u00e0 la croissance.<\/p>\n<h2>COMPOSITION<\/h2>\n<p>chairs moulues d\u00e9shydrat\u00e9es de saumon (25 %), viandes moulues d\u00e9shydrat\u00e9es de dinde (20 %), pois jaunes (18 %), graisse de poulet (conserv\u00e9e par des tocoph\u00e9rols, 9 %), saumon hydrolis\u00e9\u00a0 (6 %), prot\u00e9ines de poulet hydrolys\u00e9es (5 %), amidon de tapioca\u00a0 (5 %), pommes (3 %), foie de poulet (3 %), huile de saumon (2 %), carottes (1 %), graines de lin (1 %), pois chiches (1 %), coquilles de crustac\u00e9s hydrolys\u00e9es (source de glucosamine, 0,031 %), extrait de cartilage (source de chondro\u00eftine, 0,019 %), levure de bi\u00e8re (source de manno-oligosaccharides, 0,018 %), racine de chicor\u00e9e (source de fructo- oligosaccharides, 0,012 %), Yucca schidigera (0,011 %), algues (0,01 %), psyllium (0,01 %), thym (0,01 %), romarin (0,01 %), origan (0,01 %), airelles (0,0008 %), myrtilles (0,0008 %), framboises (0,0008 %).<\/p>\n<h2>ADDITIFS NUTRITIONNELS POUR 1 KG<\/h2>\n<p>vitamine A (3a672a) 24 000 U.I., vitamine D3 (3a671) 1 600 U.I., vitamine E (3a700) 500 mg, zinc (3b606) 100 mg, fer (3b106) 85 mg, mangan\u00e8se (3b504) 40 mg, iode (3b201) 0,75 mg, cuivre (3b406) 18 mg, s\u00e9l\u00e9nium (3b810) 0,28 mg.<\/p>\n<h2>COMPOSANT ANALYTIQUES POUR 1 KG<\/h2>\n<p>prot\u00e9ine brute 38,0 %, graisse brute 16,0 %, cendres brutes 7,8 %, cellulose brute 2,5 %, humidit\u00e9 10,0 %, calcium 1,3 %, phosphore 1,0 %, sodium 0,45 %.<\/p>\n<h2>\u00c9NERGIE M\u00c9TABOLISABLE<\/h2>\n<p>3 800 kcal\/kg. Acides gras Om\u00e9ga-3 : 0,68 %, acides gras Om\u00e9ga-6 : 2,2 %.<\/p>\n<p>Le dosage journalier d\u00e9pend de l\u2019\u00e2ge, la taille, du niveau d\u2019activit\u00e9 et de l\u2019environnement de votre chien. Assurez-vous que votre chien peut boire de l\u2019eau fra\u00eeche \u00e0 tout moment de la journ\u00e9e.<\/p>\n<\/div>\n<\/div>\n","protected":false},"excerpt":{"rendered":"<div class=\"order-2 order-lg-1\">\n<div class=\"order-2 order-lg-1\">\n<div class=\"mb-1\">\n<div class=\"heading\">\n<p class=\"heading__subtitle productDetail__subtitle\">\u2265 25 KG \u00e0 l&rsquo;\u00e2ge adulte, 3 \u2013 30 mois<\/p>\n<\/div>\n<\/div>\n<div class=\"d-flex flex-column mb-6\">\n<div class=\"order-2 order-lg-1\">\n<p class=\"benefits__content\">FORMULE SANS C\u00c9R\u00c9ALES ET SANS POMMES DE TERRE POUR LES CHIOTS DE GRANDES RACES (\u2265 25 KG \u00e0 l&rsquo;\u00e2ge adulte, \u00c2G\u00c9S DE 3 \u00c0 30 MOIS). ALIMENT COMPLET POUR CHIENS.<\/p>\n<\/div>\n<\/div>\n<\/div>\n<\/div>\n","protected":false},"featured_media":12429,"template":"","meta":{"jetpack_publicize_message":"","jetpack_publicize_feature_enabled":true,"jetpack_social_post_already_shared":true,"jetpack_social_options":{"image_generator_settings":{"template":"highway","default_image_id":0,"font":"","enabled":false},"version":2}},"product_brand":[],"product_cat":[26],"product_tag":[],"class_list":{"0":"post-12427","1":"product","2":"type-product","3":"status-publish","4":"has-post-thumbnail","6":"product_cat-croquettes","8":"first","9":"outofstock","10":"taxable","11":"shipping-taxable","12":"purchasable","13":"product-type-variable"},"supplier_id":7839,"supplier_sku":"","barcode":null,"atum_controlled":true,"out_stock_date":null,"out_stock_threshold":null,"inheritable":true,"inbound_stock":0,"stock_on_hold":0,"sold_today":0,"sales_last_days":0,"reserved_stock":0,"customer_returns":0,"warehouse_damage":0,"lost_in_post":0,"other_logs":0,"out_stock_days":0,"lost_sales":0,"has_location":false,"update_date":"2026-05-14T00:00:31","atum_locations":[],"atum_stock_status":"outofstock","restock_status":false,"low_stock_amount":"","sales_update_date":"2026-05-14T00:00:31","calc_backorders":null,"jetpack_publicize_connections":[],"jetpack_sharing_enabled":true,"batches":[],"_links":{"self":[{"href":"https:\/\/petworld.ma\/index.php\/wp-json\/wp\/v2\/product\/12427","targetHints":{"allow":["GET"]}}],"collection":[{"href":"https:\/\/petworld.ma\/index.php\/wp-json\/wp\/v2\/product"}],"about":[{"href":"https:\/\/petworld.ma\/index.php\/wp-json\/wp\/v2\/types\/product"}],"wp:featuredmedia":[{"embeddable":true,"href":"https:\/\/petworld.ma\/index.php\/wp-json\/wp\/v2\/media\/12429"}],"wp:attachment":[{"href":"https:\/\/petworld.ma\/index.php\/wp-json\/wp\/v2\/media?parent=12427"}],"wp:term":[{"taxonomy":"product_brand","embeddable":true,"href":"https:\/\/petworld.ma\/index.php\/wp-json\/wp\/v2\/product_brand?post=12427"},{"taxonomy":"product_cat","embeddable":true,"href":"https:\/\/petworld.ma\/index.php\/wp-json\/wp\/v2\/product_cat?post=12427"},{"taxonomy":"product_tag","embeddable":true,"href":"https:\/\/petworld.ma\/index.php\/wp-json\/wp\/v2\/product_tag?post=12427"}],"curies":[{"name":"wp","href":"https:\/\/api.w.org\/{rel}","templated":true}]}}