{"id":12437,"date":"2024-10-06T16:59:07","date_gmt":"2024-10-06T16:59:07","guid":{"rendered":"https:\/\/petworld.ma\/?post_type=product&#038;p=12437"},"modified":"2026-03-12T16:06:10","modified_gmt":"2026-03-12T16:06:10","slug":"carnilove-dog-pate-duck-with-timothy-grass-canard-300g","status":"publish","type":"product","link":"https:\/\/petworld.ma\/index.php\/produit\/carnilove-dog-pate-duck-with-timothy-grass-canard-300g\/","title":{"rendered":"Carnilove Dog Pat\u00e9 Duck with Timothy Grass (Canard) 300g"},"content":{"rendered":"<div class=\"order-2 order-lg-1\">\n<p class=\"benefits__content\"><strong>SACHET FRA\u00ceCHEUR AVEC DES MORCEAUX DE VIANDE ET D\u2019ORGANES D\u2019ANIMAUX EN P\u00c2T\u00c9. UN ALIMENT COMPLET OU UN ACCOMPAGNEMENT SAVOUREUX POUR LES CROQUETTES. DES TYPES DE VIANDE UNIQUES. SANS C\u00c9R\u00c9ALES, SANS POMMES DE TERRE, SANS OGM, SANS SOJA, SANS CONSERVATEURS, SANS COLORANTS. TENEUR \u00c9LEV\u00c9E EN VIANDE DE 85 %.<\/strong><\/p>\n<p class=\"benefits__content\">Hypoallerg\u00e9nique et parfaitement digestible, le canard est doux pour le tube digestif et assure une excellente condition physique. La teneur \u00e9lev\u00e9e en acides gras polyinsatur\u00e9s prot\u00e8ge le c\u0153ur et le syst\u00e8me circulatoire. La fl\u00e9ole des pr\u00e9s est une source de fibres brutes et a \u00e9galement un effet b\u00e9n\u00e9fique sur la sant\u00e9 du tube digestif.<\/p>\n<h2>COMPOSITION<\/h2>\n<p>85 % viande et organes (59 % dindon, 26 % canard), 4 % fl\u00e9ole des pr\u00e9s, 1 % farine de pois, 1% lignocellulose, 1 % huile de lin.<\/p>\n<h2>ADDITIFS NUTRITIONNELS POUR 1 KG<\/h2>\n<p>vitamine D3 (3a671) 200 unit\u00e9s, vitamine E (3a700) 100 mg, biotine (3a880) 0,5 mg, zinc (3b606) 12 mg, mangan\u00e8se (3b504) 3 mg, fer (3b106) 10 mg, cuivre (3b406) 4 mg, iode (3b201) 0,7 mg, taurine (3a370) 800 mg. Additifs technologiques par kg: gomme de caroube (E 410) 4,000 mg. Contient des antioxydants naturels.<\/p>\n<h2>COMPOSANT ANALYTIQUES POUR 1 KG<\/h2>\n<p>prot\u00e9ine brute 12,0 %, teneur en mati\u00e8res grasses 9,0 %, cellulose brute 0,5 %, cendres brutes 2,5 %, humidit\u00e9 78,0 %, calcium 0,2 %, phosphore 0,2\u00a0%, sodium 0,3\u00a0%, om\u00e9ga-3 0,15\u00a0%<\/p>\n<h2>\u00c9NERGIE M\u00c9TABOLISABLE<\/h2>\n<p>1 210 kcal\/kg<\/p>\n<\/div>\n","protected":false},"excerpt":{"rendered":"<div class=\"order-2 order-lg-1\">\n<div class=\"order-2 order-lg-1\">\n<p>Canard \u00e0 la fl\u00e9ole des pr\u00e9s.<br \/>\nPOCHETTE AVEC DES MORCEAUX DE VIANDE ET D&rsquo;ORGANES SAUVAGES EN P\u00c2T\u00c9.<\/p>\n<\/div>\n<\/div>\n","protected":false},"featured_media":12438,"template":"","meta":{"jetpack_publicize_message":"","jetpack_publicize_feature_enabled":true,"jetpack_social_post_already_shared":true,"jetpack_social_options":{"image_generator_settings":{"template":"highway","default_image_id":0,"font":"","enabled":false},"version":2}},"product_brand":[],"product_cat":[26,39],"product_tag":[],"class_list":{"0":"post-12437","1":"product","2":"type-product","3":"status-publish","4":"has-post-thumbnail","6":"product_cat-croquettes","7":"product_cat-friandises-et-pates-pour-chien","9":"first","10":"outofstock","11":"taxable","12":"shipping-taxable","13":"purchasable","14":"product-type-simple"},"supplier_id":7839,"supplier_sku":"","barcode":null,"atum_controlled":true,"out_stock_date":"2026-03-12 16:06:10","out_stock_threshold":null,"inheritable":false,"inbound_stock":0,"stock_on_hold":0,"sold_today":0,"sales_last_days":0,"reserved_stock":0,"customer_returns":0,"warehouse_damage":0,"lost_in_post":0,"other_logs":0,"out_stock_days":62,"lost_sales":0,"has_location":false,"update_date":"2026-05-14T00:00:38","atum_locations":[],"atum_stock_status":"outofstock","restock_status":false,"low_stock_amount":10,"sales_update_date":"2026-05-14T00:00:38","calc_backorders":null,"jetpack_publicize_connections":[],"jetpack_sharing_enabled":true,"batches":[{"id":"538","date_created":"2024-10-06 17:03:09","date_expiry":"2026-04-16 00:00:00","user_id":"1","batch_number":"CarnilovePouchChien160426","location":"","quantity":"10.0000","quantity_available":"0.0000","units":"1","status":"archived","order_ids":"[13748]","supplier":"Carnilove","po":{"id":"521","date_created":"2024-10-06 17:03:10","batch_id":"538","po_number":"","supplier":"Carnilove","cost":null,"regular_price":null,"sale_price":null,"price_margin":null,"price_discount":null}},{"id":"3152","date_created":"2025-04-24 20:57:58","date_expiry":"2025-12-13 00:00:00","user_id":"1","batch_number":"CarnilovePouchChien131225","location":"","quantity":"12.0000","quantity_available":"0.0000","units":"1","status":"archived","order_ids":"[21338,21908,22379,22951,23631,24932,28260,28593,30275]","supplier":"Carnilove","po":{"id":"3120","date_created":"2025-04-24 20:57:58","batch_id":"3152","po_number":"","supplier":"Carnilove","cost":null,"regular_price":null,"sale_price":null,"price_margin":null,"price_discount":null}}],"_links":{"self":[{"href":"https:\/\/petworld.ma\/index.php\/wp-json\/wp\/v2\/product\/12437","targetHints":{"allow":["GET"]}}],"collection":[{"href":"https:\/\/petworld.ma\/index.php\/wp-json\/wp\/v2\/product"}],"about":[{"href":"https:\/\/petworld.ma\/index.php\/wp-json\/wp\/v2\/types\/product"}],"wp:featuredmedia":[{"embeddable":true,"href":"https:\/\/petworld.ma\/index.php\/wp-json\/wp\/v2\/media\/12438"}],"wp:attachment":[{"href":"https:\/\/petworld.ma\/index.php\/wp-json\/wp\/v2\/media?parent=12437"}],"wp:term":[{"taxonomy":"product_brand","embeddable":true,"href":"https:\/\/petworld.ma\/index.php\/wp-json\/wp\/v2\/product_brand?post=12437"},{"taxonomy":"product_cat","embeddable":true,"href":"https:\/\/petworld.ma\/index.php\/wp-json\/wp\/v2\/product_cat?post=12437"},{"taxonomy":"product_tag","embeddable":true,"href":"https:\/\/petworld.ma\/index.php\/wp-json\/wp\/v2\/product_tag?post=12437"}],"curies":[{"name":"wp","href":"https:\/\/api.w.org\/{rel}","templated":true}]}}