{"id":12447,"date":"2024-10-06T18:51:05","date_gmt":"2024-10-06T18:51:05","guid":{"rendered":"https:\/\/petworld.ma\/?post_type=product&#038;p=12447"},"modified":"2026-05-05T18:21:13","modified_gmt":"2026-05-05T18:21:13","slug":"vermifuge-pour-chiens-et-chats","status":"publish","type":"product","link":"https:\/\/petworld.ma\/index.php\/produit\/vermifuge-pour-chiens-et-chats\/","title":{"rendered":"Vermifuge pour Chiens et Chats &#8211; 1 comprim\u00e9"},"content":{"rendered":"<p>Biheldon est l&rsquo;un des meilleurs produits vermifuges que vous pouvez acheter pour une fraction du prix que vous paieriez en visitant votre animalerie locale. Il convient aussi bien aux chiens qu&rsquo;aux chats.<\/p>\n<p><strong>Comment donner Biheldon :<\/strong><\/p>\n<p><strong><em>Jusqu&rsquo;\u00e0 2,5 kg\u00a0 &#8211; 1\/4 comprim\u00e9<\/em><\/strong><\/p>\n<p><strong><em>2,6 kg \u2013 5 kg \u2013 1\/2 comprim\u00e9<\/em><\/strong><\/p>\n<p><strong><em>5,1 kg \u2013 10 kg \u2013 1 comprim\u00e9<\/em><\/strong><\/p>\n<p><strong><em>10,1 kg \u2013 20 kg \u2013 2 comprim\u00e9s<\/em><\/strong><\/p>\n<p><strong><em>20,1 kg \u2013 25 kg \u2013 2\u00bd comprim\u00e9s<\/em><\/strong><\/p>\n<p><strong><em>25,1 kg \u2013 30 kg \u2013 3 comprim\u00e9s<\/em><\/strong><\/p>\n<p><strong><em>30,1 kg \u2013 40 kg \u2013 3\u00bd comprim\u00e9s<\/em><\/strong><\/p>\n<p><strong><em>40,1 kg \u2013 50 kg\u2013 4 comprim\u00e9s<\/em><\/strong><\/p>\n<p><strong><em>Pas plus de 4 comprim\u00e9s par chien\/chat \u2013 une fois tous les 3 mois. Vous pouvez donner Biheldon directement ou m\u00e9lang\u00e9 \u00e0 de la nourriture.<\/em><\/strong><\/p>\n","protected":false},"excerpt":{"rendered":"<p>Biheldon est l&rsquo;un des meilleurs produits vermifuges que vous pouvez acheter pour une fraction du prix que vous paieriez en visitant votre animalerie locale. Il convient aussi bien aux chiens qu&rsquo;aux chats. Comment donner Biheldon : Jusqu&rsquo;\u00e0 2,5 kg\u00a0 &#8211; 1\/4 comprim\u00e9 2,6 kg \u2013 5 kg \u2013 1\/2 comprim\u00e9 5,1 kg \u2013 10 kg [&#8230;]\n","protected":false},"featured_media":12454,"template":"","meta":{"jetpack_publicize_message":"","jetpack_publicize_feature_enabled":true,"jetpack_social_post_already_shared":true,"jetpack_social_options":{"image_generator_settings":{"template":"highway","default_image_id":0,"font":"","enabled":false},"version":2}},"product_brand":[],"product_cat":[229,228],"product_tag":[],"class_list":{"0":"post-12447","1":"product","2":"type-product","3":"status-publish","4":"has-post-thumbnail","6":"product_cat-antiparasitaires-vermifuges-hygiene-et-soins-pour-chat","7":"product_cat-antiparasitaires-vermifuges","9":"first","10":"instock","11":"taxable","12":"shipping-taxable","13":"purchasable","14":"product-type-simple"},"supplier_id":5592,"supplier_sku":"","barcode":null,"atum_controlled":true,"out_stock_date":null,"out_stock_threshold":null,"inheritable":false,"inbound_stock":0,"stock_on_hold":1,"sold_today":2,"sales_last_days":20,"reserved_stock":0,"customer_returns":0,"warehouse_damage":0,"lost_in_post":0,"other_logs":0,"out_stock_days":0,"lost_sales":0,"has_location":false,"update_date":"2026-05-05T18:21:16","atum_locations":[],"atum_stock_status":"instock","restock_status":false,"low_stock_amount":2,"sales_update_date":"2026-05-05T18:21:16","calc_backorders":0,"jetpack_publicize_connections":[],"jetpack_sharing_enabled":true,"batches":[{"id":"554","date_created":"2024-10-06 19:01:36","date_expiry":"2027-05-31 00:00:00","user_id":"2461","batch_number":"VermifugeBheldon310527","location":"","quantity":"88.0000","quantity_available":"0.0000","units":"1","status":"archived","order_ids":"[12962,13223,13246,13271,13280,13486,13855,14410,14625,14829,15047,15082,15585,15751,15955,16099,16102,16158,16257,16276,16322,16324,16481,16645,16657,16819,17011,17015,17022]","supplier":"Casablanca","po":{"id":"537","date_created":"2024-10-06 19:01:37","batch_id":"554","po_number":"","supplier":"Casablanca","cost":null,"regular_price":null,"sale_price":null,"price_margin":null,"price_discount":null}},{"id":"2206","date_created":"2025-02-27 11:39:54","date_expiry":"2027-05-31 00:00:00","user_id":"2461","batch_number":"VermifugeBheldon310527","location":"","quantity":"20.0000","quantity_available":"0.0000","units":"1","status":"archived","order_ids":"[18633,18790,18890,19019]","supplier":"Casablanca","po":{"id":"2175","date_created":"2025-02-27 11:39:57","batch_id":"2206","po_number":"","supplier":"Casablanca","cost":null,"regular_price":null,"sale_price":null,"price_margin":null,"price_discount":null}},{"id":"2570","date_created":"2025-03-29 21:49:51","date_expiry":"2027-05-31 00:00:00","user_id":"2461","batch_number":"VermifugeBheldon310527","location":"","quantity":"90.0000","quantity_available":"0.0000","units":"1","status":"archived","order_ids":"[19996,20236,20373,20497,20538,20552,25052,25088,25099,25342,25773,25996,26081,26379,26485,26895,27014,27017,27028,27076,27338,27439,27655,27860,28055]","supplier":"Rabat","po":{"id":"2538","date_created":"2025-03-29 21:49:54","batch_id":"2570","po_number":"","supplier":"Rabat","cost":null,"regular_price":null,"sale_price":null,"price_margin":null,"price_discount":null}},{"id":"3026","date_created":"2025-04-12 21:40:08","date_expiry":"2027-05-31 00:00:00","user_id":"2461","batch_number":"VermifugeBheldon310527","location":"","quantity":"60.0000","quantity_available":"0.0000","units":"1","status":"archived","order_ids":"[20949,21014,21173,21439,21574,21777,21797,22075,22478,22519,23208,23416,23524,23573,23574,23581,23887,24175,24479,24496,24755,25002,28377,28660,32290,32322,32447,32453,32535,32811,32981,33202,33290,33299,33512,33514,33681,33722,33843,33980,34266,34440,34657,34660,34681,34811,34850,35175,35456,35697,35876,35994,36989]","supplier":"Casablanca","po":{"id":"2994","date_created":"2025-04-12 21:40:13","batch_id":"3026","po_number":"","supplier":"Casablanca","cost":null,"regular_price":null,"sale_price":null,"price_margin":null,"price_discount":null}},{"id":"7963","date_created":"2026-02-26 14:17:34","date_expiry":"2027-05-31 00:00:00","user_id":"2461","batch_number":"VermifugeBheldon310527","location":"","quantity":"116.0000","quantity_available":"7.0000","units":"1","status":"active","order_ids":"[36701,36718,36799,36989,37003,37009,37264,37279,37316,37337,37344,37383,37409,37709,37745,37755,37839,38072,38095,38187,38214,38255,38297,38360,38391,38472,38480,38486,38560,38684,38709,38963,39120,39145,39295,39458,40140,40286,40325,40417,40428,40567,40659,40723,40866,40868,41130,41406,41442]","supplier":"Casablanca","po":{"id":"7901","date_created":"2026-02-26 14:17:35","batch_id":"7963","po_number":"","supplier":"Casablanca","cost":null,"regular_price":null,"sale_price":null,"price_margin":null,"price_discount":null}},{"id":"8963","date_created":"2026-04-20 09:21:30","date_expiry":"2027-05-31 00:00:00","user_id":"2461","batch_number":"VermifugeBheldon310527","location":"","quantity":"180.0000","quantity_available":"180.0000","units":"1","status":"active","order_ids":null,"supplier":"Casablanca","po":{"id":"8887","date_created":"2026-04-20 09:21:30","batch_id":"8963","po_number":"","supplier":"Casablanca","cost":null,"regular_price":null,"sale_price":null,"price_margin":null,"price_discount":null}}],"_links":{"self":[{"href":"https:\/\/petworld.ma\/index.php\/wp-json\/wp\/v2\/product\/12447","targetHints":{"allow":["GET"]}}],"collection":[{"href":"https:\/\/petworld.ma\/index.php\/wp-json\/wp\/v2\/product"}],"about":[{"href":"https:\/\/petworld.ma\/index.php\/wp-json\/wp\/v2\/types\/product"}],"wp:featuredmedia":[{"embeddable":true,"href":"https:\/\/petworld.ma\/index.php\/wp-json\/wp\/v2\/media\/12454"}],"wp:attachment":[{"href":"https:\/\/petworld.ma\/index.php\/wp-json\/wp\/v2\/media?parent=12447"}],"wp:term":[{"taxonomy":"product_brand","embeddable":true,"href":"https:\/\/petworld.ma\/index.php\/wp-json\/wp\/v2\/product_brand?post=12447"},{"taxonomy":"product_cat","embeddable":true,"href":"https:\/\/petworld.ma\/index.php\/wp-json\/wp\/v2\/product_cat?post=12447"},{"taxonomy":"product_tag","embeddable":true,"href":"https:\/\/petworld.ma\/index.php\/wp-json\/wp\/v2\/product_tag?post=12447"}],"curies":[{"name":"wp","href":"https:\/\/api.w.org\/{rel}","templated":true}]}}