{"id":12455,"date":"2024-10-06T19:04:14","date_gmt":"2024-10-06T19:04:14","guid":{"rendered":"https:\/\/petworld.ma\/?post_type=product&#038;p=12455"},"modified":"2026-03-31T17:55:43","modified_gmt":"2026-03-31T17:55:43","slug":"vermifuge-pour-chat-comprime-fabrique-en-france-1-comprime","status":"publish","type":"product","link":"https:\/\/petworld.ma\/index.php\/produit\/vermifuge-pour-chat-comprime-fabrique-en-france-1-comprime\/","title":{"rendered":"Vermifuge pour Chat Comprim\u00e9 Fabriqu\u00e9 en France &#8211; 1 comprim\u00e9-"},"content":{"rendered":"<p class=\"classyunicodedone\">Traitement des infestations mixtes par les vers ronds et vers plats chez les chats.<\/p>\n<p>Utilisation: 1 comprim\u00e9 pour 4 kg de poids corporel en une seule prise.<\/p>\n<table>\n<tbody>\n<tr>\n<th>Poids de l\u2019animal (kg)<\/th>\n<th>Nombre de comprim\u00e9s par prise<\/th>\n<\/tr>\n<tr>\n<td>1,0 \u00e0 2,0 kg<\/td>\n<td>\u00bd<\/td>\n<\/tr>\n<tr>\n<td>2,1 \u00e0 4,0 kg<\/td>\n<td>1<\/td>\n<\/tr>\n<tr>\n<td>4,1 \u00e0 6,0 kg<\/td>\n<td>1 + \u00bd<\/td>\n<\/tr>\n<tr>\n<td>6,1 \u00e0 8,0 kg<\/td>\n<td>2<\/td>\n<\/tr>\n<\/tbody>\n<\/table>\n","protected":false},"excerpt":{"rendered":"<p>Traitement des infestations mixtes par les vers ronds et vers plats chez les chats.<\/p>\n<p>Prix pour 1 comprim\u00e9.<\/p>\n","protected":false},"featured_media":12457,"template":"","meta":{"jetpack_publicize_message":"","jetpack_publicize_feature_enabled":true,"jetpack_social_post_already_shared":true,"jetpack_social_options":{"image_generator_settings":{"template":"highway","default_image_id":0,"font":"","enabled":false},"version":2}},"product_brand":[],"product_cat":[229],"product_tag":[],"class_list":{"0":"post-12455","1":"product","2":"type-product","3":"status-publish","4":"has-post-thumbnail","6":"product_cat-antiparasitaires-vermifuges-hygiene-et-soins-pour-chat","8":"first","9":"outofstock","10":"taxable","11":"shipping-taxable","12":"purchasable","13":"product-type-simple"},"supplier_id":33247,"supplier_sku":"","barcode":null,"atum_controlled":true,"out_stock_date":"2026-03-31 17:55:43","out_stock_threshold":null,"inheritable":false,"inbound_stock":0,"stock_on_hold":0,"sold_today":0,"sales_last_days":0,"reserved_stock":0,"customer_returns":0,"warehouse_damage":0,"lost_in_post":0,"other_logs":0,"out_stock_days":35,"lost_sales":0,"has_location":false,"update_date":"2026-05-06T00:17:38","atum_locations":[],"atum_stock_status":"outofstock","restock_status":false,"low_stock_amount":3,"sales_update_date":"2026-05-06T00:17:38","calc_backorders":null,"jetpack_publicize_connections":[],"jetpack_sharing_enabled":true,"batches":[{"id":"555","date_created":"2024-10-06 19:12:06","date_expiry":"2028-09-30 00:00:00","user_id":"2461","batch_number":"VermifugeBiocanina300928","location":"","quantity":"12.0000","quantity_available":"0.0000","units":"1","status":"archived","order_ids":"[15915,16645,17010,17418]","supplier":"Casablanca","po":{"id":"538","date_created":"2024-10-06 19:12:06","batch_id":"555","po_number":"","supplier":"Casablanca","cost":null,"regular_price":null,"sale_price":null,"price_margin":null,"price_discount":null}},{"id":"3043","date_created":"2025-04-14 14:15:33","date_expiry":"2028-09-30 00:00:00","user_id":"2461","batch_number":"VermifugeBiocanina300928","location":"","quantity":"20.0000","quantity_available":"0.0000","units":"1","status":"archived","order_ids":"[21023,22918,23167,23519,23543,24079,24140,24247,25105,25205,26518,27457,29328,29419,29844]","supplier":"PARIS ","po":{"id":"3009","date_created":"2025-04-14 14:15:34","batch_id":"3043","po_number":"","supplier":"PARIS ","cost":null,"regular_price":null,"sale_price":null,"price_margin":null,"price_discount":null}},{"id":"7209","date_created":"2026-01-17 16:05:45","date_expiry":"2028-09-30 00:00:00","user_id":"2461","batch_number":"VermifugeBiocanina300928","location":"","quantity":"4.0000","quantity_available":"0.0000","units":"1","status":"archived","order_ids":"[36898,37132,37321]","supplier":"Mourad","po":{"id":"7145","date_created":"2026-01-17 16:05:46","batch_id":"7209","po_number":"","supplier":"Mourad","cost":null,"regular_price":null,"sale_price":null,"price_margin":null,"price_discount":null}},{"id":"7210","date_created":"2026-01-17 16:38:29","date_expiry":"2028-01-30 00:00:00","user_id":"2461","batch_number":"VermifugeBiocanina0128","location":"","quantity":"6.0000","quantity_available":"0.0000","units":"1","status":"archived","order_ids":"[35478,36489,36507]","supplier":"Mourad","po":{"id":"7146","date_created":"2026-01-17 16:38:29","batch_id":"7210","po_number":"","supplier":"Mourad","cost":null,"regular_price":null,"sale_price":null,"price_margin":null,"price_discount":null}}],"_links":{"self":[{"href":"https:\/\/petworld.ma\/index.php\/wp-json\/wp\/v2\/product\/12455","targetHints":{"allow":["GET"]}}],"collection":[{"href":"https:\/\/petworld.ma\/index.php\/wp-json\/wp\/v2\/product"}],"about":[{"href":"https:\/\/petworld.ma\/index.php\/wp-json\/wp\/v2\/types\/product"}],"wp:featuredmedia":[{"embeddable":true,"href":"https:\/\/petworld.ma\/index.php\/wp-json\/wp\/v2\/media\/12457"}],"wp:attachment":[{"href":"https:\/\/petworld.ma\/index.php\/wp-json\/wp\/v2\/media?parent=12455"}],"wp:term":[{"taxonomy":"product_brand","embeddable":true,"href":"https:\/\/petworld.ma\/index.php\/wp-json\/wp\/v2\/product_brand?post=12455"},{"taxonomy":"product_cat","embeddable":true,"href":"https:\/\/petworld.ma\/index.php\/wp-json\/wp\/v2\/product_cat?post=12455"},{"taxonomy":"product_tag","embeddable":true,"href":"https:\/\/petworld.ma\/index.php\/wp-json\/wp\/v2\/product_tag?post=12455"}],"curies":[{"name":"wp","href":"https:\/\/api.w.org\/{rel}","templated":true}]}}