{"id":12461,"date":"2024-10-06T20:01:43","date_gmt":"2024-10-06T20:01:43","guid":{"rendered":"https:\/\/petworld.ma\/?post_type=product&#038;p=12461"},"modified":"2026-04-01T02:35:04","modified_gmt":"2026-04-01T02:35:04","slug":"purina-felix-fantastiques-festin-del-mar-4x85g-saumon-thon-cabillaud","status":"publish","type":"product","link":"https:\/\/petworld.ma\/index.php\/produit\/purina-felix-fantastiques-festin-del-mar-4x85g-saumon-thon-cabillaud\/","title":{"rendered":"Purina Felix Fantastiques Festin Del Mar 4x85g (Saumon, Thon, Cabillaud)"},"content":{"rendered":"<p><strong>Felix Fantastic Feast of the Sea<\/strong>\u00a0est un sachet en g\u00e9latine d&rsquo;aliments humides pour chats adultes compos\u00e9 d&rsquo;ingr\u00e9dients de haute qualit\u00e9. Ils contiennent des vitamines et des min\u00e9raux ainsi que des acides gras om\u00e9ga 6, ce qui en fait un aliment 100 % complet et \u00e9quilibr\u00e9. Ils se pr\u00e9sentent sous deux formes diff\u00e9rentes :<\/p>\n<p>&#8211; Paquet de 4 sachets : thon, saumon, cabillaud et plie.<\/p>\n<h3>Composition:<\/h3>\n<p>&#8211; Thon : Viandes et sous-produits animaux* (12%), Extraits de prot\u00e9ines v\u00e9g\u00e9tales, Poissons et sous-produits de poissons (thon 4%), Min\u00e9raux, Sucres<br \/>\n*truite : 40% Viandes et sous-produits animaux.<br \/>\n&#8211; Saumon : Viandes et sous-produits animaux* (12%), Extraits de prot\u00e9ines v\u00e9g\u00e9tales, Poissons et sous-produits de poissons (saumon 4%), Substances min\u00e9rales, Sucres<br \/>\n*trocytes : 40% Viandes et sous-produits animaux.<\/p>\n<p>&#8211; Cabillaud : Viande et sous-produits animaux* (12%), Extraits de prot\u00e9ines v\u00e9g\u00e9tales, Poisson et sous-produits de poisson (cabillaud 4%), Substances min\u00e9rales, Sucres<br \/>\n*trocytes : 40% Viande et sous-produits animaux.<\/p>\n","protected":false},"excerpt":{"rendered":"<p>Paquet de 4 sachets : thon, saumon, cabillaud et plie.<\/p>\n","protected":false},"featured_media":12462,"template":"","meta":{"jetpack_publicize_message":"","jetpack_publicize_feature_enabled":true,"jetpack_social_post_already_shared":true,"jetpack_social_options":{"image_generator_settings":{"template":"highway","default_image_id":0,"font":"","enabled":false},"version":2}},"product_brand":[],"product_cat":[41],"product_tag":[],"class_list":{"0":"post-12461","1":"product","2":"type-product","3":"status-publish","4":"has-post-thumbnail","6":"product_cat-friandises-et-pate-pour-chat","8":"first","9":"instock","10":"sale","11":"taxable","12":"shipping-taxable","13":"purchasable","14":"product-type-simple"},"supplier_id":5592,"supplier_sku":"","barcode":null,"atum_controlled":true,"out_stock_date":null,"out_stock_threshold":null,"inheritable":false,"inbound_stock":0,"stock_on_hold":0,"sold_today":0,"sales_last_days":0,"reserved_stock":0,"customer_returns":0,"warehouse_damage":0,"lost_in_post":0,"other_logs":0,"out_stock_days":0,"lost_sales":0,"has_location":false,"update_date":"2026-04-29T00:15:09","atum_locations":[],"atum_stock_status":"instock","restock_status":false,"low_stock_amount":12,"sales_update_date":"2026-04-29T00:15:09","calc_backorders":null,"jetpack_publicize_connections":[],"jetpack_sharing_enabled":true,"batches":[{"id":"557","date_created":"2024-10-06 20:07:21","date_expiry":"2025-06-30 00:00:00","user_id":"2461","batch_number":"FelixFantasticFestinDelMar300625","location":"","quantity":"12.0000","quantity_available":"0.0000","units":"1","status":"archived","order_ids":"[13109,13129,13516,13815,13964,14136,14378,15874,16482,16627,16739]","supplier":"Casablanca","po":{"id":"540","date_created":"2024-10-06 20:07:21","batch_id":"557","po_number":"","supplier":"Casablanca","cost":null,"regular_price":null,"sale_price":null,"price_margin":null,"price_discount":null}},{"id":"743","date_created":"2024-11-05 14:33:31","date_expiry":"2026-06-30 00:00:00","user_id":"2461","batch_number":"FelixFantasticFestinDelMar300626","location":"","quantity":"23.0000","quantity_available":"0.0000","units":"1","status":"archived","order_ids":"[16806,16952,17027,17033,17164,17622,17632,17661,17839]","supplier":"Casablanca","po":{"id":"724","date_created":"2024-11-05 14:33:32","batch_id":"743","po_number":"","supplier":"Casablanca","cost":null,"regular_price":null,"sale_price":null,"price_margin":null,"price_discount":null}},{"id":"1364","date_created":"2024-12-26 09:42:09","date_expiry":"2026-08-30 00:00:00","user_id":"2461","batch_number":"FelixFantasticFestinDelMar300826","location":"","quantity":"12.0000","quantity_available":"0.0000","units":"1","status":"archived","order_ids":"[17839,17892,18024,18062]","supplier":"Rabat","po":{"id":"1338","date_created":"2024-12-26 09:42:12","batch_id":"1364","po_number":"","supplier":"Rabat","cost":null,"regular_price":null,"sale_price":null,"price_margin":null,"price_discount":null}},{"id":"2089","date_created":"2025-02-21 14:36:14","date_expiry":"2026-10-30 00:00:00","user_id":"2461","batch_number":"FelixFantasticFestinDelMar301026","location":"","quantity":"24.0000","quantity_available":"0.0000","units":"1","status":"archived","order_ids":"[18420,18434,18439,18440,18638,18672,22264,22480,22547]","supplier":"Rabat","po":{"id":"2059","date_created":"2025-02-21 14:36:17","batch_id":"2089","po_number":"","supplier":"Rabat","cost":null,"regular_price":null,"sale_price":null,"price_margin":null,"price_discount":null}},{"id":"2255","date_created":"2025-03-06 09:30:05","date_expiry":"2026-08-30 00:00:00","user_id":"2461","batch_number":"FelixFantasticFestinDelMar300826","location":"","quantity":"24.0000","quantity_available":"0.0000","units":"1","status":"archived","order_ids":"[18764,18831,19058,19163,19427,19535,19722,20089,20176,21558,21620,21819]","supplier":"Rabat","po":{"id":"2224","date_created":"2025-03-06 09:30:08","batch_id":"2255","po_number":"","supplier":"Rabat","cost":null,"regular_price":null,"sale_price":null,"price_margin":null,"price_discount":null}},{"id":"2773","date_created":"2025-04-06 01:19:48","date_expiry":"2027-01-31 00:00:00","user_id":"2461","batch_number":"FelixFantasticFestinDelMar310127","location":"","quantity":"72.0000","quantity_available":"0.0000","units":"1","status":"archived","order_ids":"[22811,23373,23535,23646,23737,23911,24042,24222,24315,24322,24356,24393,24489,24720,24757,24769,24848,24949,25040,25044,25057,25287,25524,26033,26284,26316,26915,27321,27719,28204,28205,28207,28401,28461,28926,29003,29141,29219,29399,29673,30266,30467,30902,31100,32340,32548,33298,33349,33451]","supplier":"Rabat","po":{"id":"2742","date_created":"2025-04-06 01:19:54","batch_id":"2773","po_number":"","supplier":"Rabat","cost":null,"regular_price":null,"sale_price":null,"price_margin":null,"price_discount":null}},{"id":"3202","date_created":"2025-04-25 21:27:22","date_expiry":"2027-01-31 00:00:00","user_id":"2461","batch_number":"FelixFantasticFestinDelMar310127","location":"","quantity":"72.0000","quantity_available":"47.0000","units":"1","status":"active","order_ids":"[33579,33636,33885,34782,35518,35730,36070,36815,36901,37115,37201,37379,37618,38659]","supplier":"Rabat","po":{"id":"3170","date_created":"2025-04-25 21:27:22","batch_id":"3202","po_number":"","supplier":"Rabat","cost":null,"regular_price":null,"sale_price":null,"price_margin":null,"price_discount":null}}],"_links":{"self":[{"href":"https:\/\/petworld.ma\/index.php\/wp-json\/wp\/v2\/product\/12461","targetHints":{"allow":["GET"]}}],"collection":[{"href":"https:\/\/petworld.ma\/index.php\/wp-json\/wp\/v2\/product"}],"about":[{"href":"https:\/\/petworld.ma\/index.php\/wp-json\/wp\/v2\/types\/product"}],"wp:featuredmedia":[{"embeddable":true,"href":"https:\/\/petworld.ma\/index.php\/wp-json\/wp\/v2\/media\/12462"}],"wp:attachment":[{"href":"https:\/\/petworld.ma\/index.php\/wp-json\/wp\/v2\/media?parent=12461"}],"wp:term":[{"taxonomy":"product_brand","embeddable":true,"href":"https:\/\/petworld.ma\/index.php\/wp-json\/wp\/v2\/product_brand?post=12461"},{"taxonomy":"product_cat","embeddable":true,"href":"https:\/\/petworld.ma\/index.php\/wp-json\/wp\/v2\/product_cat?post=12461"},{"taxonomy":"product_tag","embeddable":true,"href":"https:\/\/petworld.ma\/index.php\/wp-json\/wp\/v2\/product_tag?post=12461"}],"curies":[{"name":"wp","href":"https:\/\/api.w.org\/{rel}","templated":true}]}}