{"id":12489,"date":"2024-10-07T15:18:40","date_gmt":"2024-10-07T15:18:40","guid":{"rendered":"https:\/\/petworld.ma\/?post_type=product&#038;p=12489"},"modified":"2026-05-07T16:48:06","modified_gmt":"2026-05-07T16:48:06","slug":"rolls-snack-chien-camon-6pcs","status":"publish","type":"product","link":"https:\/\/petworld.ma\/index.php\/produit\/rolls-snack-chien-camon-6pcs\/","title":{"rendered":"Camon Rolls Snack Poulet 70g"},"content":{"rendered":"<p><span dir=\"auto\">Ces friandises \u00e0 m\u00e2cher pour chiens sont compos\u00e9es d&rsquo;un os en cuir de vachette nou\u00e9 fourr\u00e9 au poulet.<\/span><br \/>\n<span dir=\"auto\">Id\u00e9ales comme g\u00e2terie ou r\u00e9compense.<\/span><br \/>\n<span dir=\"auto\">Formule sans gluten.<\/span><br \/>\n<span dir=\"auto\">Sans additifs.<\/span><\/p>\n<p><strong>Quantit\u00e9\u00a0:<\/strong> 70\u00a0g.<br \/>\n<strong>Longueur\u00a0:<\/strong> 12 cm.<br \/>\n<strong>Diam\u00e8tre\u00a0:<\/strong>\u00a01\/2\u00a0cm.<\/p>\n","protected":false},"excerpt":{"rendered":"<ul>\n<li>Aliment compl\u00e9mentaire pour chiens adultes, \u00e0 base de poulet.<\/li>\n<li>Formule sans gluten.<\/li>\n<li>Sans additifs.<\/li>\n<li>Riche en prot\u00e9ines de premi\u00e8re qualit\u00e9.<\/li>\n<\/ul>\n","protected":false},"featured_media":12490,"template":"","meta":{"jetpack_publicize_message":"","jetpack_publicize_feature_enabled":true,"jetpack_social_post_already_shared":true,"jetpack_social_options":{"image_generator_settings":{"template":"highway","default_image_id":0,"font":"","enabled":false},"version":2}},"product_brand":[],"product_cat":[39],"product_tag":[],"class_list":{"0":"post-12489","1":"product","2":"type-product","3":"status-publish","4":"has-post-thumbnail","6":"product_cat-friandises-et-pates-pour-chien","8":"first","9":"instock","10":"taxable","11":"shipping-taxable","12":"purchasable","13":"product-type-simple"},"supplier_id":8770,"supplier_sku":"AB260","barcode":null,"atum_controlled":true,"out_stock_date":null,"out_stock_threshold":null,"inheritable":false,"inbound_stock":0,"stock_on_hold":1,"sold_today":0,"sales_last_days":2,"reserved_stock":0,"customer_returns":0,"warehouse_damage":0,"lost_in_post":0,"other_logs":0,"out_stock_days":0,"lost_sales":0,"has_location":false,"update_date":"2026-05-08T09:02:26","atum_locations":[],"atum_stock_status":"instock","restock_status":false,"low_stock_amount":2,"sales_update_date":"2026-05-08T09:02:26","calc_backorders":null,"jetpack_publicize_connections":[],"jetpack_sharing_enabled":true,"batches":[{"id":"568","date_created":"2024-10-07 15:51:22","date_expiry":"2026-02-28 00:00:00","user_id":"50","batch_number":"RollsSnackChicken28022026","location":"","quantity":"10.0000","quantity_available":"0.0000","units":"1","status":"archived","order_ids":"[12652,12674,12972,13891,14134,16079,17939,18522,19109,21449,24197,24445,27131,27212,27988,29221]","supplier":"GreenTown kennel","po":{"id":"551","date_created":"2024-10-07 15:51:23","batch_id":"568","po_number":"","supplier":"GreenTown kennel","cost":null,"regular_price":null,"sale_price":null,"price_margin":null,"price_discount":null}},{"id":"4531","date_created":"2025-07-21 16:52:51","date_expiry":"2027-02-28 00:00:00","user_id":"50","batch_number":"RollsSnackChicken28022027","location":"","quantity":"10.0000","quantity_available":"0.0000","units":"1","status":"archived","order_ids":"[29960,30046,31020,31213,35026]","supplier":"GreenTown kennel","po":{"id":"4495","date_created":"2025-07-21 16:52:52","batch_id":"4531","po_number":"","supplier":"GreenTown kennel","cost":null,"regular_price":null,"sale_price":null,"price_margin":null,"price_discount":null}},{"id":"8815","date_created":"2026-04-15 09:52:57","date_expiry":"2027-10-30 00:00:00","user_id":"50","batch_number":"RollsSnackChicken301027","location":"","quantity":"12.0000","quantity_available":"8.0000","units":"1","status":"active","order_ids":"[39773,40745,41543]","supplier":"GreenTown kennel","po":{"id":"8742","date_created":"2026-04-15 09:52:58","batch_id":"8815","po_number":"","supplier":"GreenTown kennel","cost":null,"regular_price":null,"sale_price":null,"price_margin":null,"price_discount":null}}],"_links":{"self":[{"href":"https:\/\/petworld.ma\/index.php\/wp-json\/wp\/v2\/product\/12489","targetHints":{"allow":["GET"]}}],"collection":[{"href":"https:\/\/petworld.ma\/index.php\/wp-json\/wp\/v2\/product"}],"about":[{"href":"https:\/\/petworld.ma\/index.php\/wp-json\/wp\/v2\/types\/product"}],"wp:featuredmedia":[{"embeddable":true,"href":"https:\/\/petworld.ma\/index.php\/wp-json\/wp\/v2\/media\/12490"}],"wp:attachment":[{"href":"https:\/\/petworld.ma\/index.php\/wp-json\/wp\/v2\/media?parent=12489"}],"wp:term":[{"taxonomy":"product_brand","embeddable":true,"href":"https:\/\/petworld.ma\/index.php\/wp-json\/wp\/v2\/product_brand?post=12489"},{"taxonomy":"product_cat","embeddable":true,"href":"https:\/\/petworld.ma\/index.php\/wp-json\/wp\/v2\/product_cat?post=12489"},{"taxonomy":"product_tag","embeddable":true,"href":"https:\/\/petworld.ma\/index.php\/wp-json\/wp\/v2\/product_tag?post=12489"}],"curies":[{"name":"wp","href":"https:\/\/api.w.org\/{rel}","templated":true}]}}