{"id":12495,"date":"2024-10-07T15:38:29","date_gmt":"2024-10-07T15:38:29","guid":{"rendered":"https:\/\/petworld.ma\/?post_type=product&#038;p=12495"},"modified":"2026-04-29T17:27:07","modified_gmt":"2026-04-29T17:27:07","slug":"rolls-snack-rabbit-chien-camon-6pcs-lapin","status":"publish","type":"product","link":"https:\/\/petworld.ma\/index.php\/produit\/rolls-snack-rabbit-chien-camon-6pcs-lapin\/","title":{"rendered":"Camon Rolls Snack Lapin 70g"},"content":{"rendered":"<p>D\u00e9licieux rouleaux au lapin, un aliment compl\u00e9mentaire \u00e0 croquer pour chien.<br \/>\n&#8211; Formule sans gluten<br \/>\n&#8211; Sans additifs<\/p>\n<p>Taille: 6 pcs de 12cm 70g<\/p>\n<p>&nbsp;<\/p>\n","protected":false},"excerpt":{"rendered":"<ul>\n<li>Aliment compl\u00e9mentaire pour chiens adultes, \u00e0 base de lapin<\/li>\n<li>Formule sans gluten.<\/li>\n<li>Sans additifs.<\/li>\n<li>Riche en prot\u00e9ines de premi\u00e8re qualit\u00e9.<\/li>\n<\/ul>\n","protected":false},"featured_media":12498,"template":"","meta":{"jetpack_publicize_message":"","jetpack_publicize_feature_enabled":true,"jetpack_social_post_already_shared":true,"jetpack_social_options":{"image_generator_settings":{"template":"highway","default_image_id":0,"font":"","enabled":false},"version":2}},"product_brand":[],"product_cat":[39],"product_tag":[],"class_list":{"0":"post-12495","1":"product","2":"type-product","3":"status-publish","4":"has-post-thumbnail","6":"product_cat-friandises-et-pates-pour-chien","8":"first","9":"outofstock","10":"taxable","11":"shipping-taxable","12":"purchasable","13":"product-type-simple"},"supplier_id":8770,"supplier_sku":"AB285\/A","barcode":null,"atum_controlled":true,"out_stock_date":null,"out_stock_threshold":null,"inheritable":false,"inbound_stock":0,"stock_on_hold":0,"sold_today":0,"sales_last_days":0,"reserved_stock":0,"customer_returns":0,"warehouse_damage":0,"lost_in_post":0,"other_logs":0,"out_stock_days":0,"lost_sales":0,"has_location":false,"update_date":"2026-05-14T00:03:11","atum_locations":[],"atum_stock_status":"outofstock","restock_status":false,"low_stock_amount":2,"sales_update_date":"2026-05-14T00:03:11","calc_backorders":null,"jetpack_publicize_connections":[],"jetpack_sharing_enabled":true,"batches":[{"id":"567","date_created":"2024-10-07 15:49:02","date_expiry":"2026-02-28 00:00:00","user_id":"9","batch_number":"RollsSnackRabbit280226","location":"","quantity":"20.0000","quantity_available":"0.0000","units":"1","status":"archived","order_ids":"[12652,12674,13273,14586]","supplier":"GreenTown kennel","po":{"id":"550","date_created":"2024-10-07 15:49:03","batch_id":"567","po_number":"","supplier":"GreenTown kennel","cost":null,"regular_price":null,"sale_price":null,"price_margin":null,"price_discount":null}},{"id":"4532","date_created":"2025-07-21 16:56:46","date_expiry":"2027-07-28 00:00:00","user_id":"9","batch_number":"RollsSnackRabbit280227","location":"","quantity":"10.0000","quantity_available":"0.0000","units":"1","status":"archived","order_ids":"[27131,28063,28841]","supplier":"GreenTown kennel","po":{"id":"4496","date_created":"2025-07-21 16:56:47","batch_id":"4532","po_number":"","supplier":"GreenTown kennel","cost":null,"regular_price":null,"sale_price":null,"price_margin":null,"price_discount":null}}],"_links":{"self":[{"href":"https:\/\/petworld.ma\/index.php\/wp-json\/wp\/v2\/product\/12495","targetHints":{"allow":["GET"]}}],"collection":[{"href":"https:\/\/petworld.ma\/index.php\/wp-json\/wp\/v2\/product"}],"about":[{"href":"https:\/\/petworld.ma\/index.php\/wp-json\/wp\/v2\/types\/product"}],"wp:featuredmedia":[{"embeddable":true,"href":"https:\/\/petworld.ma\/index.php\/wp-json\/wp\/v2\/media\/12498"}],"wp:attachment":[{"href":"https:\/\/petworld.ma\/index.php\/wp-json\/wp\/v2\/media?parent=12495"}],"wp:term":[{"taxonomy":"product_brand","embeddable":true,"href":"https:\/\/petworld.ma\/index.php\/wp-json\/wp\/v2\/product_brand?post=12495"},{"taxonomy":"product_cat","embeddable":true,"href":"https:\/\/petworld.ma\/index.php\/wp-json\/wp\/v2\/product_cat?post=12495"},{"taxonomy":"product_tag","embeddable":true,"href":"https:\/\/petworld.ma\/index.php\/wp-json\/wp\/v2\/product_tag?post=12495"}],"curies":[{"name":"wp","href":"https:\/\/api.w.org\/{rel}","templated":true}]}}