{"id":12502,"date":"2024-10-07T15:58:45","date_gmt":"2024-10-07T15:58:45","guid":{"rendered":"https:\/\/petworld.ma\/?post_type=product&#038;p=12502"},"modified":"2026-04-13T17:22:46","modified_gmt":"2026-04-13T17:22:46","slug":"twisted-sticks-with-chicken-chien-camon-5pcs-poulet","status":"publish","type":"product","link":"https:\/\/petworld.ma\/index.php\/produit\/twisted-sticks-with-chicken-chien-camon-5pcs-poulet\/","title":{"rendered":"Camon Torsade bicolore avec peau de Poulet et de B\u0153uf 70g"},"content":{"rendered":"<p>B\u00e2tonnets torsad\u00e9s au poulet.<br \/>\nFormule sans gluten.<\/p>\n<p><strong>Nbr<\/strong>: 5 pcs<br \/>\n<strong>Poids :<\/strong>\u00a070 g<br \/>\n<strong>Longueur :<\/strong>\u00a010 cm<br \/>\n<strong>Diam\u00e8tre :<\/strong>\u00a01\/2 cm<\/p>\n","protected":false},"excerpt":{"rendered":"<p>B\u00e2tonnets torsad\u00e9s au poulet.<br \/>\nFormule sans gluten.<\/p>\n<p><strong>Nbr<\/strong>: 5 pcs<br \/>\n<strong>Poids :<\/strong>\u00a070 g<br \/>\n<strong>Longueur :<\/strong>\u00a010 cm<br \/>\n<strong>Diam\u00e8tre :<\/strong>\u00a01\/2 cm<\/p>\n","protected":false},"featured_media":12504,"template":"","meta":{"jetpack_publicize_message":"","jetpack_publicize_feature_enabled":true,"jetpack_social_post_already_shared":true,"jetpack_social_options":{"image_generator_settings":{"template":"highway","default_image_id":0,"font":"","enabled":false},"version":2}},"product_brand":[],"product_cat":[39],"product_tag":[],"class_list":{"0":"post-12502","1":"product","2":"type-product","3":"status-publish","4":"has-post-thumbnail","6":"product_cat-friandises-et-pates-pour-chien","8":"first","9":"outofstock","10":"taxable","11":"shipping-taxable","12":"purchasable","13":"product-type-simple"},"supplier_id":8770,"supplier_sku":"AB335","barcode":null,"atum_controlled":true,"out_stock_date":"2026-04-13 17:22:46","out_stock_threshold":null,"inheritable":false,"inbound_stock":0,"stock_on_hold":0,"sold_today":0,"sales_last_days":0,"reserved_stock":0,"customer_returns":0,"warehouse_damage":0,"lost_in_post":0,"other_logs":0,"out_stock_days":25,"lost_sales":950,"has_location":false,"update_date":"2026-05-09T00:17:55","atum_locations":[],"atum_stock_status":"outofstock","restock_status":false,"low_stock_amount":2,"sales_update_date":"2026-05-09T00:17:55","calc_backorders":null,"jetpack_publicize_connections":[],"jetpack_sharing_enabled":true,"batches":[{"id":"570","date_created":"2024-10-07 16:01:53","date_expiry":"2026-02-28 00:00:00","user_id":"2760","batch_number":"TwistedSticksChicken28022026","location":"","quantity":"10.0000","quantity_available":"0.0000","units":"1","status":"archived","order_ids":"[12674,14113,19108,21338,23196,23357,23417,23699,23957,24445,29408,30816,31353]","supplier":"GreenTown kennel","po":{"id":"553","date_created":"2024-10-07 16:01:53","batch_id":"570","po_number":"","supplier":"GreenTown kennel","cost":null,"regular_price":null,"sale_price":null,"price_margin":null,"price_discount":null}},{"id":"8327","date_created":"2026-03-18 10:01:48","date_expiry":"2027-10-30 00:00:00","user_id":"2760","batch_number":"TwistedSticksChicken301027","location":"","quantity":"12.0000","quantity_available":"0.0000","units":"1","status":"archived","order_ids":"[37903,38089,38212]","supplier":"GreenTown kennel","po":{"id":"8255","date_created":"2026-03-18 10:01:48","batch_id":"8327","po_number":"","supplier":"GreenTown kennel","cost":null,"regular_price":null,"sale_price":null,"price_margin":null,"price_discount":null}}],"_links":{"self":[{"href":"https:\/\/petworld.ma\/index.php\/wp-json\/wp\/v2\/product\/12502","targetHints":{"allow":["GET"]}}],"collection":[{"href":"https:\/\/petworld.ma\/index.php\/wp-json\/wp\/v2\/product"}],"about":[{"href":"https:\/\/petworld.ma\/index.php\/wp-json\/wp\/v2\/types\/product"}],"wp:featuredmedia":[{"embeddable":true,"href":"https:\/\/petworld.ma\/index.php\/wp-json\/wp\/v2\/media\/12504"}],"wp:attachment":[{"href":"https:\/\/petworld.ma\/index.php\/wp-json\/wp\/v2\/media?parent=12502"}],"wp:term":[{"taxonomy":"product_brand","embeddable":true,"href":"https:\/\/petworld.ma\/index.php\/wp-json\/wp\/v2\/product_brand?post=12502"},{"taxonomy":"product_cat","embeddable":true,"href":"https:\/\/petworld.ma\/index.php\/wp-json\/wp\/v2\/product_cat?post=12502"},{"taxonomy":"product_tag","embeddable":true,"href":"https:\/\/petworld.ma\/index.php\/wp-json\/wp\/v2\/product_tag?post=12502"}],"curies":[{"name":"wp","href":"https:\/\/api.w.org\/{rel}","templated":true}]}}