{"id":12538,"date":"2024-10-07T17:31:32","date_gmt":"2024-10-07T17:31:32","guid":{"rendered":"https:\/\/petworld.ma\/?post_type=product&#038;p=12538"},"modified":"2026-04-18T11:24:05","modified_gmt":"2026-04-18T11:24:05","slug":"camon-biberon-pour-chaton-et-chiot-150ml","status":"publish","type":"product","link":"https:\/\/petworld.ma\/index.php\/produit\/camon-biberon-pour-chaton-et-chiot-150ml\/","title":{"rendered":"Biberon pour chaton et chiot 150ml &#8211; Camon"},"content":{"rendered":"<p>Ce kit d&rsquo;allaitement convient aux chiots, chatons, hamsters, cochons d&rsquo;Inde et autres petits animaux de compagnie.<br \/>\nLe kit d&rsquo;allaitement Camon est non toxique et a \u00e9t\u00e9 sp\u00e9cialement d\u00e9velopp\u00e9 pour les \u00e9leveurs professionnels et les v\u00e9t\u00e9rinaires pour un biberonnage et un sevrage des chiots et chatons en toute s\u00e9curit\u00e9.<\/p>\n<p><strong>Contient :<\/strong>\u00a01 biberon gradu\u00e9 de 150 ml, 3 t\u00e9tines diff\u00e9rentes, 1 dosette de 10 ml et 1 accessoire pour percer les t\u00e9tines.<\/p>\n","protected":false},"excerpt":{"rendered":"<p><strong>Contient :<\/strong>\u00a01 biberon gradu\u00e9 de 150 ml, 3 t\u00e9tines diff\u00e9rentes, 1 dosette de 10 ml et 1 accessoire pour percer les t\u00e9tines.<\/p>\n","protected":false},"featured_media":12542,"template":"","meta":{"jetpack_publicize_message":"","jetpack_publicize_feature_enabled":true,"jetpack_social_post_already_shared":true,"jetpack_social_options":{"image_generator_settings":{"template":"highway","default_image_id":0,"font":"","enabled":false},"version":2}},"product_brand":[],"product_cat":[133,134,220,221],"product_tag":[],"class_list":{"0":"post-12538","1":"product","2":"type-product","3":"status-publish","4":"has-post-thumbnail","6":"product_cat-gamelle","7":"product_cat-gamelles","8":"product_cat-lait-maternel","9":"product_cat-lait-maternel-aliments-pour-chiens","11":"first","12":"instock","13":"taxable","14":"shipping-taxable","15":"purchasable","16":"product-type-simple"},"supplier_id":8770,"supplier_sku":"L077","barcode":null,"atum_controlled":true,"out_stock_date":null,"out_stock_threshold":null,"inheritable":false,"inbound_stock":0,"stock_on_hold":0,"sold_today":0,"sales_last_days":0,"reserved_stock":0,"customer_returns":0,"warehouse_damage":0,"lost_in_post":0,"other_logs":0,"out_stock_days":0,"lost_sales":0,"has_location":false,"update_date":"2026-05-09T00:18:43","atum_locations":[],"atum_stock_status":"instock","restock_status":false,"low_stock_amount":1,"sales_update_date":"2026-05-09T00:18:43","calc_backorders":null,"jetpack_publicize_connections":[],"jetpack_sharing_enabled":true,"batches":[],"_links":{"self":[{"href":"https:\/\/petworld.ma\/index.php\/wp-json\/wp\/v2\/product\/12538","targetHints":{"allow":["GET"]}}],"collection":[{"href":"https:\/\/petworld.ma\/index.php\/wp-json\/wp\/v2\/product"}],"about":[{"href":"https:\/\/petworld.ma\/index.php\/wp-json\/wp\/v2\/types\/product"}],"wp:featuredmedia":[{"embeddable":true,"href":"https:\/\/petworld.ma\/index.php\/wp-json\/wp\/v2\/media\/12542"}],"wp:attachment":[{"href":"https:\/\/petworld.ma\/index.php\/wp-json\/wp\/v2\/media?parent=12538"}],"wp:term":[{"taxonomy":"product_brand","embeddable":true,"href":"https:\/\/petworld.ma\/index.php\/wp-json\/wp\/v2\/product_brand?post=12538"},{"taxonomy":"product_cat","embeddable":true,"href":"https:\/\/petworld.ma\/index.php\/wp-json\/wp\/v2\/product_cat?post=12538"},{"taxonomy":"product_tag","embeddable":true,"href":"https:\/\/petworld.ma\/index.php\/wp-json\/wp\/v2\/product_tag?post=12538"}],"curies":[{"name":"wp","href":"https:\/\/api.w.org\/{rel}","templated":true}]}}