{"id":12556,"date":"2024-10-08T08:41:33","date_gmt":"2024-10-08T08:41:33","guid":{"rendered":"https:\/\/petworld.ma\/?post_type=product&#038;p=12556"},"modified":"2026-04-06T16:47:34","modified_gmt":"2026-04-06T16:47:34","slug":"flamingo-collier-chat-gris-20-30cm","status":"publish","type":"product","link":"https:\/\/petworld.ma\/index.php\/produit\/flamingo-collier-chat-gris-20-30cm\/","title":{"rendered":"Collier Flamingo Chat Gris 20-30cm"},"content":{"rendered":"<div class=\"mb-2\">Offrez \u00e0 votre chat un look \u00e9l\u00e9gant avec ce collier pour chat r\u00e9fl\u00e9chissant. Dot\u00e9 d&rsquo;une clochette pour avertir les oiseaux et d&rsquo;une fermeture de s\u00e9curit\u00e9 qui se d\u00e9tache en cas d&rsquo;enchev\u00eatrement. S\u00e9curit\u00e9 et style en un seul produit !<\/div>\n<div class=\"cms-element-text\">\n<ul>\n<li>Mat\u00e9riau : nylon<\/li>\n<li>R\u00e9glable en continu<\/li>\n<li>Boucle \u00e0 clic avec clic de s\u00e9curit\u00e9<\/li>\n<li>R\u00e9fl\u00e9chissant<\/li>\n<li>Avec clochette de chat<\/li>\n<\/ul>\n<\/div>\n","protected":false},"excerpt":{"rendered":"<p>Dimmension: 20-30cm x 10mm x 2mm<\/p>\n","protected":false},"featured_media":12559,"template":"","meta":{"jetpack_publicize_message":"","jetpack_publicize_feature_enabled":true,"jetpack_social_post_already_shared":true,"jetpack_social_options":{"image_generator_settings":{"template":"highway","default_image_id":0,"font":"","enabled":false},"version":2}},"product_brand":[],"product_cat":[233],"product_tag":[],"class_list":{"0":"post-12556","1":"product","2":"type-product","3":"status-publish","4":"has-post-thumbnail","6":"product_cat-colliers-harnais","8":"first","9":"outofstock","10":"taxable","11":"shipping-taxable","12":"purchasable","13":"product-type-simple"},"supplier_id":8770,"supplier_sku":"28092","barcode":null,"atum_controlled":true,"out_stock_date":"2026-04-06 16:47:34","out_stock_threshold":null,"inheritable":false,"inbound_stock":0,"stock_on_hold":0,"sold_today":0,"sales_last_days":0,"reserved_stock":0,"customer_returns":0,"warehouse_damage":0,"lost_in_post":0,"other_logs":0,"out_stock_days":33,"lost_sales":226,"has_location":false,"update_date":"2026-05-10T00:20:22","atum_locations":[],"atum_stock_status":"outofstock","restock_status":false,"low_stock_amount":2,"sales_update_date":"2026-05-10T00:20:22","calc_backorders":null,"jetpack_publicize_connections":[],"jetpack_sharing_enabled":true,"batches":[],"_links":{"self":[{"href":"https:\/\/petworld.ma\/index.php\/wp-json\/wp\/v2\/product\/12556","targetHints":{"allow":["GET"]}}],"collection":[{"href":"https:\/\/petworld.ma\/index.php\/wp-json\/wp\/v2\/product"}],"about":[{"href":"https:\/\/petworld.ma\/index.php\/wp-json\/wp\/v2\/types\/product"}],"wp:featuredmedia":[{"embeddable":true,"href":"https:\/\/petworld.ma\/index.php\/wp-json\/wp\/v2\/media\/12559"}],"wp:attachment":[{"href":"https:\/\/petworld.ma\/index.php\/wp-json\/wp\/v2\/media?parent=12556"}],"wp:term":[{"taxonomy":"product_brand","embeddable":true,"href":"https:\/\/petworld.ma\/index.php\/wp-json\/wp\/v2\/product_brand?post=12556"},{"taxonomy":"product_cat","embeddable":true,"href":"https:\/\/petworld.ma\/index.php\/wp-json\/wp\/v2\/product_cat?post=12556"},{"taxonomy":"product_tag","embeddable":true,"href":"https:\/\/petworld.ma\/index.php\/wp-json\/wp\/v2\/product_tag?post=12556"}],"curies":[{"name":"wp","href":"https:\/\/api.w.org\/{rel}","templated":true}]}}