{"id":12561,"date":"2024-10-08T08:55:22","date_gmt":"2024-10-08T08:55:22","guid":{"rendered":"https:\/\/petworld.ma\/?post_type=product&#038;p=12561"},"modified":"2026-04-20T16:18:33","modified_gmt":"2026-04-20T16:18:33","slug":"flamingo-cable-de-niche-acier-plastifier-bleu-3m-5mm-chien-jusqua-20kg","status":"publish","type":"product","link":"https:\/\/petworld.ma\/index.php\/produit\/flamingo-cable-de-niche-acier-plastifier-bleu-3m-5mm-chien-jusqua-20kg\/","title":{"rendered":"Flamingo Cable de Niche Acier Plastifier Bleu 3M &#8211; 5MM &#8211; (chien jusqu&rsquo;\u00e0 20kg)"},"content":{"rendered":"<p>C\u00e2ble d&rsquo;attache en m\u00e9tal plastifi\u00e9 et \u00e9quip\u00e9 d&rsquo;un mousqueton.<\/p>\n<p>Le c\u00e2ble convient aux chiens pesant jusqu&rsquo;\u00e0 20 kg maximum.<\/p>\n<p>Dimensions: 3M L X 0.5CM L X 0.5CM H<\/p>\n","protected":false},"excerpt":{"rendered":"<p>C\u00e2ble d&rsquo;attache en m\u00e9tal plastifi\u00e9 et \u00e9quip\u00e9 d&rsquo;un mousqueton.<\/p>\n<p>Le c\u00e2ble convient aux chiens pesant jusqu&rsquo;\u00e0 20 kg maximum.<\/p>\n<p><strong>Pour chien pesant moins de 20 Kg<\/strong><\/p>\n","protected":false},"featured_media":12191,"template":"","meta":{"jetpack_publicize_message":"","jetpack_publicize_feature_enabled":true,"jetpack_social_post_already_shared":true,"jetpack_social_options":{"image_generator_settings":{"template":"highway","default_image_id":0,"font":"","enabled":false},"version":2}},"product_brand":[],"product_cat":[92,106,125],"product_tag":[],"class_list":{"0":"post-12561","1":"product","2":"type-product","3":"status-publish","4":"has-post-thumbnail","6":"product_cat-harnais-et-laisses-pour-chien","7":"product_cat-jouet-et-dressage","8":"product_cat-lits-et-cages-chien","10":"first","11":"instock","12":"taxable","13":"shipping-taxable","14":"purchasable","15":"product-type-simple"},"supplier_id":8770,"supplier_sku":"506970","barcode":null,"atum_controlled":true,"out_stock_date":null,"out_stock_threshold":null,"inheritable":false,"inbound_stock":0,"stock_on_hold":0,"sold_today":0,"sales_last_days":0,"reserved_stock":0,"customer_returns":0,"warehouse_damage":0,"lost_in_post":0,"other_logs":0,"out_stock_days":0,"lost_sales":0,"has_location":false,"update_date":"2026-05-09T00:20:49","atum_locations":[],"atum_stock_status":"instock","restock_status":false,"low_stock_amount":2,"sales_update_date":"2026-05-09T00:20:49","calc_backorders":null,"jetpack_publicize_connections":[],"jetpack_sharing_enabled":true,"batches":[],"_links":{"self":[{"href":"https:\/\/petworld.ma\/index.php\/wp-json\/wp\/v2\/product\/12561","targetHints":{"allow":["GET"]}}],"collection":[{"href":"https:\/\/petworld.ma\/index.php\/wp-json\/wp\/v2\/product"}],"about":[{"href":"https:\/\/petworld.ma\/index.php\/wp-json\/wp\/v2\/types\/product"}],"wp:featuredmedia":[{"embeddable":true,"href":"https:\/\/petworld.ma\/index.php\/wp-json\/wp\/v2\/media\/12191"}],"wp:attachment":[{"href":"https:\/\/petworld.ma\/index.php\/wp-json\/wp\/v2\/media?parent=12561"}],"wp:term":[{"taxonomy":"product_brand","embeddable":true,"href":"https:\/\/petworld.ma\/index.php\/wp-json\/wp\/v2\/product_brand?post=12561"},{"taxonomy":"product_cat","embeddable":true,"href":"https:\/\/petworld.ma\/index.php\/wp-json\/wp\/v2\/product_cat?post=12561"},{"taxonomy":"product_tag","embeddable":true,"href":"https:\/\/petworld.ma\/index.php\/wp-json\/wp\/v2\/product_tag?post=12561"}],"curies":[{"name":"wp","href":"https:\/\/api.w.org\/{rel}","templated":true}]}}