{"id":12563,"date":"2024-10-08T09:01:48","date_gmt":"2024-10-08T09:01:48","guid":{"rendered":"https:\/\/petworld.ma\/?post_type=product&#038;p=12563"},"modified":"2025-02-02T11:55:06","modified_gmt":"2025-02-02T11:55:06","slug":"flamingo-jouet-rekty-rouge-noir-52cm-x-8-5cm-x-5-5cm","status":"publish","type":"product","link":"https:\/\/petworld.ma\/index.php\/produit\/flamingo-jouet-rekty-rouge-noir-52cm-x-8-5cm-x-5-5cm\/","title":{"rendered":"Flamingo Jouet Baton Rekty Rouge &#038; Noir 52cm x 8.5cm x 5.5cm"},"content":{"rendered":"<div class=\"mb-2\">Ce jouet pour chien, fabriqu\u00e9 \u00e0 partir de mat\u00e9riaux de tuyau d&rsquo;incendie, est id\u00e9al pour l&rsquo;entra\u00eenement au rapport avec votre chien ! Son design simple et sa poign\u00e9e \u00e9lastique rendent le jeu facile et amusant. De plus, le tuyau flotte sur l&rsquo;eau, ce qui en fait l&rsquo;accessoire id\u00e9al pour les jeux aquatiques. Et n&rsquo;oublions pas que le mat\u00e9riau est durable et r\u00e9sistant, il durera longtemps.<\/div>\n<div class=\"cms-element-text\">\n<ul>\n<li>Mat\u00e9riau du tuyau avec rembourrage : polycoton<\/li>\n<li>Conception simple pour apprendre \u00e0 ramener<\/li>\n<li>Flotte, id\u00e9al pour jouer dans l&rsquo;eau avec votre chien<\/li>\n<li>Avec poign\u00e9e \u00e9lastique pour inciter \u00e0 jouer<\/li>\n<li>Durable<\/li>\n<\/ul>\n<p>Dimension: 52cm x 8.5cm x 5.5cm<\/p>\n<\/div>\n","protected":false},"excerpt":{"rendered":"<p><strong>Baton dont les Dimensions sont: 52cm x 8.5cm x 5.5cm<\/strong><\/p>\n","protected":false},"featured_media":12564,"template":"","meta":{"jetpack_publicize_message":"","jetpack_publicize_feature_enabled":true,"jetpack_social_post_already_shared":true,"jetpack_social_options":{"image_generator_settings":{"template":"highway","default_image_id":0,"font":"","enabled":false},"version":2}},"product_brand":[],"product_cat":[106],"product_tag":[],"class_list":{"0":"post-12563","1":"product","2":"type-product","3":"status-publish","4":"has-post-thumbnail","6":"product_cat-jouet-et-dressage","8":"first","9":"outofstock","10":"taxable","11":"shipping-taxable","12":"purchasable","13":"product-type-simple"},"supplier_id":8770,"supplier_sku":"522578","barcode":null,"atum_controlled":true,"out_stock_date":"2025-02-02 11:55:08","out_stock_threshold":null,"inheritable":false,"inbound_stock":0,"stock_on_hold":0,"sold_today":0,"sales_last_days":0,"reserved_stock":0,"customer_returns":0,"warehouse_damage":0,"lost_in_post":0,"other_logs":0,"out_stock_days":458,"lost_sales":12366,"has_location":false,"update_date":"2026-05-07T00:18:19","atum_locations":[],"atum_stock_status":"outofstock","restock_status":false,"low_stock_amount":1,"sales_update_date":"2026-05-07T00:18:19","calc_backorders":null,"jetpack_publicize_connections":[],"jetpack_sharing_enabled":true,"batches":[],"_links":{"self":[{"href":"https:\/\/petworld.ma\/index.php\/wp-json\/wp\/v2\/product\/12563","targetHints":{"allow":["GET"]}}],"collection":[{"href":"https:\/\/petworld.ma\/index.php\/wp-json\/wp\/v2\/product"}],"about":[{"href":"https:\/\/petworld.ma\/index.php\/wp-json\/wp\/v2\/types\/product"}],"wp:featuredmedia":[{"embeddable":true,"href":"https:\/\/petworld.ma\/index.php\/wp-json\/wp\/v2\/media\/12564"}],"wp:attachment":[{"href":"https:\/\/petworld.ma\/index.php\/wp-json\/wp\/v2\/media?parent=12563"}],"wp:term":[{"taxonomy":"product_brand","embeddable":true,"href":"https:\/\/petworld.ma\/index.php\/wp-json\/wp\/v2\/product_brand?post=12563"},{"taxonomy":"product_cat","embeddable":true,"href":"https:\/\/petworld.ma\/index.php\/wp-json\/wp\/v2\/product_cat?post=12563"},{"taxonomy":"product_tag","embeddable":true,"href":"https:\/\/petworld.ma\/index.php\/wp-json\/wp\/v2\/product_tag?post=12563"}],"curies":[{"name":"wp","href":"https:\/\/api.w.org\/{rel}","templated":true}]}}