{"id":12597,"date":"2024-10-08T14:30:41","date_gmt":"2024-10-08T14:30:41","guid":{"rendered":"https:\/\/petworld.ma\/?post_type=product&#038;p=12597"},"modified":"2026-03-26T20:37:11","modified_gmt":"2026-03-26T20:37:11","slug":"flamingo-collier-chat-amsi-20-35cm","status":"publish","type":"product","link":"https:\/\/petworld.ma\/index.php\/produit\/flamingo-collier-chat-amsi-20-35cm\/","title":{"rendered":"Collier Flamingo Chat Amsi 20-35cm"},"content":{"rendered":"<div class=\"mb-2\">\n<div class=\"mb-2\">\n<div class=\"mb-2\">\n<div class=\"mb-2\">\n<div class=\"mb-2\">Offrez \u00e0 votre chat un look \u00e9l\u00e9gant avec le collier pour chat Amsi ! Dot\u00e9 d&rsquo;une fermeture \u00e0 clic pratique et d&rsquo;une clochette pour une s\u00e9curit\u00e9 suppl\u00e9mentaire. Disponible en 2 couleurs.<\/div>\n<div class=\"cms-element-text\">\n<ul>\n<li>Mat\u00e9riau : nylon<\/li>\n<li>R\u00e9glable en continu<\/li>\n<li>Boucle \u00e0 clic avec clic de s\u00e9curit\u00e9<\/li>\n<li>Avec clochette de chat<\/li>\n<\/ul>\n<\/div>\n<\/div>\n<\/div>\n<\/div>\n<\/div>\n<div class=\"cms-element-text\">\n<p>Dimension: 20-35cm x 10mm<\/p>\n<p>Couleur: Nous allons vous contacter pour le choix de la couleur<\/p>\n<\/div>\n","protected":false},"excerpt":{"rendered":"<p>Dimension: 20-35cm x 10mm<\/p>\n<p>Couleur: Nous allons vous contacter pour le choix de la couleur<\/p>\n","protected":false},"featured_media":12600,"template":"","meta":{"jetpack_publicize_message":"","jetpack_publicize_feature_enabled":true,"jetpack_social_post_already_shared":true,"jetpack_social_options":{"image_generator_settings":{"template":"highway","default_image_id":0,"font":"","enabled":false},"version":2}},"product_brand":[],"product_cat":[233],"product_tag":[],"class_list":{"0":"post-12597","1":"product","2":"type-product","3":"status-publish","4":"has-post-thumbnail","6":"product_cat-colliers-harnais","8":"first","9":"instock","10":"taxable","11":"shipping-taxable","12":"purchasable","13":"product-type-simple"},"supplier_id":8770,"supplier_sku":"560934","barcode":null,"atum_controlled":true,"out_stock_date":null,"out_stock_threshold":null,"inheritable":false,"inbound_stock":0,"stock_on_hold":0,"sold_today":0,"sales_last_days":0,"reserved_stock":0,"customer_returns":0,"warehouse_damage":0,"lost_in_post":0,"other_logs":0,"out_stock_days":0,"lost_sales":0,"has_location":false,"update_date":"2026-04-25T09:02:19","atum_locations":[],"atum_stock_status":"instock","restock_status":false,"low_stock_amount":2,"sales_update_date":"2026-04-25T09:02:19","calc_backorders":null,"jetpack_publicize_connections":[],"jetpack_sharing_enabled":true,"batches":[],"_links":{"self":[{"href":"https:\/\/petworld.ma\/index.php\/wp-json\/wp\/v2\/product\/12597","targetHints":{"allow":["GET"]}}],"collection":[{"href":"https:\/\/petworld.ma\/index.php\/wp-json\/wp\/v2\/product"}],"about":[{"href":"https:\/\/petworld.ma\/index.php\/wp-json\/wp\/v2\/types\/product"}],"wp:featuredmedia":[{"embeddable":true,"href":"https:\/\/petworld.ma\/index.php\/wp-json\/wp\/v2\/media\/12600"}],"wp:attachment":[{"href":"https:\/\/petworld.ma\/index.php\/wp-json\/wp\/v2\/media?parent=12597"}],"wp:term":[{"taxonomy":"product_brand","embeddable":true,"href":"https:\/\/petworld.ma\/index.php\/wp-json\/wp\/v2\/product_brand?post=12597"},{"taxonomy":"product_cat","embeddable":true,"href":"https:\/\/petworld.ma\/index.php\/wp-json\/wp\/v2\/product_cat?post=12597"},{"taxonomy":"product_tag","embeddable":true,"href":"https:\/\/petworld.ma\/index.php\/wp-json\/wp\/v2\/product_tag?post=12597"}],"curies":[{"name":"wp","href":"https:\/\/api.w.org\/{rel}","templated":true}]}}