{"id":12660,"date":"2024-10-09T08:15:34","date_gmt":"2024-10-09T08:15:34","guid":{"rendered":"https:\/\/petworld.ma\/?post_type=product&#038;p=12660"},"modified":"2026-03-12T16:09:37","modified_gmt":"2026-03-12T16:09:37","slug":"camon-beef-hide-bones-chien-boeuf-3pcs-13-7cm","status":"publish","type":"product","link":"https:\/\/petworld.ma\/index.php\/produit\/camon-beef-hide-bones-chien-boeuf-3pcs-13-7cm\/","title":{"rendered":"Beef-hide bones Chien (Boeuf) 3pcs 13.7cm &#8211; Camon"},"content":{"rendered":"<p>Os \u00e0 m\u00e2cher en peau de b\u0153uf s\u00e9ch\u00e9 pour chiens.<br \/>\nFormule sans gluten.<br \/>\nSans additifs.<\/p>\n<p>Taille: 3 pi\u00e8ces de\u00a0 13.7cm \/ 240g<\/p>\n","protected":false},"excerpt":{"rendered":"<p>Os \u00e0 m\u00e2cher en peau de b\u0153uf s\u00e9ch\u00e9 pour chiens.<br \/>\nFormule sans gluten.<br \/>\nSans additifs.<\/p>\n<p>Taille: 3 pi\u00e8ces de\u00a0 13.7cm \/ 240g<\/p>\n","protected":false},"featured_media":12662,"template":"","meta":{"jetpack_publicize_message":"","jetpack_publicize_feature_enabled":true,"jetpack_social_post_already_shared":true,"jetpack_social_options":{"image_generator_settings":{"template":"highway","default_image_id":0,"font":"","enabled":false},"version":2}},"product_brand":[],"product_cat":[217,39],"product_tag":[],"class_list":{"0":"post-12660","1":"product","2":"type-product","3":"status-publish","4":"has-post-thumbnail","6":"product_cat-dentifrice-soin-buccal-hygiene-et-soins","7":"product_cat-friandises-et-pates-pour-chien","9":"first","10":"outofstock","11":"taxable","12":"shipping-taxable","13":"purchasable","14":"product-type-simple"},"supplier_id":8770,"supplier_sku":"AB203","barcode":null,"atum_controlled":true,"out_stock_date":"2026-03-12 16:09:37","out_stock_threshold":null,"inheritable":false,"inbound_stock":0,"stock_on_hold":0,"sold_today":0,"sales_last_days":0,"reserved_stock":0,"customer_returns":0,"warehouse_damage":0,"lost_in_post":0,"other_logs":0,"out_stock_days":55,"lost_sales":0,"has_location":false,"update_date":"2026-05-07T00:18:29","atum_locations":[],"atum_stock_status":"outofstock","restock_status":false,"low_stock_amount":2,"sales_update_date":"2026-05-07T00:18:29","calc_backorders":null,"jetpack_publicize_connections":[],"jetpack_sharing_enabled":true,"batches":[{"id":"588","date_created":"2024-10-09 08:30:31","date_expiry":"2026-09-30 00:00:00","user_id":"1","batch_number":"CanomOs13.7cm30092026","location":"","quantity":"20.0000","quantity_available":"0.0000","units":"1","status":"archived","order_ids":"[13098,13878,14807,18217,19235,20324,20967,21946,23507,26301,26719,27168,29025,32764,33294,33775]","supplier":"GreenTown kennel","po":{"id":"571","date_created":"2024-10-09 08:30:32","batch_id":"588","po_number":"","supplier":"GreenTown kennel","cost":null,"regular_price":null,"sale_price":null,"price_margin":null,"price_discount":null}}],"_links":{"self":[{"href":"https:\/\/petworld.ma\/index.php\/wp-json\/wp\/v2\/product\/12660","targetHints":{"allow":["GET"]}}],"collection":[{"href":"https:\/\/petworld.ma\/index.php\/wp-json\/wp\/v2\/product"}],"about":[{"href":"https:\/\/petworld.ma\/index.php\/wp-json\/wp\/v2\/types\/product"}],"wp:featuredmedia":[{"embeddable":true,"href":"https:\/\/petworld.ma\/index.php\/wp-json\/wp\/v2\/media\/12662"}],"wp:attachment":[{"href":"https:\/\/petworld.ma\/index.php\/wp-json\/wp\/v2\/media?parent=12660"}],"wp:term":[{"taxonomy":"product_brand","embeddable":true,"href":"https:\/\/petworld.ma\/index.php\/wp-json\/wp\/v2\/product_brand?post=12660"},{"taxonomy":"product_cat","embeddable":true,"href":"https:\/\/petworld.ma\/index.php\/wp-json\/wp\/v2\/product_cat?post=12660"},{"taxonomy":"product_tag","embeddable":true,"href":"https:\/\/petworld.ma\/index.php\/wp-json\/wp\/v2\/product_tag?post=12660"}],"curies":[{"name":"wp","href":"https:\/\/api.w.org\/{rel}","templated":true}]}}