{"id":12669,"date":"2024-10-09T08:38:32","date_gmt":"2024-10-09T08:38:32","guid":{"rendered":"https:\/\/petworld.ma\/?post_type=product&#038;p=12669"},"modified":"2026-05-05T14:08:07","modified_gmt":"2026-05-05T14:08:07","slug":"camon-beef-hide-bones-chien-boeuf-1pcs-30cm-470g","status":"publish","type":"product","link":"https:\/\/petworld.ma\/index.php\/produit\/camon-beef-hide-bones-chien-boeuf-1pcs-30cm-470g\/","title":{"rendered":"Beef-hide bones Chien (Boeuf) 1pcs 30cm 470g &#8211; Camon"},"content":{"rendered":"<p>Os \u00e0 m\u00e2cher en peau de b\u0153uf s\u00e9ch\u00e9 pour chiens.<br \/>\nFormule sans gluten.<br \/>\nSans additifs.<\/p>\n<p>Taille: 1 pi\u00e8ces de\u00a0 30cm \/ 470g<\/p>\n","protected":false},"excerpt":{"rendered":"<p>Os \u00e0 m\u00e2cher en peau de b\u0153uf s\u00e9ch\u00e9 pour chiens.<br \/>\nFormule sans gluten.<br \/>\nSans additifs.<\/p>\n<p>Taille: 1 pi\u00e8ces de\u00a0 20cm \/ 270g<\/p>\n","protected":false},"featured_media":12667,"template":"","meta":{"jetpack_publicize_message":"","jetpack_publicize_feature_enabled":true,"jetpack_social_post_already_shared":true,"jetpack_social_options":{"image_generator_settings":{"template":"highway","default_image_id":0,"font":"","enabled":false},"version":2}},"product_brand":[],"product_cat":[217,39],"product_tag":[],"class_list":{"0":"post-12669","1":"product","2":"type-product","3":"status-publish","4":"has-post-thumbnail","6":"product_cat-dentifrice-soin-buccal-hygiene-et-soins","7":"product_cat-friandises-et-pates-pour-chien","9":"first","10":"instock","11":"taxable","12":"shipping-taxable","13":"purchasable","14":"product-type-simple"},"supplier_id":8770,"supplier_sku":"AB207","barcode":null,"atum_controlled":true,"out_stock_date":null,"out_stock_threshold":null,"inheritable":false,"inbound_stock":0,"stock_on_hold":0,"sold_today":0,"sales_last_days":1,"reserved_stock":0,"customer_returns":0,"warehouse_damage":0,"lost_in_post":0,"other_logs":0,"out_stock_days":0,"lost_sales":0,"has_location":false,"update_date":"2026-05-12T00:23:48","atum_locations":[],"atum_stock_status":"instock","restock_status":false,"low_stock_amount":2,"sales_update_date":"2026-05-12T00:23:48","calc_backorders":null,"jetpack_publicize_connections":[],"jetpack_sharing_enabled":true,"batches":[{"id":"590","date_created":"2024-10-09 08:40:11","date_expiry":"2026-07-31 00:00:00","user_id":"1","batch_number":"OsCanom30cm31072026","location":"","quantity":"10.0000","quantity_available":"5.0000","units":"1","status":"active","order_ids":"[18683,18978,29680,41414]","supplier":"GreenTown kennel","po":{"id":"573","date_created":"2024-10-09 08:40:12","batch_id":"590","po_number":"","supplier":"GreenTown kennel","cost":null,"regular_price":null,"sale_price":null,"price_margin":null,"price_discount":null}}],"_links":{"self":[{"href":"https:\/\/petworld.ma\/index.php\/wp-json\/wp\/v2\/product\/12669","targetHints":{"allow":["GET"]}}],"collection":[{"href":"https:\/\/petworld.ma\/index.php\/wp-json\/wp\/v2\/product"}],"about":[{"href":"https:\/\/petworld.ma\/index.php\/wp-json\/wp\/v2\/types\/product"}],"wp:featuredmedia":[{"embeddable":true,"href":"https:\/\/petworld.ma\/index.php\/wp-json\/wp\/v2\/media\/12667"}],"wp:attachment":[{"href":"https:\/\/petworld.ma\/index.php\/wp-json\/wp\/v2\/media?parent=12669"}],"wp:term":[{"taxonomy":"product_brand","embeddable":true,"href":"https:\/\/petworld.ma\/index.php\/wp-json\/wp\/v2\/product_brand?post=12669"},{"taxonomy":"product_cat","embeddable":true,"href":"https:\/\/petworld.ma\/index.php\/wp-json\/wp\/v2\/product_cat?post=12669"},{"taxonomy":"product_tag","embeddable":true,"href":"https:\/\/petworld.ma\/index.php\/wp-json\/wp\/v2\/product_tag?post=12669"}],"curies":[{"name":"wp","href":"https:\/\/api.w.org\/{rel}","templated":true}]}}