{"id":12675,"date":"2024-10-09T10:23:50","date_gmt":"2024-10-09T10:23:50","guid":{"rendered":"https:\/\/petworld.ma\/?post_type=product&#038;p=12675"},"modified":"2026-05-12T07:34:25","modified_gmt":"2026-05-12T07:34:25","slug":"camon-clicker-aide-au-dressage-des-chiens","status":"publish","type":"product","link":"https:\/\/petworld.ma\/index.php\/produit\/camon-clicker-aide-au-dressage-des-chiens\/","title":{"rendered":"Camon Clicker \u2013 Aide au dressage des chiens"},"content":{"rendered":"<p><span>Le clicker est un petit appareil en plastique qui contient une feuille m\u00e9tallique. Si on le presse, il produit un son particulier.<\/span><br \/>\n<span>C&rsquo;est une fa\u00e7on amusante d&rsquo;\u00e9duquer votre chien en le r\u00e9compensant.<\/span><br \/>\n<span>Votre chien associera imm\u00e9diatement le son produit par l&rsquo;appareil au comportement correct et recevra une r\u00e9compense pour cela.<\/span><\/p>\n","protected":false},"excerpt":{"rendered":"<p>Le clicker est un petit appareil en plastique qui contient une feuille m\u00e9tallique. Si on le presse, il produit un son particulier. C&rsquo;est une fa\u00e7on amusante d&rsquo;\u00e9duquer votre chien en le r\u00e9compensant. Votre chien associera imm\u00e9diatement le son produit par l&rsquo;appareil au comportement correct et recevra une r\u00e9compense pour cela.<\/p>\n","protected":false},"featured_media":12677,"template":"","meta":{"jetpack_publicize_message":"","jetpack_publicize_feature_enabled":true,"jetpack_social_post_already_shared":true,"jetpack_social_options":{"image_generator_settings":{"template":"highway","default_image_id":0,"font":"","enabled":false},"version":2}},"product_brand":[],"product_cat":[106],"product_tag":[],"class_list":{"0":"post-12675","1":"product","2":"type-product","3":"status-publish","4":"has-post-thumbnail","6":"product_cat-jouet-et-dressage","8":"first","9":"instock","10":"taxable","11":"shipping-taxable","12":"purchasable","13":"product-type-simple"},"supplier_id":8770,"supplier_sku":"G204","barcode":null,"atum_controlled":true,"out_stock_date":null,"out_stock_threshold":null,"inheritable":false,"inbound_stock":0,"stock_on_hold":0,"sold_today":0,"sales_last_days":1,"reserved_stock":0,"customer_returns":0,"warehouse_damage":0,"lost_in_post":0,"other_logs":0,"out_stock_days":0,"lost_sales":0,"has_location":false,"update_date":"2026-05-14T08:59:03","atum_locations":[],"atum_stock_status":"instock","restock_status":false,"low_stock_amount":2,"sales_update_date":"2026-05-14T08:59:03","calc_backorders":null,"jetpack_publicize_connections":[],"jetpack_sharing_enabled":true,"batches":[],"_links":{"self":[{"href":"https:\/\/petworld.ma\/index.php\/wp-json\/wp\/v2\/product\/12675","targetHints":{"allow":["GET"]}}],"collection":[{"href":"https:\/\/petworld.ma\/index.php\/wp-json\/wp\/v2\/product"}],"about":[{"href":"https:\/\/petworld.ma\/index.php\/wp-json\/wp\/v2\/types\/product"}],"wp:featuredmedia":[{"embeddable":true,"href":"https:\/\/petworld.ma\/index.php\/wp-json\/wp\/v2\/media\/12677"}],"wp:attachment":[{"href":"https:\/\/petworld.ma\/index.php\/wp-json\/wp\/v2\/media?parent=12675"}],"wp:term":[{"taxonomy":"product_brand","embeddable":true,"href":"https:\/\/petworld.ma\/index.php\/wp-json\/wp\/v2\/product_brand?post=12675"},{"taxonomy":"product_cat","embeddable":true,"href":"https:\/\/petworld.ma\/index.php\/wp-json\/wp\/v2\/product_cat?post=12675"},{"taxonomy":"product_tag","embeddable":true,"href":"https:\/\/petworld.ma\/index.php\/wp-json\/wp\/v2\/product_tag?post=12675"}],"curies":[{"name":"wp","href":"https:\/\/api.w.org\/{rel}","templated":true}]}}