{"id":12736,"date":"2024-10-10T09:31:24","date_gmt":"2024-10-10T09:31:24","guid":{"rendered":"https:\/\/petworld.ma\/?post_type=product&#038;p=12736"},"modified":"2026-03-04T16:22:16","modified_gmt":"2026-03-04T16:22:16","slug":"beco-classic-bamboo-cat-bowl-fresh-mint-gamelle-200ml","status":"publish","type":"product","link":"https:\/\/petworld.ma\/index.php\/produit\/beco-classic-bamboo-cat-bowl-fresh-mint-gamelle-200ml\/","title":{"rendered":"Beco Classic Bamboo Cat Bowl Fresh Mint (Gamelle) 200ml"},"content":{"rendered":"<p>Un bol discret pour la vie contemporaine. Avec un design classique et simple, ce bol pour chat a \u00e9t\u00e9 con\u00e7u avec un bord bas pour r\u00e9duire l&rsquo;interf\u00e9rence des moustaches. Fabriqu\u00e9 \u00e0 partir de mat\u00e9riaux d&rsquo;origine v\u00e9g\u00e9tale, il s&rsquo;int\u00e8gre confortablement dans n&rsquo;importe quelle maison.<\/p>\n","protected":false},"excerpt":{"rendered":"<p>Capacit\u00e9: 200ml<\/p>\n","protected":false},"featured_media":12737,"template":"","meta":{"jetpack_publicize_message":"","jetpack_publicize_feature_enabled":true,"jetpack_social_post_already_shared":true,"jetpack_social_options":{"image_generator_settings":{"template":"highway","default_image_id":0,"font":"","enabled":false},"version":2}},"product_brand":[],"product_cat":[133,134],"product_tag":[],"class_list":{"0":"post-12736","1":"product","2":"type-product","3":"status-publish","4":"has-post-thumbnail","6":"product_cat-gamelle","7":"product_cat-gamelles","9":"first","10":"instock","11":"taxable","12":"shipping-taxable","13":"purchasable","14":"product-type-simple"},"supplier_id":5603,"supplier_sku":"BBP-015","barcode":null,"atum_controlled":true,"out_stock_date":null,"out_stock_threshold":null,"inheritable":false,"inbound_stock":0,"stock_on_hold":0,"sold_today":0,"sales_last_days":0,"reserved_stock":0,"customer_returns":0,"warehouse_damage":0,"lost_in_post":0,"other_logs":0,"out_stock_days":0,"lost_sales":0,"has_location":false,"update_date":"2026-05-07T00:20:06","atum_locations":[],"atum_stock_status":"instock","restock_status":false,"low_stock_amount":5,"sales_update_date":"2026-05-07T00:20:06","calc_backorders":null,"jetpack_publicize_connections":[],"jetpack_sharing_enabled":true,"batches":[],"_links":{"self":[{"href":"https:\/\/petworld.ma\/index.php\/wp-json\/wp\/v2\/product\/12736","targetHints":{"allow":["GET"]}}],"collection":[{"href":"https:\/\/petworld.ma\/index.php\/wp-json\/wp\/v2\/product"}],"about":[{"href":"https:\/\/petworld.ma\/index.php\/wp-json\/wp\/v2\/types\/product"}],"wp:featuredmedia":[{"embeddable":true,"href":"https:\/\/petworld.ma\/index.php\/wp-json\/wp\/v2\/media\/12737"}],"wp:attachment":[{"href":"https:\/\/petworld.ma\/index.php\/wp-json\/wp\/v2\/media?parent=12736"}],"wp:term":[{"taxonomy":"product_brand","embeddable":true,"href":"https:\/\/petworld.ma\/index.php\/wp-json\/wp\/v2\/product_brand?post=12736"},{"taxonomy":"product_cat","embeddable":true,"href":"https:\/\/petworld.ma\/index.php\/wp-json\/wp\/v2\/product_cat?post=12736"},{"taxonomy":"product_tag","embeddable":true,"href":"https:\/\/petworld.ma\/index.php\/wp-json\/wp\/v2\/product_tag?post=12736"}],"curies":[{"name":"wp","href":"https:\/\/api.w.org\/{rel}","templated":true}]}}