{"id":128,"date":"2022-12-15T21:49:52","date_gmt":"2022-12-15T21:49:52","guid":{"rendered":"http:\/\/petworld.ma\/?post_type=product&#038;p=128"},"modified":"2026-05-05T17:36:44","modified_gmt":"2026-05-05T17:36:44","slug":"royal-canin-mini-digestive-care-3-kg","status":"publish","type":"product","link":"https:\/\/petworld.ma\/index.php\/produit\/royal-canin-mini-digestive-care-3-kg\/","title":{"rendered":"Royal Canin Mini Digestive Care 3 Kg"},"content":{"rendered":"<div class=\"product-section description-section\">\n<div class=\"single-description fr-view\">\n<div>\n<div>\n<div>\n<h2>Aliment complet pour chiens adultes de petites races (de 1 \u00e0 10 kg) &#8211; Plus de 10 mois &#8211; Chiens \u00e0 sensibilit\u00e9 digestive. Peut se donner occasionnellement de 8 \u00e0 12 ans.<\/h2>\n<\/div>\n<\/div>\n<div>L\u2019inconfort digestif est p\u00e9nible pour tout le monde, y compris pour votre chien. Une alimentation contenant des nutriments de haute qualit\u00e9 (sp\u00e9cifiquement s\u00e9lectionn\u00e9s pour am\u00e9liorer le confort intestinal et l\u2019assimilation) peut contribuer au renforcement de l\u2019intestin de votre chien. \u00a0 Adapt\u00e9e aux chiens pesants jusqu\u2019\u00e0 10 kg, la formule tr\u00e8s savoureuse de ROYAL CANIN\u00ae Digestive Care Mini est sp\u00e9cialement con\u00e7ue pour les chiens sujets aux troubles digestifs. \u00a0 Les petits chiens comme le v\u00f4tre ont tendance \u00e0 avoir des selles plus dures, et peuvent m\u00eame souffrir de constipation. La formule ROYAL CANIN\u00ae Digestive Care Mini prend tout cela en compte. L\u2019inclusion d\u2019un m\u00e9lange parfaitement \u00e9quilibr\u00e9 de fibres solubles et insolubles permet de limiter la fermentation tout en favorisant le transit intestinal exactement l\u00e0 o\u00f9 c\u2019est n\u00e9cessaire. La gamme de pr\u00e9biotiques pr\u00e9sente dans la formule aide \u00e0 renforcer la sant\u00e9 de la flore intestinale. \u00a0 Royal Canin prend les prot\u00e9ines tr\u00e8s au s\u00e9rieux. Nous n\u2019utilisons que celles de la plus haute qualit\u00e9 et les adaptons aux besoins sp\u00e9cifiques de votre chien. C\u2019est pourquoi la formule ROYAL CANIN\u00ae Digestive Care Mini comprend des prot\u00e9ines L.I.P hautement digestibles. \u00a0 Fort de nos ann\u00e9es d\u2019exp\u00e9rience et de mise au point continue, nous disposons toujours des derni\u00e8res avanc\u00e9es relatives aux meilleures m\u00e9thodes de fabrication. Notre technique de cuisson intelligente favorise la digestibilit\u00e9 des \u00e9l\u00e9ments nutritifs que contient cette formule, une haute digestibilit\u00e9 garantie par des contr\u00f4les qualit\u00e9 r\u00e9guliers et rigoureux. \u00a0 Notre programme nutritionnel Digestive Care est disponible sous deux formes : en croquettes et en d\u00e9licieuse mousse conditionn\u00e9e en sachet fra\u00eecheur, toutes deux parfaitement \u00e9quilibr\u00e9es sur le plan nutritionnel et tout \u00e0 fait compl\u00e9mentaires. Pourquoi ne pas combiner la mousse et les croquettes ? \u00a0 Ne vous contentez pas de nous croire sur parole : les r\u00e9sultats de ROYAL CANIN\u00ae Digestive Care Mini montrent un d\u00e9veloppement optimal de la qualit\u00e9 des selles allant jusqu\u2019\u00e0 92 %, preuve irr\u00e9futable d\u2019un estomac sain. Cela signifie que la formule ROYAL CANIN\u00ae Digestive Care Mini a fait ses preuves.<\/div>\n<\/div>\n<div>\n<div><\/div>\n<h3>\u00a0Informations Nutritionnelles :<\/h3>\n<div>\n<div>Composition : prot\u00e9ines de volaille d\u00e9shydrat\u00e9es, riz, graisses animales, hydrolysat de prot\u00e9ines animales, isolat de prot\u00e9ines v\u00e9g\u00e9tales*, farine de bl\u00e9, bl\u00e9, orge, gluten de ma\u00efs, pulpe de betterave, levures et composants de levures, huile de poisson, huile de soja, fibres v\u00e9g\u00e9tales, sels min\u00e9raux, fructo-oligosaccharides, extrait de rose d\u2019Inde (source de lut\u00e9ine).<\/div>\n<div>Constituants analytiques : Prot\u00e9ine : 30,0 % &#8211; Teneur en mati\u00e8res grasses : 22,0 % &#8211; Cendres brutes : 6,1 % &#8211; Cellulose brute : 1,8 %.<\/div>\n<div>*L.I.P. : prot\u00e9ine s\u00e9lectionn\u00e9e pour sa tr\u00e8s haute digestibilit\u00e9.<\/div>\n<div>Mode d\u2019emploi : voir tableau. Num\u00e9ro de lot et d\u2019identifiant usine, \u00e0 utiliser de pr\u00e9f\u00e9rence avant : voir sur l\u2019emballage. \u00c0 conserver dans un endroit sec et frais.<\/div>\n<h3>\u00a0B\u00e9n\u00e9fices :<\/h3>\n<div>\n<ul>\n<li>\n<div>R\u00e9sultats prouv\u00e9s<\/div>\n<div>92% de selles de qualit\u00e9 optimale *\u00c9tude interne Royal Canin.<\/div>\n<\/li>\n<li>\n<div>Am\u00e9liore la qualit\u00e9 des selles<\/div>\n<div>Formule nutritionnelle pr\u00e9cis\u00e9ment \u00e9quilibr\u00e9e qui aide \u00e0 maintenir une sant\u00e9 digestive optimale. Contient des prot\u00e9ines hautement digestibles (L.I.P.) et un m\u00e9lange de pr\u00e9biotiques et de fibres afin de favoriser l\u2019\u00e9quilibre de la flore intestinale et la s\u00e9cr\u00e9tion de selles de qualit\u00e9 optimale.<\/div>\n<\/li>\n<li>\n<div>Comment pouvez-vous aider votre chien?<\/div>\n<div>\u00c9viter de donner \u00e0 votre chien de la nourriture humaine ou des snacks gras. Respectez les recommandations nutritionnelles fournies, en prenant soin d\u2019\u00e9tablir et de suivre des habitudes alimentaires quotidiennes. Si vous avez une question ou un doute concernant la sant\u00e9 de votre chien, veuillez consulter un v\u00e9t\u00e9rinaire.<\/div>\n<\/li>\n<\/ul>\n<h3><a href=\"https:\/\/wa.me\/212708052510\" target=\"_blank\" rel=\"noopener noreferrer\"><img decoding=\"async\" class=\"fr-fic fr-dib aligncenter\" src=\"https:\/\/cdn.youcan.shop\/stores\/d0742d556df94ddbc7ae4c9810aff04b\/others\/1lfIP8mFX1NB9AMsTukcx935insJNJZ4Nqply5T8.png\" width=\"303\" height=\"80\" data-name=\"stores\/d0742d556df94ddbc7ae4c9810aff04b\/others\/1lfIP8mFX1NB9AMsTukcx935insJNJZ4Nqply5T8.png\" \/><\/a><\/h3>\n<\/div>\n<\/div>\n<\/div>\n<\/div>\n<\/div>\n<div class=\"product-section add-to-cart-section\">\n<div class=\"quantity\"><\/div>\n<\/div>\n","protected":false},"excerpt":{"rendered":"<p>Aliment complet pour chiens adultes de petites races (de 1 \u00e0 10 kg) &#8211; Plus de 10 mois &#8211; Chiens \u00e0 sensibilit\u00e9 digestive. Peut se donner occasionnellement de 8 \u00e0 12 ans. L\u2019inconfort digestif est p\u00e9nible pour tout le monde, y compris pour votre chien. Une alimentation contenant des nutriments de haute qualit\u00e9 (sp\u00e9cifiquement s\u00e9lectionn\u00e9s [&#8230;]\n","protected":false},"featured_media":478,"template":"","meta":{"jetpack_publicize_message":"","jetpack_publicize_feature_enabled":true,"jetpack_social_post_already_shared":false,"jetpack_social_options":{"image_generator_settings":{"template":"highway","default_image_id":0,"font":"","enabled":false},"version":2}},"product_brand":[],"product_cat":[26],"product_tag":[],"class_list":{"0":"post-128","1":"product","2":"type-product","3":"status-publish","4":"has-post-thumbnail","6":"product_cat-croquettes","8":"first","9":"onbackorder","10":"taxable","11":"shipping-taxable","12":"purchasable","13":"product-type-simple"},"supplier_id":5587,"supplier_sku":"71132","barcode":null,"atum_controlled":true,"out_stock_date":null,"out_stock_threshold":null,"inheritable":false,"inbound_stock":0,"stock_on_hold":1,"sold_today":0,"sales_last_days":1,"reserved_stock":0,"customer_returns":0,"warehouse_damage":0,"lost_in_post":0,"other_logs":0,"out_stock_days":0,"lost_sales":0,"has_location":false,"update_date":"2026-05-06T12:35:20","atum_locations":[],"atum_stock_status":"onbackorder","restock_status":false,"low_stock_amount":3,"sales_update_date":"2026-05-06T12:35:20","calc_backorders":-1,"jetpack_publicize_connections":[],"jetpack_sharing_enabled":true,"batches":[{"id":"199","date_created":"2024-09-29 10:44:25","date_expiry":"2025-07-24 00:00:00","user_id":"2461","batch_number":"RCMiniDigestiveCare240725","location":"","quantity":"1.0000","quantity_available":"0.0000","units":"1","status":"archived","order_ids":"[13746]","supplier":"Royal Canin","po":{"id":"194","date_created":"2024-09-29 10:44:26","batch_id":"199","po_number":"","supplier":"Royal Canin","cost":null,"regular_price":null,"sale_price":null,"price_margin":null,"price_discount":null}},{"id":"502","date_created":"2024-10-03 17:13:38","date_expiry":"2025-08-11 00:00:00","user_id":"2461","batch_number":"RCMiniDigestiveCare110825","location":"","quantity":"2.0000","quantity_available":"0.0000","units":"1","status":"archived","order_ids":"[15014,15419]","supplier":"Royal Canin","po":{"id":"485","date_created":"2024-10-03 17:13:38","batch_id":"502","po_number":"","supplier":"Royal Canin","cost":null,"regular_price":null,"sale_price":null,"price_margin":null,"price_discount":null}},{"id":"1030","date_created":"2024-12-04 23:57:44","date_expiry":"2026-03-07 00:00:00","user_id":"2461","batch_number":"RCMiniDigestiveCare07032026","location":"","quantity":"1.0000","quantity_available":"0.0000","units":"1","status":"archived","order_ids":"[17143]","supplier":"Royal Canin","po":{"id":"1008","date_created":"2024-12-04 23:57:44","batch_id":"1030","po_number":"","supplier":"Royal Canin","cost":null,"regular_price":null,"sale_price":null,"price_margin":null,"price_discount":null}},{"id":"1214","date_created":"2024-12-16 10:53:22","date_expiry":"2026-03-07 00:00:00","user_id":"2461","batch_number":"RCMiniDigestiveCare07032026","location":"","quantity":"1.0000","quantity_available":"0.0000","units":"1","status":"archived","order_ids":"[18027]","supplier":"Royal Canin","po":{"id":"1187","date_created":"2024-12-16 10:53:23","batch_id":"1214","po_number":"","supplier":"Royal Canin","cost":null,"regular_price":null,"sale_price":null,"price_margin":null,"price_discount":null}},{"id":"1257","date_created":"2024-12-17 23:35:58","date_expiry":"2026-03-07 00:00:00","user_id":"2461","batch_number":"RCMiniDigestiveCare07032026","location":"","quantity":"1.0000","quantity_available":"0.0000","units":"1","status":"archived","order_ids":"[18088]","supplier":"Royal Canin","po":{"id":"1230","date_created":"2024-12-17 23:36:01","batch_id":"1257","po_number":"","supplier":"Royal Canin","cost":null,"regular_price":null,"sale_price":null,"price_margin":null,"price_discount":null}},{"id":"2149","date_created":"2025-02-26 00:45:12","date_expiry":"2026-05-07 00:00:00","user_id":"2461","batch_number":"RCMiniDigestiveCare070526","location":"","quantity":"2.0000","quantity_available":"0.0000","units":"1","status":"archived","order_ids":"[18953,19724]","supplier":"Royal Canin","po":{"id":"2119","date_created":"2025-02-26 00:45:15","batch_id":"2149","po_number":"","supplier":"Royal Canin","cost":null,"regular_price":null,"sale_price":null,"price_margin":null,"price_discount":null}},{"id":"2460","date_created":"2025-03-26 00:08:37","date_expiry":"2026-05-07 00:00:00","user_id":"2461","batch_number":"RCMiniDigestiveCare070526","location":"","quantity":"2.0000","quantity_available":"0.0000","units":"1","status":"archived","order_ids":"[21639,22287]","supplier":"Royal Canin","po":{"id":"2429","date_created":"2025-03-26 00:08:41","batch_id":"2460","po_number":"","supplier":"Royal Canin","cost":null,"regular_price":null,"sale_price":null,"price_margin":null,"price_discount":null}},{"id":"2733","date_created":"2025-04-05 22:20:10","date_expiry":"2026-07-05 00:00:00","user_id":"2461","batch_number":"RCMiniDigestiveCare050726","location":"","quantity":"1.0000","quantity_available":"0.0000","units":"1","status":"archived","order_ids":"[24154]","supplier":"Royal Canin","po":{"id":"2702","date_created":"2025-04-05 22:20:15","batch_id":"2733","po_number":"","supplier":"Royal Canin","cost":null,"regular_price":null,"sale_price":null,"price_margin":null,"price_discount":null}},{"id":"2887","date_created":"2025-04-10 19:52:40","date_expiry":"2026-07-05 00:00:00","user_id":"2461","batch_number":"RCMiniDigestiveCare050726","location":"","quantity":"2.0000","quantity_available":"0.0000","units":"1","status":"archived","order_ids":"[24756,26022]","supplier":"Royal Canin","po":{"id":"2853","date_created":"2025-04-10 19:52:41","batch_id":"2887","po_number":"","supplier":"Royal Canin","cost":null,"regular_price":null,"sale_price":null,"price_margin":null,"price_discount":null}},{"id":"4319","date_created":"2025-07-11 20:37:52","date_expiry":"2026-09-01 00:00:00","user_id":"2461","batch_number":"RCMiniDigestiveCare010926","location":"","quantity":"1.0000","quantity_available":"0.0000","units":"1","status":"archived","order_ids":"[26880]","supplier":"Royal Canin","po":{"id":"4282","date_created":"2025-07-11 20:37:52","batch_id":"4319","po_number":"","supplier":"Royal Canin","cost":null,"regular_price":null,"sale_price":null,"price_margin":null,"price_discount":null}},{"id":"4629","date_created":"2025-07-31 21:44:49","date_expiry":"2026-10-11 00:00:00","user_id":"2461","batch_number":"RCMiniDigestiveCare111026","location":"","quantity":"1.0000","quantity_available":"0.0000","units":"1","status":"archived","order_ids":"[26880]","supplier":"Royal Canin","po":{"id":"4593","date_created":"2025-07-31 21:44:49","batch_id":"4629","po_number":"","supplier":"Royal Canin","cost":null,"regular_price":null,"sale_price":null,"price_margin":null,"price_discount":null}},{"id":"5058","date_created":"2025-08-30 10:15:31","date_expiry":"2026-10-11 00:00:00","user_id":"2461","batch_number":"RCMiniDigestiveCare111026","location":"","quantity":"1.0000","quantity_available":"0.0000","units":"1","status":"archived","order_ids":"[28867]","supplier":"Royal Canin","po":{"id":"5021","date_created":"2025-08-30 10:15:31","batch_id":"5058","po_number":"","supplier":"Royal Canin","cost":null,"regular_price":null,"sale_price":null,"price_margin":null,"price_discount":null}},{"id":"5347","date_created":"2025-09-16 11:10:00","date_expiry":"2026-10-28 00:00:00","user_id":"2461","batch_number":"RCMiniDigestiveCare281026","location":"","quantity":"2.0000","quantity_available":"0.0000","units":"1","status":"archived","order_ids":"[28867]","supplier":"Royal Canin","po":{"id":"5304","date_created":"2025-09-16 11:10:01","batch_id":"5347","po_number":"","supplier":"Royal Canin","cost":null,"regular_price":null,"sale_price":null,"price_margin":null,"price_discount":null}},{"id":"5875","date_created":"2025-10-28 22:35:59","date_expiry":"2026-10-28 00:00:00","user_id":"2461","batch_number":"RCMiniDigestiveCare281026","location":"","quantity":"2.0000","quantity_available":"0.0000","units":"1","status":"archived","order_ids":"[32275,34857]","supplier":"Royal Canin","po":{"id":"5823","date_created":"2025-10-28 22:35:59","batch_id":"5875","po_number":"","supplier":"Royal Canin","cost":null,"regular_price":null,"sale_price":null,"price_margin":null,"price_discount":null}},{"id":"7103","date_created":"2026-01-10 12:47:50","date_expiry":"2027-03-02 00:00:00","user_id":"2461","batch_number":"RCMiniDigestiveCare020327","location":"","quantity":"2.0000","quantity_available":"0.0000","units":"1","status":"archived","order_ids":"[34880,34972]","supplier":"Royal Canin","po":{"id":"7039","date_created":"2026-01-10 12:47:51","batch_id":"7103","po_number":"","supplier":"Royal Canin","cost":null,"regular_price":null,"sale_price":null,"price_margin":null,"price_discount":null}},{"id":"7625","date_created":"2026-02-12 09:39:56","date_expiry":"2027-04-30 00:00:00","user_id":"2461","batch_number":"RCMiniDigestiveCare300427","location":"","quantity":"2.0000","quantity_available":"0.0000","units":"1","status":"archived","order_ids":"[37192,39537]","supplier":"Royal Canin","po":{"id":"7560","date_created":"2026-02-12 09:39:56","batch_id":"7625","po_number":"","supplier":"Royal Canin","cost":null,"regular_price":null,"sale_price":null,"price_margin":null,"price_discount":null}},{"id":"7683","date_created":"2026-02-14 10:27:18","date_expiry":"2027-04-30 00:00:00","user_id":"2461","batch_number":"RCMiniDigestiveCare300427","location":"","quantity":"1.0000","quantity_available":"0.0000","units":"1","status":"archived","order_ids":"[36325]","supplier":"Royal Canin","po":{"id":"7618","date_created":"2026-02-14 10:27:18","batch_id":"7683","po_number":"","supplier":"Royal Canin","cost":null,"regular_price":null,"sale_price":null,"price_margin":null,"price_discount":null}},{"id":"8035","date_created":"2026-02-28 21:38:00","date_expiry":"2027-04-30 00:00:00","user_id":"2461","batch_number":"RCMiniDigestiveCare300427","location":"","quantity":"1.0000","quantity_available":"0.0000","units":"1","status":"archived","order_ids":"[36859]","supplier":"Royal Canin","po":{"id":"7973","date_created":"2026-02-28 21:38:01","batch_id":"8035","po_number":"","supplier":"Royal Canin","cost":null,"regular_price":null,"sale_price":null,"price_margin":null,"price_discount":null}},{"id":"8150","date_created":"2026-03-08 02:10:18","date_expiry":"2027-03-30 00:00:00","user_id":"2461","batch_number":"RCMiniDigestiveCare300327","location":"","quantity":"1.0000","quantity_available":"0.0000","units":"1","status":"archived","order_ids":"[37859]","supplier":"Royal Canin","po":{"id":"8089","date_created":"2026-03-08 02:10:18","batch_id":"8150","po_number":"","supplier":"Royal Canin","cost":null,"regular_price":null,"sale_price":null,"price_margin":null,"price_discount":null}}],"_links":{"self":[{"href":"https:\/\/petworld.ma\/index.php\/wp-json\/wp\/v2\/product\/128","targetHints":{"allow":["GET"]}}],"collection":[{"href":"https:\/\/petworld.ma\/index.php\/wp-json\/wp\/v2\/product"}],"about":[{"href":"https:\/\/petworld.ma\/index.php\/wp-json\/wp\/v2\/types\/product"}],"wp:featuredmedia":[{"embeddable":true,"href":"https:\/\/petworld.ma\/index.php\/wp-json\/wp\/v2\/media\/478"}],"wp:attachment":[{"href":"https:\/\/petworld.ma\/index.php\/wp-json\/wp\/v2\/media?parent=128"}],"wp:term":[{"taxonomy":"product_brand","embeddable":true,"href":"https:\/\/petworld.ma\/index.php\/wp-json\/wp\/v2\/product_brand?post=128"},{"taxonomy":"product_cat","embeddable":true,"href":"https:\/\/petworld.ma\/index.php\/wp-json\/wp\/v2\/product_cat?post=128"},{"taxonomy":"product_tag","embeddable":true,"href":"https:\/\/petworld.ma\/index.php\/wp-json\/wp\/v2\/product_tag?post=128"}],"curies":[{"name":"wp","href":"https:\/\/api.w.org\/{rel}","templated":true}]}}