{"id":12801,"date":"2024-10-11T17:17:31","date_gmt":"2024-10-11T17:17:31","guid":{"rendered":"https:\/\/petworld.ma\/?post_type=product&#038;p=12801"},"modified":"2026-02-14T23:33:19","modified_gmt":"2026-02-14T23:33:19","slug":"laisse-chrome-noir-90cm-20mm-canijess-toute-race","status":"publish","type":"product","link":"https:\/\/petworld.ma\/index.php\/produit\/laisse-chrome-noir-90cm-20mm-canijess-toute-race\/","title":{"rendered":"Laisse Chrome Noir ou Bleu 90cm 3.5mm &#8211; Canijess (Toute Race)"},"content":{"rendered":"<p>Laisse de cha\u00eene robuste pour Chien chrom\u00e9 90cm pour toute race. L\u00e9g\u00e8re et durable, cette laisse est parfaite pour les promenades quotidiennes. Offrez \u00e0 votre chien la libert\u00e9 de se d\u00e9placer en toute s\u00e9curit\u00e9 avec cette laisse \u00e9l\u00e9gante.<\/p>\n","protected":false},"excerpt":{"rendered":"<p>Dimension: 90cm 3.5mm<\/p>\n","protected":false},"featured_media":12804,"template":"","meta":{"jetpack_publicize_message":"","jetpack_publicize_feature_enabled":true,"jetpack_social_post_already_shared":true,"jetpack_social_options":{"image_generator_settings":{"template":"highway","default_image_id":0,"font":"","enabled":false},"version":2}},"product_brand":[],"product_cat":[92],"product_tag":[],"class_list":{"0":"post-12801","1":"product","2":"type-product","3":"status-publish","4":"has-post-thumbnail","6":"product_cat-harnais-et-laisses-pour-chien","8":"first","9":"instock","10":"sale","11":"taxable","12":"shipping-taxable","13":"purchasable","14":"product-type-variable"},"supplier_id":5587,"supplier_sku":"6808","barcode":null,"atum_controlled":true,"out_stock_date":null,"out_stock_threshold":null,"inheritable":true,"inbound_stock":0,"stock_on_hold":0,"sold_today":0,"sales_last_days":0,"reserved_stock":0,"customer_returns":0,"warehouse_damage":0,"lost_in_post":0,"other_logs":0,"out_stock_days":0,"lost_sales":0,"has_location":false,"update_date":"2026-05-07T00:19:16","atum_locations":[],"atum_stock_status":"instock","restock_status":false,"low_stock_amount":"","sales_update_date":"2026-05-07T00:19:16","calc_backorders":null,"jetpack_publicize_connections":[],"jetpack_sharing_enabled":true,"batches":[],"_links":{"self":[{"href":"https:\/\/petworld.ma\/index.php\/wp-json\/wp\/v2\/product\/12801","targetHints":{"allow":["GET"]}}],"collection":[{"href":"https:\/\/petworld.ma\/index.php\/wp-json\/wp\/v2\/product"}],"about":[{"href":"https:\/\/petworld.ma\/index.php\/wp-json\/wp\/v2\/types\/product"}],"wp:featuredmedia":[{"embeddable":true,"href":"https:\/\/petworld.ma\/index.php\/wp-json\/wp\/v2\/media\/12804"}],"wp:attachment":[{"href":"https:\/\/petworld.ma\/index.php\/wp-json\/wp\/v2\/media?parent=12801"}],"wp:term":[{"taxonomy":"product_brand","embeddable":true,"href":"https:\/\/petworld.ma\/index.php\/wp-json\/wp\/v2\/product_brand?post=12801"},{"taxonomy":"product_cat","embeddable":true,"href":"https:\/\/petworld.ma\/index.php\/wp-json\/wp\/v2\/product_cat?post=12801"},{"taxonomy":"product_tag","embeddable":true,"href":"https:\/\/petworld.ma\/index.php\/wp-json\/wp\/v2\/product_tag?post=12801"}],"curies":[{"name":"wp","href":"https:\/\/api.w.org\/{rel}","templated":true}]}}