{"id":12805,"date":"2024-10-11T17:38:20","date_gmt":"2024-10-11T17:38:20","guid":{"rendered":"https:\/\/petworld.ma\/?post_type=product&#038;p=12805"},"modified":"2026-04-18T17:28:38","modified_gmt":"2026-04-18T17:28:38","slug":"collier-de-protection-cone-plusieurs-tailles-protection-des-plaies-canijess","status":"publish","type":"product","link":"https:\/\/petworld.ma\/index.php\/produit\/collier-de-protection-cone-plusieurs-tailles-protection-des-plaies-canijess\/","title":{"rendered":"Collier de protection \u00ab\u00a0c\u00f4ne\u00a0\u00bb plusieurs tailles (Protection des plaies) &#8211; Canijess-"},"content":{"rendered":"<p>Ce collier emp\u00eache votre animal de l\u00e9cher les blessures ou de m\u00e2cher les bandages.<\/p>\n<p><strong>Caract\u00e9ristiques:<\/strong><\/p>\n<ul>\n<li>Fabriqu\u00e9 en mat\u00e9riau \u00e9cologique, ne faisant aucun mal \u00e0 votre animal de compagnie.<\/li>\n<li>Fermeture d&rsquo;autocollant magique pour un ajustement rapide et pr\u00e9cis.<\/li>\n<li>Emp\u00eache efficacement votre chien ou votre chat de mordre les gens.<\/li>\n<\/ul>\n<p><strong>Dimension:<\/strong><\/p>\n<ul>\n<li>Taille XS\u00a0 : Tour de cou 15cm<\/li>\n<li>Taille S\u00a0 : Tour de cou 20cm<\/li>\n<li>Taille M : Tour de cou 25cm<\/li>\n<li>Taille L : Tour de cou 30cm<\/li>\n<\/ul>\n","protected":false},"excerpt":{"rendered":"<p>Ce collier emp\u00eache votre animal de l\u00e9cher les blessures ou de m\u00e2cher les bandages. Caract\u00e9ristiques: Fabriqu\u00e9 en mat\u00e9riau \u00e9cologique, ne faisant aucun mal \u00e0 votre animal de compagnie. Fermeture d&rsquo;autocollant magique pour un ajustement rapide et pr\u00e9cis. Emp\u00eache efficacement votre chien ou votre chat de mordre les gens. Dimension: Taille XS\u00a0 : Tour de cou [&#8230;]\n","protected":false},"featured_media":12813,"template":"","meta":{"jetpack_publicize_message":"","jetpack_publicize_feature_enabled":true,"jetpack_social_post_already_shared":true,"jetpack_social_options":{"image_generator_settings":{"template":"highway","default_image_id":0,"font":"","enabled":false},"version":2}},"product_brand":[],"product_cat":[222,92,233],"product_tag":[],"class_list":{"0":"post-12805","1":"product","2":"type-product","3":"status-publish","4":"has-post-thumbnail","6":"product_cat-brosses-coupe-griffes","7":"product_cat-harnais-et-laisses-pour-chien","8":"product_cat-colliers-harnais","10":"first","11":"instock","12":"taxable","13":"shipping-taxable","14":"purchasable","15":"product-type-variable"},"supplier_id":null,"supplier_sku":"","barcode":null,"atum_controlled":true,"out_stock_date":null,"out_stock_threshold":null,"inheritable":true,"inbound_stock":0,"stock_on_hold":0,"sold_today":0,"sales_last_days":0,"reserved_stock":0,"customer_returns":0,"warehouse_damage":0,"lost_in_post":0,"other_logs":0,"out_stock_days":0,"lost_sales":0,"has_location":false,"update_date":"2026-05-14T00:00:35","atum_locations":[],"atum_stock_status":"instock","restock_status":false,"low_stock_amount":"","sales_update_date":"2026-05-14T00:00:35","calc_backorders":null,"jetpack_publicize_connections":[],"jetpack_sharing_enabled":true,"batches":[],"_links":{"self":[{"href":"https:\/\/petworld.ma\/index.php\/wp-json\/wp\/v2\/product\/12805","targetHints":{"allow":["GET"]}}],"collection":[{"href":"https:\/\/petworld.ma\/index.php\/wp-json\/wp\/v2\/product"}],"about":[{"href":"https:\/\/petworld.ma\/index.php\/wp-json\/wp\/v2\/types\/product"}],"wp:featuredmedia":[{"embeddable":true,"href":"https:\/\/petworld.ma\/index.php\/wp-json\/wp\/v2\/media\/12813"}],"wp:attachment":[{"href":"https:\/\/petworld.ma\/index.php\/wp-json\/wp\/v2\/media?parent=12805"}],"wp:term":[{"taxonomy":"product_brand","embeddable":true,"href":"https:\/\/petworld.ma\/index.php\/wp-json\/wp\/v2\/product_brand?post=12805"},{"taxonomy":"product_cat","embeddable":true,"href":"https:\/\/petworld.ma\/index.php\/wp-json\/wp\/v2\/product_cat?post=12805"},{"taxonomy":"product_tag","embeddable":true,"href":"https:\/\/petworld.ma\/index.php\/wp-json\/wp\/v2\/product_tag?post=12805"}],"curies":[{"name":"wp","href":"https:\/\/api.w.org\/{rel}","templated":true}]}}