{"id":1290,"date":"2023-01-18T14:57:58","date_gmt":"2023-01-18T14:57:58","guid":{"rendered":"https:\/\/petworld.ma\/?post_type=product&#038;p=1290"},"modified":"2026-04-28T11:35:12","modified_gmt":"2026-04-28T11:35:12","slug":"brit-care-huile-de-saumon-500ml-chien-et-chat","status":"publish","type":"product","link":"https:\/\/petworld.ma\/index.php\/produit\/brit-care-huile-de-saumon-500ml-chien-et-chat\/","title":{"rendered":"Brit Care Huile de saumon 500ml | 250ml (chien et chat)"},"content":{"rendered":"<p>L&rsquo;huile de saumon est une source d&rsquo;acides gras om\u00e9ga 3 (EPA et DHA), qui ont un effet positif sur les processus m\u00e9taboliques de l&rsquo;organisme.<br \/>\nL&rsquo;EPA a un effet anti-inflammatoire naturel et le DHA participe \u00e0 la construction du cerveau et de la r\u00e9tine.<\/p>\n<p>L&rsquo;huile contient des acides om\u00e9ga 3 et om\u00e9ga 6 parfaitement \u00e9quilibr\u00e9s, gr\u00e2ce auxquels elle r\u00e9duit la quantit\u00e9 de cholest\u00e9rol dans le sang.<br \/>\nC&rsquo;est un excellent compl\u00e9ment alimentaire pour animaux \u00e0 utiliser quotidiennement. Son utilisation r\u00e9guli\u00e8re rend le pelage brillant et \u00e9pais.<\/p>\n<p><strong>Dosage ( ml \/ jour )<\/strong><br \/>\nChiens et chats de petite race jusqu&rsquo;\u00e0 12 kg : 4ml<br \/>\nChiens de race moyenne pesant de 12 \u00e0 24 kg : 8ml<br \/>\nChiens de grande race pesant de 24 \u00e0 48 kg : 12ml<br \/>\nChiens de grande race pesant plus de 48 kg : 16ml<\/p>\n<p>Conserver dans un r\u00e9cipient ferm\u00e9 dans un endroit sombre, sec et frais.<\/p>\n<p class=\"composition\"><strong>Composition:<\/strong><\/p>\n<p>huile de saumon 100\u00a0%.<\/p>\n<p><strong>Composants analytiques:<\/strong><\/p>\n<p>prot\u00e9ine brute 0 %, teneur en mati\u00e8res grasses 99 %, cendres brutes 0 %, acide eicosapenta\u00e9no\u00efque (epa) 8,90 %, acide docosahexa\u00e9no\u00efque (dha) 11,14 %.<\/p>\n","protected":false},"excerpt":{"rendered":"<p>L&rsquo;huile de saumon est une source d&rsquo;acides gras om\u00e9ga 3 (EPA et DHA), qui ont un effet positif sur les processus m\u00e9taboliques de l&rsquo;organisme. L&rsquo;EPA a un effet anti-inflammatoire naturel et le DHA participe \u00e0 la construction du cerveau et de la r\u00e9tine. L&rsquo;huile contient des acides om\u00e9ga 3 et om\u00e9ga 6 parfaitement \u00e9quilibr\u00e9s, gr\u00e2ce [&#8230;]\n","protected":false},"featured_media":4603,"template":"","meta":{"jetpack_publicize_message":"","jetpack_publicize_feature_enabled":true,"jetpack_social_post_already_shared":true,"jetpack_social_options":{"image_generator_settings":{"template":"highway","default_image_id":0,"font":"","enabled":false},"version":2}},"product_brand":[],"product_cat":[218,219,127],"product_tag":[],"class_list":{"0":"post-1290","1":"product","2":"type-product","3":"status-publish","4":"has-post-thumbnail","6":"product_cat-complement-alimentaire","7":"product_cat-complement-alimentaire-hygiene-et-soins-pour-chat","8":"product_cat-huile-de-saumon","10":"first","11":"instock","12":"sale","13":"taxable","14":"shipping-taxable","15":"purchasable","16":"product-type-variable"},"supplier_id":5590,"supplier_sku":"","barcode":null,"atum_controlled":true,"out_stock_date":"2026-02-04 09:04:30","out_stock_threshold":null,"inheritable":true,"inbound_stock":0,"stock_on_hold":2,"sold_today":0,"sales_last_days":2,"reserved_stock":0,"customer_returns":0,"warehouse_damage":0,"lost_in_post":0,"other_logs":0,"out_stock_days":82,"lost_sales":0,"has_location":false,"update_date":"2026-04-30T15:04:36","atum_locations":[],"atum_stock_status":"instock","restock_status":false,"low_stock_amount":"","sales_update_date":"2026-04-28T00:15:07","calc_backorders":null,"jetpack_publicize_connections":[],"jetpack_sharing_enabled":true,"batches":[{"id":"835","date_created":"2024-11-15 15:47:29","date_expiry":"2025-08-23 00:00:00","user_id":"2461","batch_number":"BritHuileSaumon230825","location":"","quantity":"30.0000","quantity_available":"0.0000","units":"1","status":"archived","order_ids":"[14611,14655,15018,15433,15725,15939,16009,16036,16129,16389,16706,16975,17144,17266,17274,17295,17300,17414,17435,17445,17555,17613,17687,17689,17701,17888,17939,18028,18104,18132,18214]","supplier":"Brit","po":{"id":"812","date_created":"2024-11-15 15:47:30","batch_id":"835","po_number":"","supplier":"Brit","cost":null,"regular_price":null,"sale_price":null,"price_margin":null,"price_discount":null}},{"id":"2181","date_created":"2025-02-26 21:41:25","date_expiry":"2025-11-18 00:00:00","user_id":"2461","batch_number":"BritHuileSaumon181125","location":"","quantity":"11.0000","quantity_available":"0.0000","units":"1","status":"archived","order_ids":"[18505,18610,18670,18701,18860,18903,19053,19181,19249,19420,19441]","supplier":"Brit","po":{"id":"2150","date_created":"2025-02-26 21:41:28","batch_id":"2181","po_number":"","supplier":"Brit","cost":null,"regular_price":null,"sale_price":null,"price_margin":null,"price_discount":null}},{"id":"2946","date_created":"2025-04-10 23:59:20","date_expiry":"2025-11-18 00:00:00","user_id":"2461","batch_number":"BritHuileSaumon181125","location":"","quantity":"8.0000","quantity_available":"0.0000","units":"1","status":"archived","order_ids":"[20517,20547,20721,20837,20902,20830]","supplier":"Brit","po":{"id":"2914","date_created":"2025-04-10 23:59:27","batch_id":"2946","po_number":"","supplier":"Brit","cost":null,"regular_price":null,"sale_price":null,"price_margin":null,"price_discount":null}},{"id":"3129","date_created":"2025-04-23 08:18:35","date_expiry":"2026-02-07 00:00:00","user_id":"2461","batch_number":"BritHuileSaumon070226","location":"","quantity":"8.0000","quantity_available":"0.0000","units":"1","status":"archived","order_ids":"[21072,21145,21514,21597,22046,22365]","supplier":"Brit","po":{"id":"3096","date_created":"2025-04-23 08:18:36","batch_id":"3129","po_number":"","supplier":"Brit","cost":null,"regular_price":null,"sale_price":null,"price_margin":null,"price_discount":null}},{"id":"3834","date_created":"2025-06-04 22:24:20","date_expiry":"2026-03-26 00:00:00","user_id":"2461","batch_number":"BritHuileSaumon260326","location":"","quantity":"24.0000","quantity_available":"0.0000","units":"1","status":"archived","order_ids":"[22985,23150,23194,23343,23382,23495,23674,23687,23712,23757,23968,24140,24301,24338,24497,24623,24819,25019,25280,25301,25375,25508,25542,25561]","supplier":"Brit","po":{"id":"3798","date_created":"2025-06-04 22:24:20","batch_id":"3834","po_number":"","supplier":"Brit","cost":null,"regular_price":null,"sale_price":null,"price_margin":null,"price_discount":null}},{"id":"4719","date_created":"2025-08-08 08:59:28","date_expiry":"2026-06-10 00:00:00","user_id":"2461","batch_number":"BritHuileSaumon100626","location":"","quantity":"8.0000","quantity_available":"0.0000","units":"1","status":"archived","order_ids":"[25621,25769,25807,26296,26351,26353,26757,27473,27973,28596,28805]","supplier":"Brit","po":{"id":"4683","date_created":"2025-08-08 08:59:29","batch_id":"4719","po_number":"","supplier":"Brit","cost":null,"regular_price":null,"sale_price":null,"price_margin":null,"price_discount":null}}],"_links":{"self":[{"href":"https:\/\/petworld.ma\/index.php\/wp-json\/wp\/v2\/product\/1290","targetHints":{"allow":["GET"]}}],"collection":[{"href":"https:\/\/petworld.ma\/index.php\/wp-json\/wp\/v2\/product"}],"about":[{"href":"https:\/\/petworld.ma\/index.php\/wp-json\/wp\/v2\/types\/product"}],"wp:featuredmedia":[{"embeddable":true,"href":"https:\/\/petworld.ma\/index.php\/wp-json\/wp\/v2\/media\/4603"}],"wp:attachment":[{"href":"https:\/\/petworld.ma\/index.php\/wp-json\/wp\/v2\/media?parent=1290"}],"wp:term":[{"taxonomy":"product_brand","embeddable":true,"href":"https:\/\/petworld.ma\/index.php\/wp-json\/wp\/v2\/product_brand?post=1290"},{"taxonomy":"product_cat","embeddable":true,"href":"https:\/\/petworld.ma\/index.php\/wp-json\/wp\/v2\/product_cat?post=1290"},{"taxonomy":"product_tag","embeddable":true,"href":"https:\/\/petworld.ma\/index.php\/wp-json\/wp\/v2\/product_tag?post=1290"}],"curies":[{"name":"wp","href":"https:\/\/api.w.org\/{rel}","templated":true}]}}