{"id":12904,"date":"2024-10-13T16:44:35","date_gmt":"2024-10-13T16:44:35","guid":{"rendered":"https:\/\/petworld.ma\/?post_type=product&#038;p=12904"},"modified":"2026-04-01T21:09:21","modified_gmt":"2026-04-01T21:09:21","slug":"distributeur-deau-et-de-nourriture-3-5l-bleu-marron-2","status":"publish","type":"product","link":"https:\/\/petworld.ma\/index.php\/produit\/distributeur-deau-et-de-nourriture-3-5l-bleu-marron-2\/","title":{"rendered":"Distributeur d&rsquo;Eau et de Nourriture 3.5L (Bleu | Marron)"},"content":{"rendered":"<p>Ce produit peut \u00eatre utilis\u00e9 comme distributeur de nourriture ou abreuvoir. Il est id\u00e9al pour les personnes qui passent la plus grande partie de la journ\u00e9e \u00e0 l&rsquo;ext\u00e9rieur de la maison, que ce soit pour le travail ou pour diverses occasions qui nous emp\u00eachent \u00e0 donner \u00e0 quoi manger ou boire \u00e0 votre meilleur ami.<br \/>\nPeut \u00eatre lav\u00e9 \u00e0 la main ou au lave-vaisselle gr\u00e2ce au plastique robuste dans lequel il est fabriqu\u00e9. En outre, il dispose d&rsquo;une base antid\u00e9rapante pour emp\u00eacher votre chien\/chat de renverser l&rsquo;eau ou la nourriture.<\/p>\n","protected":false},"excerpt":{"rendered":"<p>Made in Italy!!<\/p>\n<p>Capacit\u00e9 : 3.5 Litre<\/p>\n","protected":false},"featured_media":7302,"template":"","meta":{"jetpack_publicize_message":"","jetpack_publicize_feature_enabled":true,"jetpack_social_post_already_shared":true,"jetpack_social_options":{"image_generator_settings":{"template":"highway","default_image_id":0,"font":"","enabled":false},"version":2}},"product_brand":[],"product_cat":[133,134],"product_tag":[],"class_list":{"0":"post-12904","1":"product","2":"type-product","3":"status-publish","4":"has-post-thumbnail","6":"product_cat-gamelle","7":"product_cat-gamelles","9":"first","10":"instock","11":"taxable","12":"shipping-taxable","13":"purchasable","14":"product-type-variable"},"supplier_id":5588,"supplier_sku":"","barcode":null,"atum_controlled":true,"out_stock_date":null,"out_stock_threshold":null,"inheritable":true,"inbound_stock":0,"stock_on_hold":0,"sold_today":0,"sales_last_days":0,"reserved_stock":0,"customer_returns":0,"warehouse_damage":0,"lost_in_post":0,"other_logs":0,"out_stock_days":0,"lost_sales":0,"has_location":false,"update_date":"2026-05-06T00:19:23","atum_locations":[],"atum_stock_status":"instock","restock_status":false,"low_stock_amount":"","sales_update_date":"2026-05-06T00:19:23","calc_backorders":null,"jetpack_publicize_connections":[],"jetpack_sharing_enabled":true,"batches":[],"_links":{"self":[{"href":"https:\/\/petworld.ma\/index.php\/wp-json\/wp\/v2\/product\/12904","targetHints":{"allow":["GET"]}}],"collection":[{"href":"https:\/\/petworld.ma\/index.php\/wp-json\/wp\/v2\/product"}],"about":[{"href":"https:\/\/petworld.ma\/index.php\/wp-json\/wp\/v2\/types\/product"}],"wp:featuredmedia":[{"embeddable":true,"href":"https:\/\/petworld.ma\/index.php\/wp-json\/wp\/v2\/media\/7302"}],"wp:attachment":[{"href":"https:\/\/petworld.ma\/index.php\/wp-json\/wp\/v2\/media?parent=12904"}],"wp:term":[{"taxonomy":"product_brand","embeddable":true,"href":"https:\/\/petworld.ma\/index.php\/wp-json\/wp\/v2\/product_brand?post=12904"},{"taxonomy":"product_cat","embeddable":true,"href":"https:\/\/petworld.ma\/index.php\/wp-json\/wp\/v2\/product_cat?post=12904"},{"taxonomy":"product_tag","embeddable":true,"href":"https:\/\/petworld.ma\/index.php\/wp-json\/wp\/v2\/product_tag?post=12904"}],"curies":[{"name":"wp","href":"https:\/\/api.w.org\/{rel}","templated":true}]}}