{"id":13000,"date":"2024-10-15T15:57:20","date_gmt":"2024-10-15T15:57:20","guid":{"rendered":"https:\/\/petworld.ma\/?post_type=product&#038;p=13000"},"modified":"2026-04-08T18:47:25","modified_gmt":"2026-04-08T18:47:25","slug":"laisse-retractable-flexi-rose-design-25kg-5m","status":"publish","type":"product","link":"https:\/\/petworld.ma\/index.php\/produit\/laisse-retractable-flexi-rose-design-25kg-5m\/","title":{"rendered":"Laisse Retractable FLEXI Rose Design 25kg &#8211; 5m"},"content":{"rendered":"<div>\n<ul>\n<li>Laisse sangle de 5\u00a0m<\/li>\n<li>Pour des chiens jusqu\u2019\u00e0 25kg<\/li>\n<li>Syst\u00e8me de freinage confortable<\/li>\n<li>Extensible avec la Multi Box<\/li>\n<li>Couleur: Rose<\/li>\n<\/ul>\n<\/div>\n<div>\n<h3>CARACT\u00c9RISTIQUES<\/h3>\n<div>Mettez de la couleur dans votre quotidien.<\/div>\n<p>L\u00b4extravagante pratique. Cette laisse ne se distingue pas seulement par une optique hors de commun, elle offre en m\u00eame temps tout le confort dont vous avez besoin lors de vos promenade.<\/p>\n<div>Syst\u00e8me de guidage perfectionn\u00e9<\/div>\n<p>Syst\u00e8me de guidage perfectionn\u00e9 par d\u2019innombrables tests : la sangle peut \u00eatre d\u00e9roul\u00e9e dans toutes les directions sans se coincer.<a href=\"https:\/\/wa.me\/212708052510\" target=\"_blank\" rel=\"noopener noreferrer\"><br \/>\n<\/a><\/p>\n<\/div>\n","protected":false},"excerpt":{"rendered":"<ul>\n<li>Laisse sangle de 5\u00a0m<\/li>\n<li>Pour des chiens jusqu\u2019\u00e0 25kg<\/li>\n<li>Syst\u00e8me de freinage confortable<\/li>\n<li>Extensible avec la Multi Box<\/li>\n<li>couleurs: jaune<\/li>\n<\/ul>\n","protected":false},"featured_media":13001,"template":"","meta":{"jetpack_publicize_message":"","jetpack_publicize_feature_enabled":true,"jetpack_social_post_already_shared":true,"jetpack_social_options":{"image_generator_settings":{"template":"highway","default_image_id":0,"font":"","enabled":false},"version":2}},"product_brand":[],"product_cat":[92],"product_tag":[],"class_list":{"0":"post-13000","1":"product","2":"type-product","3":"status-publish","4":"has-post-thumbnail","6":"product_cat-harnais-et-laisses-pour-chien","8":"first","9":"instock","10":"sale","11":"taxable","12":"shipping-taxable","13":"purchasable","14":"product-type-simple"},"supplier_id":5587,"supplier_sku":"6570","barcode":null,"atum_controlled":true,"out_stock_date":null,"out_stock_threshold":null,"inheritable":false,"inbound_stock":0,"stock_on_hold":0,"sold_today":0,"sales_last_days":0,"reserved_stock":0,"customer_returns":0,"warehouse_damage":0,"lost_in_post":0,"other_logs":0,"out_stock_days":0,"lost_sales":0,"has_location":false,"update_date":"2026-05-04T13:33:18","atum_locations":[],"atum_stock_status":"instock","restock_status":false,"low_stock_amount":0,"sales_update_date":"2026-05-04T13:33:18","calc_backorders":null,"jetpack_publicize_connections":[],"jetpack_sharing_enabled":true,"batches":[],"_links":{"self":[{"href":"https:\/\/petworld.ma\/index.php\/wp-json\/wp\/v2\/product\/13000","targetHints":{"allow":["GET"]}}],"collection":[{"href":"https:\/\/petworld.ma\/index.php\/wp-json\/wp\/v2\/product"}],"about":[{"href":"https:\/\/petworld.ma\/index.php\/wp-json\/wp\/v2\/types\/product"}],"wp:featuredmedia":[{"embeddable":true,"href":"https:\/\/petworld.ma\/index.php\/wp-json\/wp\/v2\/media\/13001"}],"wp:attachment":[{"href":"https:\/\/petworld.ma\/index.php\/wp-json\/wp\/v2\/media?parent=13000"}],"wp:term":[{"taxonomy":"product_brand","embeddable":true,"href":"https:\/\/petworld.ma\/index.php\/wp-json\/wp\/v2\/product_brand?post=13000"},{"taxonomy":"product_cat","embeddable":true,"href":"https:\/\/petworld.ma\/index.php\/wp-json\/wp\/v2\/product_cat?post=13000"},{"taxonomy":"product_tag","embeddable":true,"href":"https:\/\/petworld.ma\/index.php\/wp-json\/wp\/v2\/product_tag?post=13000"}],"curies":[{"name":"wp","href":"https:\/\/api.w.org\/{rel}","templated":true}]}}