{"id":13055,"date":"2024-10-16T16:41:17","date_gmt":"2024-10-16T16:41:17","guid":{"rendered":"https:\/\/petworld.ma\/?post_type=product&#038;p=13055"},"modified":"2026-02-07T15:08:15","modified_gmt":"2026-02-07T15:08:15","slug":"lit-pour-chat-chien-premium-tres-doux-motif-triangle-65x40x22cm","status":"publish","type":"product","link":"https:\/\/petworld.ma\/index.php\/produit\/lit-pour-chat-chien-premium-tres-doux-motif-triangle-65x40x22cm\/","title":{"rendered":"Lit pour chat\/chien premium tr\u00e8s doux motif triangle 65x40x22cm"},"content":{"rendered":"<div id=\"presContent\" class=\"o-block__content o-block__content--white\">\n<div class=\"fpBlk testSep extCode\" data-provider=\"None\">C&rsquo;est un lit tr\u00e8s confortable et tr\u00e8s doux.<br \/>\nTissu de haute qualit\u00e9 chaud, durable, inodore, s\u00fbr et \u00e9cologique.<br \/>\nFacile \u00e0 nettoyer : Lavage \u00e0 la machine \u00e0 l&rsquo;eau froide. Ne pas utiliser d&rsquo;agent de blanchiment, de nettoyage \u00e0 sec ou de repassage.<\/div>\n<\/div>\n<div data-provider=\"None\"><\/div>\n<div data-provider=\"None\">Dimension: 65x40x22cm<\/div>\n<div data-provider=\"None\"><\/div>\n","protected":false},"excerpt":{"rendered":"<p>Dimension: 65x40x22cm<\/p>\n","protected":false},"featured_media":13077,"template":"","meta":{"jetpack_publicize_message":"","jetpack_publicize_feature_enabled":true,"jetpack_social_post_already_shared":true,"jetpack_social_options":{"image_generator_settings":{"template":"highway","default_image_id":0,"font":"","enabled":false},"version":2}},"product_brand":[],"product_cat":[124,125],"product_tag":[],"class_list":{"0":"post-13055","1":"product","2":"type-product","3":"status-publish","4":"has-post-thumbnail","6":"product_cat-lits-et-cages","7":"product_cat-lits-et-cages-chien","9":"first","10":"onbackorder","11":"taxable","12":"shipping-taxable","13":"purchasable","14":"product-type-simple"},"supplier_id":8054,"supplier_sku":"","barcode":null,"atum_controlled":true,"out_stock_date":null,"out_stock_threshold":null,"inheritable":false,"inbound_stock":0,"stock_on_hold":0,"sold_today":0,"sales_last_days":0,"reserved_stock":0,"customer_returns":0,"warehouse_damage":0,"lost_in_post":0,"other_logs":0,"out_stock_days":0,"lost_sales":0,"has_location":false,"update_date":"2026-04-24T00:11:05","atum_locations":[],"atum_stock_status":"onbackorder","restock_status":false,"low_stock_amount":1,"sales_update_date":"2026-04-24T00:11:05","calc_backorders":-1,"jetpack_publicize_connections":[],"jetpack_sharing_enabled":true,"batches":[],"_links":{"self":[{"href":"https:\/\/petworld.ma\/index.php\/wp-json\/wp\/v2\/product\/13055","targetHints":{"allow":["GET"]}}],"collection":[{"href":"https:\/\/petworld.ma\/index.php\/wp-json\/wp\/v2\/product"}],"about":[{"href":"https:\/\/petworld.ma\/index.php\/wp-json\/wp\/v2\/types\/product"}],"wp:featuredmedia":[{"embeddable":true,"href":"https:\/\/petworld.ma\/index.php\/wp-json\/wp\/v2\/media\/13077"}],"wp:attachment":[{"href":"https:\/\/petworld.ma\/index.php\/wp-json\/wp\/v2\/media?parent=13055"}],"wp:term":[{"taxonomy":"product_brand","embeddable":true,"href":"https:\/\/petworld.ma\/index.php\/wp-json\/wp\/v2\/product_brand?post=13055"},{"taxonomy":"product_cat","embeddable":true,"href":"https:\/\/petworld.ma\/index.php\/wp-json\/wp\/v2\/product_cat?post=13055"},{"taxonomy":"product_tag","embeddable":true,"href":"https:\/\/petworld.ma\/index.php\/wp-json\/wp\/v2\/product_tag?post=13055"}],"curies":[{"name":"wp","href":"https:\/\/api.w.org\/{rel}","templated":true}]}}