{"id":13079,"date":"2024-10-17T08:05:38","date_gmt":"2024-10-17T08:05:38","guid":{"rendered":"https:\/\/petworld.ma\/?post_type=product&#038;p=13079"},"modified":"2026-04-17T08:55:58","modified_gmt":"2026-04-17T08:55:58","slug":"brosse-de-nettoyage-de-poils-sous-forme-de-rectangle","status":"publish","type":"product","link":"https:\/\/petworld.ma\/index.php\/produit\/brosse-de-nettoyage-de-poils-sous-forme-de-rectangle\/","title":{"rendered":"Brosse de Nettoyage de Poils sous Forme de Rectangle"},"content":{"rendered":"<p>Brosse tr\u00e8s efficace pour retirer les poils des v\u00eatements, canap\u00e9s&#8230;<\/p>\n<p>2 tailles disponibles:<\/p>\n<p><img decoding=\"async\" class=\"alignnone wp-image-12879\" src=\"https:\/\/petworld.ma\/wp-content\/uploads\/2023\/09\/4-1-510x367-1-e1728829588480-300x300.jpg\" alt=\"\" width=\"426\" height=\"426\" srcset=\"https:\/\/petworld.ma\/wp-content\/uploads\/2023\/09\/4-1-510x367-1-e1728829588480-300x300.jpg 300w, https:\/\/petworld.ma\/wp-content\/uploads\/2023\/09\/4-1-510x367-1-e1728829588480-150x150.jpg 150w, https:\/\/petworld.ma\/wp-content\/uploads\/2023\/09\/4-1-510x367-1-e1728829588480-247x247.jpg 247w, https:\/\/petworld.ma\/wp-content\/uploads\/2023\/09\/4-1-510x367-1-e1728829588480-100x100.jpg 100w, https:\/\/petworld.ma\/wp-content\/uploads\/2023\/09\/4-1-510x367-1-e1728829588480.jpg 366w\" sizes=\"(max-width: 426px) 100vw, 426px\" \/><\/p>\n","protected":false},"excerpt":{"rendered":"<p>Tailles: 22*5.5cm ou 24*5.5cm<\/p>\n","protected":false},"featured_media":4269,"template":"","meta":{"jetpack_publicize_message":"","jetpack_publicize_feature_enabled":true,"jetpack_social_post_already_shared":true,"jetpack_social_options":{"image_generator_settings":{"template":"highway","default_image_id":0,"font":"","enabled":false},"version":2}},"product_brand":[],"product_cat":[222,223],"product_tag":[],"class_list":{"0":"post-13079","1":"product","2":"type-product","3":"status-publish","4":"has-post-thumbnail","6":"product_cat-brosses-coupe-griffes","7":"product_cat-brosses-coupe-griffes-hygiene-et-soins","9":"first","10":"instock","11":"taxable","12":"shipping-taxable","13":"purchasable","14":"product-type-variable"},"supplier_id":5592,"supplier_sku":"","barcode":null,"atum_controlled":true,"out_stock_date":null,"out_stock_threshold":null,"inheritable":true,"inbound_stock":0,"stock_on_hold":0,"sold_today":0,"sales_last_days":0,"reserved_stock":0,"customer_returns":0,"warehouse_damage":0,"lost_in_post":0,"other_logs":0,"out_stock_days":0,"lost_sales":0,"has_location":false,"update_date":"2026-05-06T00:19:06","atum_locations":[],"atum_stock_status":"instock","restock_status":false,"low_stock_amount":2,"sales_update_date":"2026-05-06T00:19:06","calc_backorders":null,"jetpack_publicize_connections":[],"jetpack_sharing_enabled":true,"batches":[],"_links":{"self":[{"href":"https:\/\/petworld.ma\/index.php\/wp-json\/wp\/v2\/product\/13079","targetHints":{"allow":["GET"]}}],"collection":[{"href":"https:\/\/petworld.ma\/index.php\/wp-json\/wp\/v2\/product"}],"about":[{"href":"https:\/\/petworld.ma\/index.php\/wp-json\/wp\/v2\/types\/product"}],"wp:featuredmedia":[{"embeddable":true,"href":"https:\/\/petworld.ma\/index.php\/wp-json\/wp\/v2\/media\/4269"}],"wp:attachment":[{"href":"https:\/\/petworld.ma\/index.php\/wp-json\/wp\/v2\/media?parent=13079"}],"wp:term":[{"taxonomy":"product_brand","embeddable":true,"href":"https:\/\/petworld.ma\/index.php\/wp-json\/wp\/v2\/product_brand?post=13079"},{"taxonomy":"product_cat","embeddable":true,"href":"https:\/\/petworld.ma\/index.php\/wp-json\/wp\/v2\/product_cat?post=13079"},{"taxonomy":"product_tag","embeddable":true,"href":"https:\/\/petworld.ma\/index.php\/wp-json\/wp\/v2\/product_tag?post=13079"}],"curies":[{"name":"wp","href":"https:\/\/api.w.org\/{rel}","templated":true}]}}