{"id":13190,"date":"2024-10-21T10:53:35","date_gmt":"2024-10-21T10:53:35","guid":{"rendered":"https:\/\/petworld.ma\/?post_type=product&#038;p=13190"},"modified":"2026-03-12T16:21:57","modified_gmt":"2026-03-12T16:21:57","slug":"pro-plan-purina-veterinary-diets-chien-dermatosis-3kg","status":"publish","type":"product","link":"https:\/\/petworld.ma\/index.php\/produit\/pro-plan-purina-veterinary-diets-chien-dermatosis-3kg\/","title":{"rendered":"Pro Plan Purina Veterinary Diets Chien Dermatosis 3kg"},"content":{"rendered":"<h1 class=\"dsu-product--title\">Croquettes pour chien soutenant la fonction cutan\u00e9e<\/h1>\n<p><strong>Caract\u00e9ristiques<\/strong><\/p>\n<ul>\n<li>Teneur \u00e9lev\u00e9e en nutriments sp\u00e9cifiques pour aider \u00e0 soutenir la bonne sant\u00e9 de la peau.<\/li>\n<li>Nombre limit\u00e9 de sources de prot\u00e9ines s\u00e9lectionn\u00e9es pour aider \u00e0 minimiser les r\u00e9actions cutan\u00e9es alimentaires.<\/li>\n<li>\u200bTeneur \u00e9lev\u00e9e en acides gras om\u00e9ga 3, b\u00e9n\u00e9fiques pour la bonne sant\u00e9 de la peau.<\/li>\n<\/ul>\n<p>Aliment complet pour les chiots et les chiens adultes, pour un soutien de la fonction cutan\u00e9e en cas de dermatose et de perte excessive de poils.<\/p>\n<p>PURINA\u00ae\u00a0PROPLAN\u00ae\u00a0VETERINARY DIETS Canine DRM DERMATOSIS contient des nutriments sp\u00e9cifiques pour la peau, qui aident \u00e0 promouvoir une peau et un pelage sains. Cet aliment est formul\u00e9 avec des sources innovantes de prot\u00e9ines s\u00e9lectionn\u00e9es et un nombre limit\u00e9 de sources de prot\u00e9ines, aidant \u00e0 minimiser les r\u00e9actions cutan\u00e9es alimentaires. La teneur en acides gras om\u00e9ga 3 a \u00e9t\u00e9 augment\u00e9e.<\/p>\n<p>Cette formule aide \u00e0 contr\u00f4ler les affections cutan\u00e9es chez les chiens de tout \u00e2ge.<\/p>\n<p>Veuillez noter que toutes les indications de PURINA\u00ae PRO PLAN\u00ae VETERINARY DIETS mentionn\u00e9es sont pour la prise en charge nutritionnelle des chiens selon les troubles \u00e9num\u00e9r\u00e9s et ne font pas obstacle \u00e0 la gestion m\u00e9dicamenteuse du cas. Avant utilisation ou avant prolongation de la dur\u00e9e d\u2019utilisation, il est recommand\u00e9 de demander l\u2019avis d\u2019un v\u00e9t\u00e9rinaire.<\/p>\n<p><strong>Composition: <\/strong>Amidon de ma\u00efs, Farine de colza*, Prot\u00e9ines de pois*, Prot\u00e9ines de hareng d\u00e9shydrat\u00e9es*, Graisse de porc, Hydrolysat*, Huile de poisson, Substances min\u00e9rales, Huile de colza<\/p>\n<p>*Sources de prot\u00e9ines<\/p>\n<p><strong>Constituants analytiques: <\/strong>Humidit\u00e9 : 7,5 %, Prot\u00e9ine : 30,0 %, Teneur en mati\u00e8res grasses : 18,0 %, Cendres brutes : 7,0 %, Cellulose brute : 2,5 %, EPA (acide eicosapenta\u00e9no\u00efque) et DHA (acide docosahexa\u00e9no\u00efque) : 1,1 %, Acides gras Om\u00e9ga-3 : 1,4 %, Acide linol\u00e9ique : 2,3%<\/p>\n<p><strong>Apports caloriques moyens dans l\u2019aliment: <\/strong>Energie m\u00e9tabolisable (EM)* : 4,01 kcal\/g, Selon le NRC 2006<\/p>\n<p><strong>Additifs : additifs nutritionnels<\/strong><\/p>\n<p>UI\/kg :<br \/>\nVit A : 35 000 ;<br \/>\nVit D3 : 1 000 ;<br \/>\nVit E : 350.<\/p>\n<p>mg\/kg :<br \/>\nSulfate de fer (II) monohydrat\u00e9 (Fe) : 94 ;<br \/>\nIodate de calcium anhydre\u00a0 (I) : 1,4 ;<br \/>\nSulfate de cuivre (II) pentahydrat\u00e9 (Cu) : 9,8 ;<br \/>\nSulfate manganeux monohydrat\u00e9 (Mn) : 34 ;<br \/>\nSulfate de zinc monohydrat\u00e9 (Zn) : 86 ;<br \/>\nS\u00e9l\u00e9nite de sodium (Se) : 0,10 ;<br \/>\nAntioxyg\u00e8nes.<\/p>\n","protected":false},"excerpt":{"rendered":"<h1 class=\"dsu-product--title\">Croquettes pour chien soutenant la fonction cutan\u00e9e<\/h1>\n","protected":false},"featured_media":13191,"template":"","meta":{"jetpack_publicize_message":"","jetpack_publicize_feature_enabled":true,"jetpack_social_post_already_shared":true,"jetpack_social_options":{"image_generator_settings":{"template":"highway","default_image_id":0,"font":"","enabled":false},"version":2}},"product_brand":[],"product_cat":[26],"product_tag":[],"class_list":{"0":"post-13190","1":"product","2":"type-product","3":"status-publish","4":"has-post-thumbnail","6":"product_cat-croquettes","8":"first","9":"instock","10":"taxable","11":"shipping-taxable","12":"purchasable","13":"product-type-simple"},"supplier_id":5598,"supplier_sku":"","barcode":null,"atum_controlled":true,"out_stock_date":null,"out_stock_threshold":null,"inheritable":false,"inbound_stock":0,"stock_on_hold":0,"sold_today":0,"sales_last_days":0,"reserved_stock":0,"customer_returns":0,"warehouse_damage":0,"lost_in_post":0,"other_logs":0,"out_stock_days":0,"lost_sales":0,"has_location":false,"update_date":"2026-05-06T00:18:24","atum_locations":[],"atum_stock_status":"instock","restock_status":false,"low_stock_amount":1,"sales_update_date":"2026-05-06T00:18:24","calc_backorders":0,"jetpack_publicize_connections":[],"jetpack_sharing_enabled":true,"batches":[{"id":"664","date_created":"2024-10-21 10:59:13","date_expiry":"2025-10-31 00:00:00","user_id":"2461","batch_number":"ProPlanDermaChienVeto31102025","location":"","quantity":"2.0000","quantity_available":"0.0000","units":"1","status":"archived","order_ids":"[16011,16497]","supplier":"Proplan","po":{"id":"645","date_created":"2024-10-21 10:59:14","batch_id":"664","po_number":"","supplier":"Proplan","cost":null,"regular_price":null,"sale_price":null,"price_margin":null,"price_discount":null}},{"id":"3335","date_created":"2025-05-07 23:58:24","date_expiry":"2026-07-30 00:00:00","user_id":"2461","batch_number":"ProPlanDermaChienVeto300726","location":"","quantity":"2.0000","quantity_available":"1.0000","units":"1","status":"active","order_ids":"[36868]","supplier":"Proplan","po":{"id":"3302","date_created":"2025-05-07 23:58:25","batch_id":"3335","po_number":"","supplier":"Proplan","cost":null,"regular_price":null,"sale_price":null,"price_margin":null,"price_discount":null}}],"_links":{"self":[{"href":"https:\/\/petworld.ma\/index.php\/wp-json\/wp\/v2\/product\/13190","targetHints":{"allow":["GET"]}}],"collection":[{"href":"https:\/\/petworld.ma\/index.php\/wp-json\/wp\/v2\/product"}],"about":[{"href":"https:\/\/petworld.ma\/index.php\/wp-json\/wp\/v2\/types\/product"}],"wp:featuredmedia":[{"embeddable":true,"href":"https:\/\/petworld.ma\/index.php\/wp-json\/wp\/v2\/media\/13191"}],"wp:attachment":[{"href":"https:\/\/petworld.ma\/index.php\/wp-json\/wp\/v2\/media?parent=13190"}],"wp:term":[{"taxonomy":"product_brand","embeddable":true,"href":"https:\/\/petworld.ma\/index.php\/wp-json\/wp\/v2\/product_brand?post=13190"},{"taxonomy":"product_cat","embeddable":true,"href":"https:\/\/petworld.ma\/index.php\/wp-json\/wp\/v2\/product_cat?post=13190"},{"taxonomy":"product_tag","embeddable":true,"href":"https:\/\/petworld.ma\/index.php\/wp-json\/wp\/v2\/product_tag?post=13190"}],"curies":[{"name":"wp","href":"https:\/\/api.w.org\/{rel}","templated":true}]}}