{"id":13194,"date":"2024-10-21T11:06:42","date_gmt":"2024-10-21T11:06:42","guid":{"rendered":"https:\/\/petworld.ma\/?post_type=product&#038;p=13194"},"modified":"2026-03-12T16:22:19","modified_gmt":"2026-03-12T16:22:19","slug":"pro-plan-purina-veterinary-diets-feline-ha-st-ox-hypoallergenic-1-3kg","status":"publish","type":"product","link":"https:\/\/petworld.ma\/index.php\/produit\/pro-plan-purina-veterinary-diets-feline-ha-st-ox-hypoallergenic-1-3kg\/","title":{"rendered":"Pro Plan Purina Veterinary Diets Feline Ha St\/Ox Hypoallergenic (1.3kg)"},"content":{"rendered":"<h1 class=\"dsu-product--title\">Croquettes pour Chat sujets \u00e0 l&rsquo;Allergie Alimentaire<\/h1>\n<p><strong>Caract\u00e9ristiques<\/strong><\/p>\n<ul>\n<li>Prot\u00e9ines hydrolys\u00e9es limit\u00e9es et avec un faible poids mol\u00e9culaire pour \u00e9viter les r\u00e9actions allergiques.<\/li>\n<li>Des sources de glucides purifi\u00e9s pour aider \u00e0 limiter les r\u00e9actions allergiques.<\/li>\n<li>\u200bUne grande saveur gr\u00e2ce \u00e0 des ingr\u00e9dients de haute qualit\u00e9.<\/li>\n<li>Contribue \u00e0 la r\u00e9duction des inflammations associ\u00e9es aux r\u00e9actions allergiques gr\u00e2ce \u00e0 l&rsquo;apport d&rsquo;acides gras om\u00e9ga-3.<\/li>\n<\/ul>\n<p>Aliment di\u00e9t\u00e9tique complet hypoallerg\u00e9nique pour le diagnostic et la prise en charge nutritionnelle des allergies alimentaires chez les chats adultes et les chatons.<\/p>\n<p>Certains chats souffrent d&rsquo;allergie alimentaire pouvant causer des probl\u00e8mes de peau ou des troubles gastro-intestinaux. Cependant, aucun de ces signes n&rsquo;est sp\u00e9cifique \u00e0 une allergie alimentaire et votre v\u00e9t\u00e9rinaire vous sugg\u00e9rera plusieurs examens compl\u00e9mentaires afin de conna\u00eetre l&rsquo;origine des sympt\u00f4mes de votre chat. Diagnostiquer une allergie alimentaire peut \u00eatre tr\u00e8s difficile. La seule m\u00e9thode fiable pour diagnostiquer une allergie alimentaire chez un chat est de lui faire suivre un \u201cr\u00e9gime d&rsquo;\u00e9viction\u201d, par exemple avec PURINA\u00ae\u00a0PRO PLAN\u00ae\u00a0VETERINARY DIETS HA ST\/OX HYPOALLERGENIC.<\/p>\n<p>Hypoallerg\u00e9nique\u00a0signifie que le produit contient des prot\u00e9ines soigneusement s\u00e9lectionn\u00e9es qui ont \u00e9t\u00e9 d\u00e9compos\u00e9es en tout petits fragments par un proc\u00e9d\u00e9 appel\u00e9 hydrolyse, et qui ont tr\u00e8s peu de risque de provoquer une r\u00e9ponse immunitaire ou d\u2019\u00eatre consid\u00e9r\u00e9s comme des corps \u00e9trangers par le syst\u00e8me immunitaire\u00a0du chat. Les sources de glucides\u00a0ont \u00e9galement \u00e9t\u00e9 sp\u00e9cialement choisies pour leur puret\u00e9, les traces de prot\u00e9ines \u00e9tant alors n\u00e9gligeables.<\/p>\n<p>Lorsqu&rsquo;une allergie alimentaire est suspect\u00e9e, il est recommand\u00e9 de donner Feline HA ST\/OX HYPOALLERGENIC au chat. Pendant ce type de test, le chat doit \u00eatre nourri exclusivement pendant 8 \u00e0 10 semaines avec Feline HA ST\/OX HYPOALLERGENIC et de l&rsquo;eau.<\/p>\n<p>Feline HA ST\/OX HYPOALLERGENIC convient \u00e9galement aux chats souffrant de maladie intestinale grave, comme une Maladie Inflammatoire Chronique de l&rsquo;Intestin (MICI), car il contient des sources de prot\u00e9ines soigneusement s\u00e9lectionn\u00e9es et tr\u00e8s digestes.<\/p>\n<p><strong>Ingr\u00e9dients: <\/strong>Amidon de riz purifi\u00e9*, Prot\u00e9ines de soja hydrolys\u00e9es**, Huile de soja, Substances min\u00e9rales, Cellulose, Hydrolysat**, Graisse de porc, Huile de poisson<\/p>\n<p>*Source de glucides<br \/>\n**Sources de prot\u00e9ines<\/p>\n<p><strong>Constituants analytiques: <\/strong>Prot\u00e9ine : 35,0 % , Teneur en mati\u00e8res grasses : 10,0 %, Cellulose brute : 3,0 % , Acides gras essentiels : 4,0 %, Cendres brutes : 8,0 %<\/p>\n<p><strong>Apports caloriques moyens dans l\u2019aliment<\/strong><\/p>\n<p>Energie m\u00e9tabolisable* : 3,64 kal\/g<br \/>\n*Calcul\u00e9e selon le NRC 2006<\/p>\n<p><strong>Additifs : additifs nutritionnels<\/strong><\/p>\n<p>UI\/kg :<br \/>\nVit A : 35000 ;<br \/>\nVit D3 : 970 ;<br \/>\nVit E : 650.<\/p>\n<p>mg\/kg :<br \/>\nTaurine : 1500 ;<br \/>\nSulfate de fer (II) monohydrat\u00e9 (Fe) : 195 ;<br \/>\nIodate de calcium anhydre (I) : 3,0 ;<br \/>\nSulfate de cuivre (II) pentahydrat\u00e9 (Cu) : 20 ;<br \/>\nSulfate manganeux monohydrat\u00e9 (Mn) : 72 ;<br \/>\nSulfate de zinc monohydrat\u00e9 (Zn) : 180 ;<br \/>\nS\u00e9l\u00e9nite de sodium (Se) : 0,21 ;<br \/>\nAdditifs technologiques (Bentonite) : 10 000.<\/p>\n","protected":false},"excerpt":{"rendered":"<h1 class=\"dsu-product--title\">Croquettes pour Chat sujets \u00e0 l&rsquo;Allergie Alimentaire<\/h1>\n","protected":false},"featured_media":13195,"template":"","meta":{"jetpack_publicize_message":"","jetpack_publicize_feature_enabled":true,"jetpack_social_post_already_shared":true,"jetpack_social_options":{"image_generator_settings":{"template":"highway","default_image_id":0,"font":"","enabled":false},"version":2}},"product_brand":[],"product_cat":[40],"product_tag":[],"class_list":{"0":"post-13194","1":"product","2":"type-product","3":"status-publish","4":"has-post-thumbnail","6":"product_cat-coquettes-pour-chat","8":"first","9":"outofstock","10":"taxable","11":"shipping-taxable","12":"purchasable","13":"product-type-simple"},"supplier_id":5598,"supplier_sku":"","barcode":null,"atum_controlled":true,"out_stock_date":"2026-03-12 16:22:19","out_stock_threshold":null,"inheritable":false,"inbound_stock":0,"stock_on_hold":0,"sold_today":0,"sales_last_days":0,"reserved_stock":0,"customer_returns":0,"warehouse_damage":0,"lost_in_post":0,"other_logs":0,"out_stock_days":58,"lost_sales":0,"has_location":false,"update_date":"2026-05-10T00:20:20","atum_locations":[],"atum_stock_status":"outofstock","restock_status":false,"low_stock_amount":4,"sales_update_date":"2026-05-10T00:20:20","calc_backorders":null,"jetpack_publicize_connections":[],"jetpack_sharing_enabled":true,"batches":[{"id":"665","date_created":"2024-10-21 11:09:45","date_expiry":"2025-12-31 00:00:00","user_id":"2461","batch_number":"ProPlanHypoChat311225","location":"","quantity":"4.0000","quantity_available":"0.0000","units":"1","status":"archived","order_ids":"[25465,26489,29946]","supplier":"Proplan","po":{"id":"646","date_created":"2024-10-21 11:09:46","batch_id":"665","po_number":"","supplier":"Proplan","cost":null,"regular_price":null,"sale_price":null,"price_margin":null,"price_discount":null}},{"id":"5151","date_created":"2025-09-04 14:37:34","date_expiry":"2025-12-31 00:00:00","user_id":"2461","batch_number":"ProPlanHypoChat311225","location":"","quantity":"1.0000","quantity_available":"0.0000","units":"1","status":"archived","order_ids":"[29946]","supplier":"Proplan","po":{"id":"5112","date_created":"2025-09-04 14:37:35","batch_id":"5151","po_number":"","supplier":"Proplan","cost":null,"regular_price":null,"sale_price":null,"price_margin":null,"price_discount":null}},{"id":"5271","date_created":"2025-09-12 16:15:44","date_expiry":"2025-12-31 00:00:00","user_id":"2461","batch_number":"ProPlanHypoChat311225","location":"","quantity":"2.0000","quantity_available":"0.0000","units":"1","status":"archived","order_ids":"[29946]","supplier":"Proplan","po":{"id":"5228","date_created":"2025-09-12 16:15:45","batch_id":"5271","po_number":"","supplier":"Proplan","cost":null,"regular_price":null,"sale_price":null,"price_margin":null,"price_discount":null}}],"_links":{"self":[{"href":"https:\/\/petworld.ma\/index.php\/wp-json\/wp\/v2\/product\/13194","targetHints":{"allow":["GET"]}}],"collection":[{"href":"https:\/\/petworld.ma\/index.php\/wp-json\/wp\/v2\/product"}],"about":[{"href":"https:\/\/petworld.ma\/index.php\/wp-json\/wp\/v2\/types\/product"}],"wp:featuredmedia":[{"embeddable":true,"href":"https:\/\/petworld.ma\/index.php\/wp-json\/wp\/v2\/media\/13195"}],"wp:attachment":[{"href":"https:\/\/petworld.ma\/index.php\/wp-json\/wp\/v2\/media?parent=13194"}],"wp:term":[{"taxonomy":"product_brand","embeddable":true,"href":"https:\/\/petworld.ma\/index.php\/wp-json\/wp\/v2\/product_brand?post=13194"},{"taxonomy":"product_cat","embeddable":true,"href":"https:\/\/petworld.ma\/index.php\/wp-json\/wp\/v2\/product_cat?post=13194"},{"taxonomy":"product_tag","embeddable":true,"href":"https:\/\/petworld.ma\/index.php\/wp-json\/wp\/v2\/product_tag?post=13194"}],"curies":[{"name":"wp","href":"https:\/\/api.w.org\/{rel}","templated":true}]}}