{"id":13202,"date":"2024-10-21T13:45:47","date_gmt":"2024-10-21T13:45:47","guid":{"rendered":"https:\/\/petworld.ma\/?post_type=product&#038;p=13202"},"modified":"2026-04-29T17:11:36","modified_gmt":"2026-04-29T17:11:36","slug":"pro-plan-all-sizes-adult-light-sterilised-au-poulet-14kg","status":"publish","type":"product","link":"https:\/\/petworld.ma\/index.php\/produit\/pro-plan-all-sizes-adult-light-sterilised-au-poulet-14kg\/","title":{"rendered":"Pro Plan All Sizes Adult Light \/ Sterilised au Poulet 3kg | 14kg"},"content":{"rendered":"<div class=\"zms-title-div\">\n<div class=\"zms-title\" data-size=\"t1\">Aliment complet Prouv\u00e9 pour favoriser la gestion du poids, faible en mati\u00e8res grasses.<\/div>\n<\/div>\n<p>Favorise une r\u00e9duction de la masse grasse jusqu&rsquo;\u00e0 60% en 12 semaines, et le maintien d\u2019un poids id\u00e9al par la suite gr\u00e2ce \u00e0 une teneur \u00e9lev\u00e9e en prot\u00e9ines et faible en mati\u00e8res grasses, combin\u00e9s \u00e0 des promenades quotidiennes.<\/p>\n<div class=\"zms-title-div\">\n<div class=\"zms-title\" data-size=\"t1\">Caract\u00e9ristiques<\/div>\n<\/div>\n<div class=\"zms-title-div\">\n<div class=\"zms-title\" data-size=\"t3\">PRO PLAN All Sizes Adult Light \/ Sterilised Riche en Poulet &#8211; Croquettes pour chiens adultes<\/div>\n<\/div>\n<p>&#8211; Sans colorants ajout\u00e9s ;<br \/>\n&#8211; Riche en prot\u00e9ine ;<br \/>\n&#8211; Sachet refermable ;<br \/>\n&#8211; Con\u00e7u pour \u00eatre recyclable ;<br \/>\n&#8211; Poulet Ingr\u00e9dient N\u00b01 ;<br \/>\n&#8211; Faible teneur en mati\u00e8res grasse<\/p>\n<h4 class=\"text-primary\"><strong>Ingr\u00e9dients : <\/strong>Riche en Poulet. : Poulet\u00a0(15%), bl\u00e9, prot\u00e9ines de volaille d\u00e9shydrat\u00e9es, ma\u00efs,\u00a0riz (9%), pulpe de betterave d\u00e9shydrat\u00e9e, farine de soja,\u00a0hydrolysat, gluten de ma\u00efs, gruaux de ma\u00efs, gluten de bl\u00e9, sels min\u00e9raux, huile de poisson,\u00a0graisse animale.<\/h4>\n<h4 class=\"text-primary\"><strong>Min\u00e9raux et Vitamines: <\/strong>Potassium (%) 0.72, Sodium (%) 0.42, Acide linol\u00e9ique (%) 1.5, Acides gras DHA (%) 0.09, Taurine (mg\/kg) 1544, EPA\/DHA (%) 0.3, Mangan\u00e8se (mg\/kg) 56, Zinc (mg\/kg) 199, Iode (mg\/kg) 0.2, Selenium (mg\/kg) 0.02, Cuivre (mg\/kg) 19, Chlore (mg\/kg) 72, Magnesium (%) 0.12, Fer (mg\/kg) 209, Vitamine A (UI\/kg ) 26401, Choline (mg\/kg) 208, Vitamine B1 (Thiamine) (mg\/kg) 35, Vitamine B2 (Riboflavine) (mg\/kg) 17, Vitamine B5 (Acide pantoth\u00e9nique) (mg\/kg) 55, Vitamine B3 (Niacine) (mg\/kg) 191, Vitamine B6 (Pyridoxine) (mg\/kg) 19, Vitamine D3 (UI\/kg) 1198, Vitamine B12 (Cyanocobalamine) (mg\/kg) 0.31, Vitamine C (mg\/kg) 70, Vitamine E (mg\/kg) 474,<\/h4>\n<table class=\"table table-bordered table-striped\">\n<tbody>\n<tr>\n<td>Prot\u00e9ines (%) :<\/td>\n<td>27<\/td>\n<\/tr>\n<tr>\n<td>Mati\u00e8re grasse (%) :<\/td>\n<td>9<\/td>\n<\/tr>\n<tr>\n<td>Humidit\u00e9 (%) :<\/td>\n<td>8<\/td>\n<\/tr>\n<tr>\n<td>Fibre \/ cellulose (%) :<\/td>\n<td>3<\/td>\n<\/tr>\n<tr>\n<td>Mati\u00e8re inorganique \/ cendre brute (%) :<\/td>\n<td>7.5<\/td>\n<\/tr>\n<tr>\n<td>Glucides (%) :<\/td>\n<td>45.5<\/td>\n<\/tr>\n<tr>\n<td>Calcium (%) :<\/td>\n<td>1.38<\/td>\n<\/tr>\n<tr>\n<td>Phosphore (%) :<\/td>\n<td>0.91<\/td>\n<\/tr>\n<tr>\n<td>Omega 3 (%) :<\/td>\n<td>0.3<\/td>\n<\/tr>\n<tr>\n<td>Omega 6 (%) :<\/td>\n<td>1.8<\/td>\n<\/tr>\n<tr>\n<td>Energie m\u00e9tabolisable (nb calories\/kg) :<\/td>\n<td>3303<\/td>\n<\/tr>\n<\/tbody>\n<\/table>\n<p>&nbsp;<\/p>\n<table class=\"table table-bordered table-striped\">\n<thead>\n<tr>\n<th colspan=\"20\">\u00c2ge : Adulte &#8211; Caract\u00e9ristique : Inactif<\/th>\n<\/tr>\n<\/thead>\n<tbody>\n<tr class=\"hidden-xs\">\n<td class=\"text-center\">1-5 kg<\/td>\n<td class=\"text-center\">5-10 kg<\/td>\n<td class=\"text-center\">10-15 kg<\/td>\n<td class=\"text-center\">15-20 kg<\/td>\n<td class=\"text-center\">20-25 kg<\/td>\n<td class=\"text-center\">25-35 kg<\/td>\n<td class=\"text-center\">35-45 kg<\/td>\n<td class=\"text-center\">45-60 kg<\/td>\n<td class=\"text-center\">60-70 kg<\/td>\n<\/tr>\n<tr>\n<td class=\"text-center\" data-label=\"Poids : 1-5 kg\">40-110 gr\/j<\/td>\n<td class=\"text-center\" data-label=\"Poids : 5-10 kg\">110-175 gr\/j<\/td>\n<td class=\"text-center\" data-label=\"Poids : 10-15 kg\">175-230 gr\/j<\/td>\n<td class=\"text-center\" data-label=\"Poids : 15-20 kg\">230-280 gr\/j<\/td>\n<td class=\"text-center\" data-label=\"Poids : 20-25 kg\">280-325 gr\/j<\/td>\n<td class=\"text-center\" data-label=\"Poids : 25-35 kg\">325-410 gr\/j<\/td>\n<td class=\"text-center\" data-label=\"Poids : 35-45 kg\">410-485 gr\/j<\/td>\n<td class=\"text-center\" data-label=\"Poids : 45-60 kg\">485-590 gr\/j<\/td>\n<td class=\"text-center\" data-label=\"Poids : 60-70 kg\">590-650 gr\/j<\/td>\n<\/tr>\n<\/tbody>\n<\/table>\n<table class=\"table table-bordered table-striped\">\n<thead>\n<tr>\n<th colspan=\"20\">\u00c2ge : Adulte &#8211; Caract\u00e9ristique : Actif<\/th>\n<\/tr>\n<\/thead>\n<tbody>\n<tr class=\"hidden-xs\">\n<td class=\"text-center\">1-5 kg<\/td>\n<td class=\"text-center\">5-10 kg<\/td>\n<td class=\"text-center\">10-15 kg<\/td>\n<td class=\"text-center\">15-20 kg<\/td>\n<td class=\"text-center\">20-25 kg<\/td>\n<td class=\"text-center\">25-35 kg<\/td>\n<td class=\"text-center\">35-45 kg<\/td>\n<td class=\"text-center\">45-60 kg<\/td>\n<td class=\"text-center\">60-70 kg<\/td>\n<\/tr>\n<tr>\n<td class=\"text-center\" data-label=\"Poids : 1-5 kg\">45-125 gr\/j<\/td>\n<td class=\"text-center\" data-label=\"Poids : 5-10 kg\">125-205 gr\/j<\/td>\n<td class=\"text-center\" data-label=\"Poids : 10-15 kg\">205-265 gr\/j<\/td>\n<td class=\"text-center\" data-label=\"Poids : 15-20 kg\">265-320 gr\/j<\/td>\n<td class=\"text-center\" data-label=\"Poids : 20-25 kg\">320-375 gr\/j<\/td>\n<td class=\"text-center\" data-label=\"Poids : 25-35 kg\">375-470 gr\/j<\/td>\n<td class=\"text-center\" data-label=\"Poids : 35-45 kg\">470-555 gr\/j<\/td>\n<td class=\"text-center\" data-label=\"Poids : 45-60 kg\">555-675 gr\/j<\/td>\n<td class=\"text-center\" data-label=\"Poids : 60-70 kg\">675-745 gr\/j<\/td>\n<\/tr>\n<\/tbody>\n<\/table>\n<div class=\"field__item\"><\/div>\n","protected":false},"excerpt":{"rendered":"<p>Aliment complet Prouv\u00e9 pour favoriser la gestion du poids, faible en mati\u00e8res grasses<\/p>\n","protected":false},"featured_media":13204,"template":"","meta":{"jetpack_publicize_message":"","jetpack_publicize_feature_enabled":true,"jetpack_social_post_already_shared":true,"jetpack_social_options":{"image_generator_settings":{"template":"highway","default_image_id":0,"font":"","enabled":false},"version":2}},"product_brand":[],"product_cat":[26],"product_tag":[],"class_list":{"0":"post-13202","1":"product","2":"type-product","3":"status-publish","4":"has-post-thumbnail","6":"product_cat-croquettes","8":"first","9":"instock","10":"taxable","11":"shipping-taxable","12":"purchasable","13":"product-type-variable"},"supplier_id":5598,"supplier_sku":"","barcode":null,"atum_controlled":true,"out_stock_date":"2025-12-06 18:52:05","out_stock_threshold":null,"inheritable":true,"inbound_stock":0,"stock_on_hold":0,"sold_today":0,"sales_last_days":0,"reserved_stock":0,"customer_returns":0,"warehouse_damage":0,"lost_in_post":0,"other_logs":0,"out_stock_days":159,"lost_sales":0,"has_location":false,"update_date":"2026-05-15T00:03:16","atum_locations":[],"atum_stock_status":"instock","restock_status":false,"low_stock_amount":"","sales_update_date":"2026-05-15T00:03:16","calc_backorders":null,"jetpack_publicize_connections":[],"jetpack_sharing_enabled":true,"batches":[{"id":"698","date_created":"2024-10-24 17:51:35","date_expiry":"2025-11-30 00:00:00","user_id":"1","batch_number":"PROPLANLightALLS14KG1125","location":"","quantity":"1.0000","quantity_available":"0.0000","units":"1","status":"archived","order_ids":"[16666]","supplier":"Proplan","po":{"id":"679","date_created":"2024-10-24 17:51:35","batch_id":"698","po_number":"","supplier":"Proplan","cost":null,"regular_price":null,"sale_price":null,"price_margin":null,"price_discount":null}},{"id":"4196","date_created":"2025-07-01 09:08:15","date_expiry":"2026-01-31 00:00:00","user_id":"1","batch_number":"PROPLANLightALLS14KG0126","location":"","quantity":"2.0000","quantity_available":"0.0000","units":"1","status":"archived","order_ids":"[30968,31011]","supplier":"Proplan","po":{"id":"4159","date_created":"2025-07-01 09:08:15","batch_id":"4196","po_number":"","supplier":"Proplan","cost":null,"regular_price":null,"sale_price":null,"price_margin":null,"price_discount":null}}],"_links":{"self":[{"href":"https:\/\/petworld.ma\/index.php\/wp-json\/wp\/v2\/product\/13202","targetHints":{"allow":["GET"]}}],"collection":[{"href":"https:\/\/petworld.ma\/index.php\/wp-json\/wp\/v2\/product"}],"about":[{"href":"https:\/\/petworld.ma\/index.php\/wp-json\/wp\/v2\/types\/product"}],"wp:featuredmedia":[{"embeddable":true,"href":"https:\/\/petworld.ma\/index.php\/wp-json\/wp\/v2\/media\/13204"}],"wp:attachment":[{"href":"https:\/\/petworld.ma\/index.php\/wp-json\/wp\/v2\/media?parent=13202"}],"wp:term":[{"taxonomy":"product_brand","embeddable":true,"href":"https:\/\/petworld.ma\/index.php\/wp-json\/wp\/v2\/product_brand?post=13202"},{"taxonomy":"product_cat","embeddable":true,"href":"https:\/\/petworld.ma\/index.php\/wp-json\/wp\/v2\/product_cat?post=13202"},{"taxonomy":"product_tag","embeddable":true,"href":"https:\/\/petworld.ma\/index.php\/wp-json\/wp\/v2\/product_tag?post=13202"}],"curies":[{"name":"wp","href":"https:\/\/api.w.org\/{rel}","templated":true}]}}