{"id":13428,"date":"2024-10-25T11:12:29","date_gmt":"2024-10-25T11:12:29","guid":{"rendered":"https:\/\/petworld.ma\/?post_type=product&#038;p=13428"},"modified":"2024-12-18T14:42:04","modified_gmt":"2024-12-18T14:42:04","slug":"medaille-hushtag-os-grand-noir-en-aluminium-avec-caoutchouc-rouge","status":"publish","type":"product","link":"https:\/\/petworld.ma\/index.php\/produit\/medaille-hushtag-os-grand-noir-en-aluminium-avec-caoutchouc-rouge\/","title":{"rendered":"M\u00e9daille Hushtag Os Grand Noir en Aluminium avec Caoutchouc Rouge"},"content":{"rendered":"<p>Gr\u00e2ce \u00e0 la fusion intelligente de m\u00e9tal et de caoutchouc, la m\u00e9daille Hushtag Os Noir en Aluminium avec Caoutchouc Rouge ne fait pas de bruit et r\u00e9v\u00e8le ainsi son \u00e2me r\u00e9volutionnaire. Avec elle, le tintement typique de la m\u00e9daille est compl\u00e8tement annul\u00e9 ! 100% silencieuse et encore plus r\u00e9sistante. R\u00e9alis\u00e9e dans chaque d\u00e9tail dans notre manufacture en Italie. Personnalisable recto\/verso avec une gravure facilement lisible et durable. \u00c9quip\u00e9e d&rsquo;un anneau pratique pour l&rsquo;attacher au Porte-Tag.<\/p>\n","protected":false},"excerpt":{"rendered":"<p>Profitez du silence avec la m\u00e9daille Hushtag Os Noir en Aluminium avec Caoutchouc Rouge. La premi\u00e8re m\u00e9daille 100% silencieuse gr\u00e2ce \u00e0 la combinaison innovante de m\u00e9tal et de caoutchouc.<\/p>\n","protected":false},"featured_media":13429,"template":"","meta":{"jetpack_publicize_message":"","jetpack_publicize_feature_enabled":true,"jetpack_social_post_already_shared":true,"jetpack_social_options":{"image_generator_settings":{"template":"highway","default_image_id":0,"font":"","enabled":false},"version":2}},"product_brand":[],"product_cat":[153,154],"product_tag":[],"class_list":{"0":"post-13428","1":"product","2":"type-product","3":"status-publish","4":"has-post-thumbnail","6":"product_cat-pendentif-personnalise-chat-chien","7":"product_cat-pendentif-personnalise","9":"first","10":"instock","11":"taxable","12":"shipping-taxable","13":"purchasable","14":"product-type-simple"},"supplier_id":13352,"supplier_sku":"HTA01REDMP","barcode":null,"atum_controlled":true,"out_stock_date":null,"out_stock_threshold":null,"inheritable":false,"inbound_stock":0,"stock_on_hold":0,"sold_today":0,"sales_last_days":0,"reserved_stock":0,"customer_returns":0,"warehouse_damage":0,"lost_in_post":0,"other_logs":0,"out_stock_days":0,"lost_sales":0,"has_location":false,"update_date":"2026-05-10T00:21:11","atum_locations":[],"atum_stock_status":"instock","restock_status":false,"low_stock_amount":1,"sales_update_date":"2026-05-10T00:21:11","calc_backorders":0,"jetpack_publicize_connections":[],"jetpack_sharing_enabled":true,"batches":[],"_links":{"self":[{"href":"https:\/\/petworld.ma\/index.php\/wp-json\/wp\/v2\/product\/13428","targetHints":{"allow":["GET"]}}],"collection":[{"href":"https:\/\/petworld.ma\/index.php\/wp-json\/wp\/v2\/product"}],"about":[{"href":"https:\/\/petworld.ma\/index.php\/wp-json\/wp\/v2\/types\/product"}],"wp:featuredmedia":[{"embeddable":true,"href":"https:\/\/petworld.ma\/index.php\/wp-json\/wp\/v2\/media\/13429"}],"wp:attachment":[{"href":"https:\/\/petworld.ma\/index.php\/wp-json\/wp\/v2\/media?parent=13428"}],"wp:term":[{"taxonomy":"product_brand","embeddable":true,"href":"https:\/\/petworld.ma\/index.php\/wp-json\/wp\/v2\/product_brand?post=13428"},{"taxonomy":"product_cat","embeddable":true,"href":"https:\/\/petworld.ma\/index.php\/wp-json\/wp\/v2\/product_cat?post=13428"},{"taxonomy":"product_tag","embeddable":true,"href":"https:\/\/petworld.ma\/index.php\/wp-json\/wp\/v2\/product_tag?post=13428"}],"curies":[{"name":"wp","href":"https:\/\/api.w.org\/{rel}","templated":true}]}}