{"id":1347,"date":"2023-01-27T16:19:36","date_gmt":"2023-01-27T16:19:36","guid":{"rendered":"https:\/\/petworld.ma\/?post_type=product&#038;p=1347"},"modified":"2026-03-12T16:49:18","modified_gmt":"2026-03-12T16:49:18","slug":"eau-de-cologne-peche-pour-chien-125ml-men-for-san-copie","status":"publish","type":"product","link":"https:\/\/petworld.ma\/index.php\/produit\/eau-de-cologne-peche-pour-chien-125ml-men-for-san-copie\/","title":{"rendered":"Parfum p\u00eache pour chien 125ml \u2013 MEN FOR SAN"},"content":{"rendered":"<p>Eau de Cologne pour chiens avec un ar\u00f4me de p\u00eache et un parfum naturel de fruits. Il est sp\u00e9cialement cr\u00e9\u00e9 pour fournir un parfum frais et un effet d\u00e9odorant intense apr\u00e8s le bain. Il est tr\u00e8s agr\u00e9able pour la peau et respecte les caract\u00e9ristiques olfactives de l\u2019animal. Sans alcool et \u00e0 pH neutre, il n\u2019a pas d\u2019effet irritant et emp\u00eache le chien d\u2019\u00e9ternuer apr\u00e8s son application. Il est appliqu\u00e9 en pulv\u00e9risant les mains et en massant la fourrure ou en l\u2019appliquant sur le peigne et en la r\u00e9partissant sur tout le corps de l\u2019animal.<\/p>\n<h2>Description<\/h2>\n<p>Les avantages de mettre un peu d\u2019eau de Cologne sur nos animaux domestiques sont les suivants:<br \/>\n\u2022 Dire au revoir aux mauvaises odeurs: l\u2019utilisation d\u2019un parfum rendra la pr\u00e9sence de votre animal beaucoup plus agr\u00e9able et lui donnera une odeur plus fra\u00eeche et durable.<br \/>\n\u2022 Gagner du temps et de l\u2019argent: en appliquant un apr\u00e8s-shampoing pour chien ou un parfum, vous augmenterez la dur\u00e9e entre les bains. Ainsi, vous \u00e9conomiserez de l\u2019argent en toilettage et du temps si vous le faites vous-m\u00eames.<br \/>\n\u2022 Lui donner un style unique: si tu veux lui donner son propre style, qu\u2019il se distingue des autres chiens et qu\u2019il soit aussi glamour que ses ma\u00eetres, le parfum est sans aucun doute l\u2019un des produits de toilettage essentiels que tu dois lui acheter.<br \/>\nComment appliquer correctement le parfum \u00e0 ton animal de compagnie ?<br \/>\n\u2022 Appliquer ton parfum est tr\u00e8s facile. Nous te recommandons de mettre quelques gouttes derri\u00e8re les oreilles ou \u00e0 la base de la queue car c\u2019est \u00e0 ces endroits que les mauvaises odeurs s\u2019accumulent.<br \/>\n\u2022 Vous pouvez \u00e9galement en appliquer sur le dos, la base du cou et \u00e0 l\u2019int\u00e9rieur des cuisses. Il est conseill\u00e9 de le faire apr\u00e8s le bain et lorsque les poils sont secs afin que l\u2019eau de Cologne s\u2019impr\u00e8gne mieux.<\/p>\n<p><a href=\"https:\/\/wa.me\/212708052510\" target=\"_blank\" rel=\"noopener noreferrer\"><img loading=\"lazy\" decoding=\"async\" class=\"fr-fic fr-dib aligncenter\" src=\"https:\/\/cdn.youcan.shop\/stores\/d0742d556df94ddbc7ae4c9810aff04b\/others\/aE2LxkTRdND08IF1P7b5lQL78Blqje1ovLrdhytH.png\" width=\"288\" height=\"76\" data-name=\"stores\/d0742d556df94ddbc7ae4c9810aff04b\/others\/aE2LxkTRdND08IF1P7b5lQL78Blqje1ovLrdhytH.png\" \/><\/a><\/p>\n","protected":false},"excerpt":{"rendered":"<p>Eau de Cologne pour chiens avec un ar\u00f4me de p\u00eache et un parfum naturel de fruits. Il est sp\u00e9cialement cr\u00e9\u00e9 pour fournir un parfum frais et un effet d\u00e9odorant intense apr\u00e8s le bain. Il est tr\u00e8s agr\u00e9able pour la peau et respecte les caract\u00e9ristiques olfactives de l\u2019animal. Sans alcool et \u00e0 pH neutre, il n\u2019a [&#8230;]\n","protected":false},"featured_media":1348,"template":"","meta":{"jetpack_publicize_message":"","jetpack_publicize_feature_enabled":true,"jetpack_social_post_already_shared":false,"jetpack_social_options":{"image_generator_settings":{"template":"highway","default_image_id":0,"font":"","enabled":false},"version":2}},"product_brand":[],"product_cat":[214],"product_tag":[],"class_list":{"0":"post-1347","1":"product","2":"type-product","3":"status-publish","4":"has-post-thumbnail","6":"product_cat-parfums-shampoing","8":"first","9":"instock","10":"taxable","11":"shipping-taxable","12":"purchasable","13":"product-type-simple"},"supplier_id":5587,"supplier_sku":"7866","barcode":null,"atum_controlled":true,"out_stock_date":null,"out_stock_threshold":null,"inheritable":false,"inbound_stock":0,"stock_on_hold":0,"sold_today":0,"sales_last_days":0,"reserved_stock":0,"customer_returns":0,"warehouse_damage":0,"lost_in_post":0,"other_logs":0,"out_stock_days":0,"lost_sales":0,"has_location":false,"update_date":"2026-04-14T00:07:58","atum_locations":[],"atum_stock_status":"instock","restock_status":false,"low_stock_amount":10,"sales_update_date":"2026-04-14T00:07:58","calc_backorders":0,"jetpack_publicize_connections":[],"jetpack_sharing_enabled":true,"batches":[{"id":"2080","date_created":"2025-02-19 22:05:09","date_expiry":"2027-05-03 00:00:00","user_id":"2760","batch_number":"Eaudecolognep\u00eachechien125ml 0527","location":"","quantity":"12.0000","quantity_available":"1.0000","units":"1","status":"active","order_ids":"[19171,19580,23590,29882,31167,31748,33078,33744,34445,34778,35929]","supplier":"Royal Canin","po":{"id":"2050","date_created":"2025-02-19 22:05:13","batch_id":"2080","po_number":"","supplier":"Royal Canin","cost":null,"regular_price":null,"sale_price":null,"price_margin":null,"price_discount":null}},{"id":"5390","date_created":"2025-09-20 12:02:24","date_expiry":"2027-05-03 00:00:00","user_id":"2760","batch_number":"Eaudecolognep\u00eachechien125ml 0527","location":"","quantity":"24.0000","quantity_available":"24.0000","units":"1","status":"active","order_ids":null,"supplier":"Royal Canin","po":{"id":"5347","date_created":"2025-09-20 12:02:25","batch_id":"5390","po_number":"","supplier":"Royal Canin","cost":null,"regular_price":null,"sale_price":null,"price_margin":null,"price_discount":null}},{"id":"7860","date_created":"2026-02-22 12:55:25","date_expiry":"2027-05-03 00:00:00","user_id":"2760","batch_number":"Eaudecolognep\u00eachechien125ml 0527","location":"","quantity":"12.0000","quantity_available":"12.0000","units":"1","status":"active","order_ids":null,"supplier":"Royal Canin","po":{"id":"7795","date_created":"2026-02-22 12:55:25","batch_id":"7860","po_number":"","supplier":"Royal Canin","cost":null,"regular_price":null,"sale_price":null,"price_margin":null,"price_discount":null}}],"_links":{"self":[{"href":"https:\/\/petworld.ma\/index.php\/wp-json\/wp\/v2\/product\/1347","targetHints":{"allow":["GET"]}}],"collection":[{"href":"https:\/\/petworld.ma\/index.php\/wp-json\/wp\/v2\/product"}],"about":[{"href":"https:\/\/petworld.ma\/index.php\/wp-json\/wp\/v2\/types\/product"}],"wp:featuredmedia":[{"embeddable":true,"href":"https:\/\/petworld.ma\/index.php\/wp-json\/wp\/v2\/media\/1348"}],"wp:attachment":[{"href":"https:\/\/petworld.ma\/index.php\/wp-json\/wp\/v2\/media?parent=1347"}],"wp:term":[{"taxonomy":"product_brand","embeddable":true,"href":"https:\/\/petworld.ma\/index.php\/wp-json\/wp\/v2\/product_brand?post=1347"},{"taxonomy":"product_cat","embeddable":true,"href":"https:\/\/petworld.ma\/index.php\/wp-json\/wp\/v2\/product_cat?post=1347"},{"taxonomy":"product_tag","embeddable":true,"href":"https:\/\/petworld.ma\/index.php\/wp-json\/wp\/v2\/product_tag?post=1347"}],"curies":[{"name":"wp","href":"https:\/\/api.w.org\/{rel}","templated":true}]}}