{"id":13473,"date":"2024-10-25T13:31:19","date_gmt":"2024-10-25T13:31:19","guid":{"rendered":"https:\/\/petworld.ma\/?post_type=product&#038;p=13473"},"modified":"2026-04-22T11:24:42","modified_gmt":"2026-04-22T11:24:42","slug":"collier-de-dressage-pour-chien-telecommande-1km-copie","status":"publish","type":"product","link":"https:\/\/petworld.ma\/index.php\/produit\/collier-de-dressage-pour-chien-telecommande-1km-copie\/","title":{"rendered":"Collier de dressage pour chien t\u00e9l\u00e9command\u00e9 (1km)"},"content":{"rendered":"<p align=\"start\"><strong data-spm-anchor-id=\"a2g0o.detail.1000023.i0.4413MlOQMlOQSu\">\u2022 Collier d&rsquo;entra\u00eenement t\u00e9l\u00e9command\u00e9 :<\/strong>La fonction de t\u00e9l\u00e9commande vous permet d&rsquo;entra\u00eener votre chien \u00e0 distance,<\/p>\n<p align=\"start\"><strong>\u2022 Batterie rechargeable :<\/strong>La batterie rechargeable garantit que vous n&rsquo;avez pas \u00e0 remplacer constamment les piles, ce qui la rend plus rentable \u00e0 long terme.<\/p>\n<p align=\"start\"><strong>\u2022 Col de choc :<\/strong>La fonction de collier de choc est con\u00e7ue pour emp\u00eacher votre chien d&rsquo;aboyer, ce qui en fait un outil efficace pour la formation de votre animal de compagnie.<\/p>\n<p align=\"start\"><strong>\u2022 Gamme 1000m :<\/strong>Avec une port\u00e9e de 1000m, vous pouvez entra\u00eener votre chien \u00e0 distance sans avoir \u00e0 vous soucier de perdre le signal.<\/p>\n<p><iframe loading=\"lazy\" title=\"ROJECO Collier de dressage \u00e9lectrique pour chien, anti aboiement, 1000m, 3 modes et 100 niveaux.\" width=\"1020\" height=\"574\" src=\"https:\/\/www.youtube.com\/embed\/q0ThQSIImqU?feature=oembed\" frameborder=\"0\" allow=\"accelerometer; autoplay; clipboard-write; encrypted-media; gyroscope; picture-in-picture; web-share\" referrerpolicy=\"strict-origin-when-cross-origin\" allowfullscreen><\/iframe><\/p>\n<p>&nbsp;<\/p>\n","protected":false},"excerpt":{"rendered":"<p><strong>1 collier pour dresser un chien<\/strong><\/p>\n","protected":false},"featured_media":13474,"template":"","meta":{"jetpack_publicize_message":"","jetpack_publicize_feature_enabled":true,"jetpack_social_post_already_shared":true,"jetpack_social_options":{"image_generator_settings":{"template":"highway","default_image_id":0,"font":"","enabled":false},"version":2}},"product_brand":[],"product_cat":[92,106],"product_tag":[],"class_list":{"0":"post-13473","1":"product","2":"type-product","3":"status-publish","4":"has-post-thumbnail","6":"product_cat-harnais-et-laisses-pour-chien","7":"product_cat-jouet-et-dressage","9":"first","10":"onbackorder","11":"taxable","12":"shipping-taxable","13":"purchasable","14":"product-type-simple"},"supplier_id":5592,"supplier_sku":"","barcode":null,"atum_controlled":true,"out_stock_date":"2026-04-22 11:24:42","out_stock_threshold":null,"inheritable":false,"inbound_stock":0,"stock_on_hold":0,"sold_today":1,"sales_last_days":1,"reserved_stock":0,"customer_returns":0,"warehouse_damage":0,"lost_in_post":0,"other_logs":0,"out_stock_days":0,"lost_sales":0,"has_location":false,"update_date":"2026-04-22T11:24:45","atum_locations":[],"atum_stock_status":"onbackorder","restock_status":false,"low_stock_amount":3,"sales_update_date":"2026-04-22T11:24:44","calc_backorders":0,"jetpack_publicize_connections":[],"jetpack_sharing_enabled":true,"batches":[],"_links":{"self":[{"href":"https:\/\/petworld.ma\/index.php\/wp-json\/wp\/v2\/product\/13473","targetHints":{"allow":["GET"]}}],"collection":[{"href":"https:\/\/petworld.ma\/index.php\/wp-json\/wp\/v2\/product"}],"about":[{"href":"https:\/\/petworld.ma\/index.php\/wp-json\/wp\/v2\/types\/product"}],"wp:featuredmedia":[{"embeddable":true,"href":"https:\/\/petworld.ma\/index.php\/wp-json\/wp\/v2\/media\/13474"}],"wp:attachment":[{"href":"https:\/\/petworld.ma\/index.php\/wp-json\/wp\/v2\/media?parent=13473"}],"wp:term":[{"taxonomy":"product_brand","embeddable":true,"href":"https:\/\/petworld.ma\/index.php\/wp-json\/wp\/v2\/product_brand?post=13473"},{"taxonomy":"product_cat","embeddable":true,"href":"https:\/\/petworld.ma\/index.php\/wp-json\/wp\/v2\/product_cat?post=13473"},{"taxonomy":"product_tag","embeddable":true,"href":"https:\/\/petworld.ma\/index.php\/wp-json\/wp\/v2\/product_tag?post=13473"}],"curies":[{"name":"wp","href":"https:\/\/api.w.org\/{rel}","templated":true}]}}