{"id":1353,"date":"2023-01-27T16:55:11","date_gmt":"2023-01-27T16:55:11","guid":{"rendered":"https:\/\/petworld.ma\/?post_type=product&#038;p=1353"},"modified":"2026-02-14T16:07:09","modified_gmt":"2026-02-14T16:07:09","slug":"lit-premium-chat-chien-canijess-ultradoux-62x44x22cm-beige-noir","status":"publish","type":"product","link":"https:\/\/petworld.ma\/index.php\/produit\/lit-premium-chat-chien-canijess-ultradoux-62x44x22cm-beige-noir\/","title":{"rendered":"Lit premium Chat\/Chien Canijess ultradoux (62x44x22cm) Beige\/Noir"},"content":{"rendered":"<h3>La description<\/h3>\n<p>Notre lit Jellybean est un lit premium ultradoux. Ce lit a des caract\u00e9ristiques orthop\u00e9diques en raison de la quantit\u00e9 de remplissage appliqu\u00e9e \u00e0 chaque zone du lit et des angles de couture qui ont \u00e9t\u00e9 utilis\u00e9s. Cela signifie que le poids du corps de votre animal ne se d\u00e9placera pas sur un c\u00f4t\u00e9 mais sera r\u00e9parti uniform\u00e9ment autour du lit.<\/p>\n<p>La colonne vert\u00e9brale est ainsi moins sollicit\u00e9e. Il est important de noter que la stabilit\u00e9 de ce lit garantit que les os, les articulations, les hanches et les coudes des animaux ne touchent pas le sol. Le lit Jellybean a des murs d\u2019enceinte plus bas, ce qui cr\u00e9e une position id\u00e9ale pour l\u2019appui-t\u00eate de votre animal.<\/p>\n<p>Le coussin int\u00e9rieur de ce lit est rempli de fibres de silicone originales, ce qui en fait un coussin tr\u00e8s doux et confortable, lavable en machine \u00e0 30\u00b0C. Il est id\u00e9al pour la sant\u00e9 de votre animal et r\u00e9duit l\u2019anxi\u00e9t\u00e9 gr\u00e2ce \u00e0 cette fonction de relaxation extra douce.<\/p>\n<p>L\u2019ext\u00e9rieur de ce lit est fait d\u2019un mat\u00e9riau Oxford Impertex imperm\u00e9able \u00e0 l\u2019eau, ce qui permet de nettoyer facilement toute marque. La base du lit Jellybean pour animaux de compagnie est antid\u00e9rapante.<\/p>\n<p>Taille: 62*44*22cm<\/p>\n","protected":false},"excerpt":{"rendered":"<p>La description Notre lit Jellybean est un lit premium ultradoux. Ce lit a des caract\u00e9ristiques orthop\u00e9diques en raison de la quantit\u00e9 de remplissage appliqu\u00e9e \u00e0 chaque zone du lit et des angles de couture qui ont \u00e9t\u00e9 utilis\u00e9s. Cela signifie que le poids du corps de votre animal ne se d\u00e9placera pas sur un c\u00f4t\u00e9 [&#8230;]\n","protected":false},"featured_media":1354,"template":"","meta":{"jetpack_publicize_message":"","jetpack_publicize_feature_enabled":true,"jetpack_social_post_already_shared":false,"jetpack_social_options":{"image_generator_settings":{"template":"highway","default_image_id":0,"font":"","enabled":false},"version":2}},"product_brand":[],"product_cat":[124,125],"product_tag":[],"class_list":{"0":"post-1353","1":"product","2":"type-product","3":"status-publish","4":"has-post-thumbnail","6":"product_cat-lits-et-cages","7":"product_cat-lits-et-cages-chien","9":"first","10":"instock","11":"sale","12":"taxable","13":"shipping-taxable","14":"purchasable","15":"product-type-simple"},"supplier_id":5587,"supplier_sku":"75017","barcode":null,"atum_controlled":true,"out_stock_date":null,"out_stock_threshold":null,"inheritable":false,"inbound_stock":0,"stock_on_hold":0,"sold_today":0,"sales_last_days":0,"reserved_stock":0,"customer_returns":0,"warehouse_damage":0,"lost_in_post":0,"other_logs":0,"out_stock_days":0,"lost_sales":0,"has_location":false,"update_date":"2026-05-13T00:20:53","atum_locations":[],"atum_stock_status":"instock","restock_status":false,"low_stock_amount":0,"sales_update_date":"2026-05-13T00:20:53","calc_backorders":0,"jetpack_publicize_connections":[],"jetpack_sharing_enabled":true,"batches":[],"_links":{"self":[{"href":"https:\/\/petworld.ma\/index.php\/wp-json\/wp\/v2\/product\/1353","targetHints":{"allow":["GET"]}}],"collection":[{"href":"https:\/\/petworld.ma\/index.php\/wp-json\/wp\/v2\/product"}],"about":[{"href":"https:\/\/petworld.ma\/index.php\/wp-json\/wp\/v2\/types\/product"}],"wp:featuredmedia":[{"embeddable":true,"href":"https:\/\/petworld.ma\/index.php\/wp-json\/wp\/v2\/media\/1354"}],"wp:attachment":[{"href":"https:\/\/petworld.ma\/index.php\/wp-json\/wp\/v2\/media?parent=1353"}],"wp:term":[{"taxonomy":"product_brand","embeddable":true,"href":"https:\/\/petworld.ma\/index.php\/wp-json\/wp\/v2\/product_brand?post=1353"},{"taxonomy":"product_cat","embeddable":true,"href":"https:\/\/petworld.ma\/index.php\/wp-json\/wp\/v2\/product_cat?post=1353"},{"taxonomy":"product_tag","embeddable":true,"href":"https:\/\/petworld.ma\/index.php\/wp-json\/wp\/v2\/product_tag?post=1353"}],"curies":[{"name":"wp","href":"https:\/\/api.w.org\/{rel}","templated":true}]}}