{"id":13551,"date":"2024-10-27T12:38:18","date_gmt":"2024-10-27T12:38:18","guid":{"rendered":"https:\/\/petworld.ma\/?post_type=product&#038;p=13551"},"modified":"2025-11-15T18:04:11","modified_gmt":"2025-11-15T18:04:11","slug":"medaille-basic-coeur-grand-noir","status":"publish","type":"product","link":"https:\/\/petworld.ma\/index.php\/produit\/medaille-basic-coeur-grand-noir\/","title":{"rendered":"M\u00e9daille Basic Handmade C\u0153ur Grand Noir"},"content":{"rendered":"<p>L&rsquo;esth\u00e9tique essentielle de la m\u00e9daille Basic Handmade C\u0153ur Grand Noir la rend appropri\u00e9e pour toute occasion, offrant une touche classique, mais jamais banale, \u00e0 la tenue de votre animal de compagnie ! Enrichie du logo MyFamily, elle est enti\u00e8rement finie \u00e0 la main en Italie. Personnalisable au dos avec une gravure facilement lisible et durable. \u00c9quip\u00e9e d&rsquo;un anneau pratique pour l&rsquo;attacher au Porte-Tag.<\/p>\n","protected":false},"excerpt":{"rendered":"<p>La m\u00e9daille Basic Handmade C\u0153ur Grand Noir exprime un charme d\u00e9tendu distinct et, avec sa teinte, nous enveloppe dans une atmosph\u00e8re de r\u00eave.<\/p>\n<p><strong>Pendentif personnalisable, nous allons vous contacter pour r\u00e9cup\u00e9rer les informations \u00e0 graver sur le pendentif.<\/strong><\/p>\n","protected":false},"featured_media":13556,"template":"","meta":{"jetpack_publicize_message":"","jetpack_publicize_feature_enabled":true,"jetpack_social_post_already_shared":true,"jetpack_social_options":{"image_generator_settings":{"template":"highway","default_image_id":0,"font":"","enabled":false},"version":2}},"product_brand":[],"product_cat":[153,154],"product_tag":[],"class_list":{"0":"post-13551","1":"product","2":"type-product","3":"status-publish","4":"has-post-thumbnail","6":"product_cat-pendentif-personnalise-chat-chien","7":"product_cat-pendentif-personnalise","9":"first","10":"instock","11":"taxable","12":"shipping-taxable","13":"purchasable","14":"product-type-simple"},"supplier_id":13352,"supplier_sku":"BH50HBLACK","barcode":null,"atum_controlled":true,"out_stock_date":null,"out_stock_threshold":null,"inheritable":false,"inbound_stock":0,"stock_on_hold":0,"sold_today":0,"sales_last_days":0,"reserved_stock":0,"customer_returns":0,"warehouse_damage":0,"lost_in_post":0,"other_logs":0,"out_stock_days":0,"lost_sales":0,"has_location":false,"update_date":"2026-05-10T00:21:04","atum_locations":[],"atum_stock_status":"instock","restock_status":false,"low_stock_amount":2,"sales_update_date":"2026-05-10T00:21:04","calc_backorders":0,"jetpack_publicize_connections":[],"jetpack_sharing_enabled":true,"batches":[],"_links":{"self":[{"href":"https:\/\/petworld.ma\/index.php\/wp-json\/wp\/v2\/product\/13551","targetHints":{"allow":["GET"]}}],"collection":[{"href":"https:\/\/petworld.ma\/index.php\/wp-json\/wp\/v2\/product"}],"about":[{"href":"https:\/\/petworld.ma\/index.php\/wp-json\/wp\/v2\/types\/product"}],"wp:featuredmedia":[{"embeddable":true,"href":"https:\/\/petworld.ma\/index.php\/wp-json\/wp\/v2\/media\/13556"}],"wp:attachment":[{"href":"https:\/\/petworld.ma\/index.php\/wp-json\/wp\/v2\/media?parent=13551"}],"wp:term":[{"taxonomy":"product_brand","embeddable":true,"href":"https:\/\/petworld.ma\/index.php\/wp-json\/wp\/v2\/product_brand?post=13551"},{"taxonomy":"product_cat","embeddable":true,"href":"https:\/\/petworld.ma\/index.php\/wp-json\/wp\/v2\/product_cat?post=13551"},{"taxonomy":"product_tag","embeddable":true,"href":"https:\/\/petworld.ma\/index.php\/wp-json\/wp\/v2\/product_tag?post=13551"}],"curies":[{"name":"wp","href":"https:\/\/api.w.org\/{rel}","templated":true}]}}