{"id":13581,"date":"2024-10-27T13:36:43","date_gmt":"2024-10-27T13:36:43","guid":{"rendered":"https:\/\/petworld.ma\/?post_type=product&#038;p=13581"},"modified":"2026-04-30T15:12:07","modified_gmt":"2026-04-30T15:12:07","slug":"medaille-style-pied-de-poule-os-xl-rouge","status":"publish","type":"product","link":"https:\/\/petworld.ma\/index.php\/produit\/medaille-style-pied-de-poule-os-xl-rouge\/","title":{"rendered":"M\u00e9daille Style Pied de Poule Os XL Rouge"},"content":{"rendered":"<p>Pr\u00e9parez-vous \u00e0 plonger dans le pass\u00e9 avec votre animal avec la m\u00e9daille Style Pied de Poule Os XL Rouge, avec une texture intemporelle qui a travers\u00e9 les d\u00e9cennies en conservant tout son charme. Enrichie du logo MyFamily, elle est enti\u00e8rement finie \u00e0 la main en Italie. Personnalisable au dos avec une gravure facilement lisible et durable. \u00c9quip\u00e9e d&rsquo;un anneau pratique pour l&rsquo;attacher au Porte-Tag.<\/p>\n","protected":false},"excerpt":{"rendered":"<p>Le motif optique iconique qui a marqu\u00e9 l&rsquo;histoire des d\u00e9fil\u00e9s dans les fabuleuses ann\u00e9es 60, fait loi dans la m\u00e9daille Style Pied de Poule Os XL Rouge.<\/p>\n<p><strong>Pendentif personnalisable, nous allons vous contacter pour r\u00e9cup\u00e9rer les informations \u00e0 graver sur le pendentif.<\/strong><\/p>\n","protected":false},"featured_media":13582,"template":"","meta":{"jetpack_publicize_message":"","jetpack_publicize_feature_enabled":true,"jetpack_social_post_already_shared":true,"jetpack_social_options":{"image_generator_settings":{"template":"highway","default_image_id":0,"font":"","enabled":false},"version":2}},"product_brand":[],"product_cat":[153,154],"product_tag":[],"class_list":{"0":"post-13581","1":"product","2":"type-product","3":"status-publish","4":"has-post-thumbnail","6":"product_cat-pendentif-personnalise-chat-chien","7":"product_cat-pendentif-personnalise","9":"first","10":"instock","11":"taxable","12":"shipping-taxable","13":"purchasable","14":"product-type-simple"},"supplier_id":13352,"supplier_sku":"BH53XLRED","barcode":null,"atum_controlled":true,"out_stock_date":null,"out_stock_threshold":null,"inheritable":false,"inbound_stock":0,"stock_on_hold":0,"sold_today":0,"sales_last_days":0,"reserved_stock":0,"customer_returns":0,"warehouse_damage":0,"lost_in_post":0,"other_logs":0,"out_stock_days":0,"lost_sales":0,"has_location":false,"update_date":"2026-05-12T00:22:29","atum_locations":[],"atum_stock_status":"instock","restock_status":false,"low_stock_amount":2,"sales_update_date":"2026-05-12T00:22:29","calc_backorders":0,"jetpack_publicize_connections":[],"jetpack_sharing_enabled":true,"batches":[],"_links":{"self":[{"href":"https:\/\/petworld.ma\/index.php\/wp-json\/wp\/v2\/product\/13581","targetHints":{"allow":["GET"]}}],"collection":[{"href":"https:\/\/petworld.ma\/index.php\/wp-json\/wp\/v2\/product"}],"about":[{"href":"https:\/\/petworld.ma\/index.php\/wp-json\/wp\/v2\/types\/product"}],"wp:featuredmedia":[{"embeddable":true,"href":"https:\/\/petworld.ma\/index.php\/wp-json\/wp\/v2\/media\/13582"}],"wp:attachment":[{"href":"https:\/\/petworld.ma\/index.php\/wp-json\/wp\/v2\/media?parent=13581"}],"wp:term":[{"taxonomy":"product_brand","embeddable":true,"href":"https:\/\/petworld.ma\/index.php\/wp-json\/wp\/v2\/product_brand?post=13581"},{"taxonomy":"product_cat","embeddable":true,"href":"https:\/\/petworld.ma\/index.php\/wp-json\/wp\/v2\/product_cat?post=13581"},{"taxonomy":"product_tag","embeddable":true,"href":"https:\/\/petworld.ma\/index.php\/wp-json\/wp\/v2\/product_tag?post=13581"}],"curies":[{"name":"wp","href":"https:\/\/api.w.org\/{rel}","templated":true}]}}