{"id":136,"date":"2022-12-15T22:12:31","date_gmt":"2022-12-15T22:12:31","guid":{"rendered":"http:\/\/petworld.ma\/?post_type=product&#038;p=136"},"modified":"2026-04-15T15:55:07","modified_gmt":"2026-04-15T15:55:07","slug":"royal-canin-mini-sterilised-3-kg","status":"publish","type":"product","link":"https:\/\/petworld.ma\/index.php\/produit\/royal-canin-mini-sterilised-3-kg\/","title":{"rendered":"Royal Canin Mini Sterilised 3 kg"},"content":{"rendered":"<div class=\"product-section description-section\">\n<div class=\"single-description fr-view\">\n<div>\n<div>\n<h2>Pour Chiens st\u00e9rilis\u00e9s &#8211; Jusqu\u2019\u00e0 10 kg<\/h2>\n<\/div>\n<\/div>\n<div>\n<div>Apr\u00e8s la st\u00e9rilisation, le m\u00e9tabolisme de votre chien ralentit, et il peut arriver qu\u2019il pr\u00e9f\u00e8re le canap\u00e9 \u00e0 l\u2019aventure, tout en gardant le m\u00eame solide app\u00e9tit aux heures des repas. Con\u00e7u pour les chiens adultes st\u00e9rilis\u00e9s pesant jusqu\u2019\u00e0 10 kg, ROYAL CANIN\u00ae Sterilised Mini satisfait l\u2019app\u00e9tit de votre chien gr\u00e2ce \u00e0 des nutriments de haute qualit\u00e9 sp\u00e9cialement dos\u00e9s pour pr\u00e9server sa forme et sa vitalit\u00e9. ROYAL CANIN\u00ae Sterilised Mini contient un m\u00e9lange optimal de fibres afin de favoriser la sensation de sati\u00e9t\u00e9 et assurer la r\u00e9gularit\u00e9 d\u2019un bon transit, am\u00e9liorant ainsi la digestion dans son ensemble. De plus, les fibres alimentaires satisfont l\u2019app\u00e9tit de votre chien et r\u00e9duisent ainsi les grignotages. Cette formule sp\u00e9cialement con\u00e7ue contient moins de mati\u00e8res grasses alimentaires pour aider votre chien \u00e0 rester l\u00e9ger sur ses pattes et \u00e9viter les complications de sant\u00e9 li\u00e9es aux kilos en trop. Ne vous contentez pas de nous croire sur parole\u00a0: ROYAL CANIN\u00ae Sterilised Mini a \u00e9t\u00e9 test\u00e9 scientifiquement et il est prouv\u00e9 qu\u2019il est 14 % moins calorique que les aliments pour chiens adultes ordinaires. La formule ROYAL CANIN\u00ae Sterilised Mini a donc fait ses preuves. Notre programme nutritionnel Sterilised est disponible sous deux formes\u00a0: en croquettes et en mousse conditionn\u00e9e en sachet fra\u00eecheur, toutes deux parfaitement \u00e9quilibr\u00e9es sur le plan nutritionnel et tout \u00e0 fait compl\u00e9mentaires. Pourquoi ne pas essayer la mousse en accompagnement des croquettes\u00a0?<\/div>\n<div><\/div>\n<div><strong>\u00a0 \u00a0BENEFICES :<\/strong><\/div>\n<div>\n<ul>\n<li>\n<div>R\u00e9sultats prouv\u00e9s<\/div>\n<div>14 % de calories en moins* *par rapport \u00e0 un produit de maintenance (Mini Adult).<\/div>\n<\/li>\n<li>\n<div>Maintien du poids id\u00e9al<\/div>\n<div>La combinaison entre un contenu riche en prot\u00e9ines* (30%) et mod\u00e9r\u00e9 en mati\u00e8res grasses* (13%) aide \u00e0 maintenir un poids id\u00e9al. Con\u00e7u pour les chiens st\u00e9rilis\u00e9s de petites races, le profil nutritionnel est enrichi en L-carnitine et contient des fibres b\u00e9n\u00e9fiques au syst\u00e8me digestif. Votre chien peut donc appr\u00e9cier la m\u00eame quantit\u00e9 de nourriture, tout en r\u00e9duisant l\u2019apport calorique de sa prise alimentaire. *Par rapport \u00e0 un produit de maintenance (Mini Adult).<\/div>\n<\/li>\n<li>\n<div>Comment pouvez-vous aider votre chien?<\/div>\n<div>Faites de votre chien un animal actif en l\u2019emmenant en promenade ou en jouant avec lui au parc ou chez vous. R\u00e9compensez-le avec des croquettes issues de son alimentation quotidienne au lieu d\u2019opter pour des snacks. Il est particuli\u00e8rement important de bien respecter les quantit\u00e9s de nourriture indiqu\u00e9es sur l\u2019emballage. Si vous avez une question ou un doute concernant la sant\u00e9 de votre chien, veuillez consulter un v\u00e9t\u00e9rinaire.<\/div>\n<\/li>\n<\/ul>\n<p><strong>\u00a0 \u00a0INFORMATIONS NUTRITIONELLES :<\/strong><\/p>\n<div>Composition : ma\u00efs, prot\u00e9ines de volaille d\u00e9shydrat\u00e9es, bl\u00e9, hydrolysat de prot\u00e9ines animales, gluten de ma\u00efs, fibres v\u00e9g\u00e9tales, isolat de prot\u00e9ines v\u00e9g\u00e9tales*, graisses animales, pulpe de betterave, levures et composants de levures, huile de poisson, huile de soja, t\u00e9guments et graines de psyllium, fructo-oligosaccharides, sels min\u00e9raux, huile de bourrache, extrait de rose d\u2019Inde (source de lut\u00e9ine).<\/div>\n<p>Additifs (au kg) : Additifs nutritionnels : Vitamine A : 22000 UI, Vitamine D3 : 1000 UI, E1 (Fer) : 40 mg, E2 (Iode) : 4 mg, E4 (Cuivre) : 12 mg, E5 (Mangan\u00e8se) : 52 mg, E6 (Zinc) : 156 mg, E8 (S\u00e9l\u00e9nium) : 0,07 mg, L-carnitine : 200 mg &#8211; Additifs technologiques : Clinoptilolite d\u2019origine s\u00e9dimentaire : 5 g &#8211; Conservateurs &#8211; Antioxyg\u00e8nes.<\/p>\n<p>Constituants analytiques : Prot\u00e9ine : 30,0 % &#8211; Teneur en mati\u00e8res grasses : 13,0 % &#8211; Cendres brutes : 5,4 % &#8211; Cellulose brute : 6,6 %.<\/p>\n<p>*L.I.P. : prot\u00e9ine s\u00e9lectionn\u00e9e pour sa tr\u00e8s haute digestibilit\u00e9.<\/p>\n<p>Mode d\u2019emploi : voir tableau. Num\u00e9ro de lot et d\u2019identifiant usine, \u00e0 utiliser de pr\u00e9f\u00e9rence avant : voir sur l\u2019emballage. \u00c0 conserver dans un endroit sec et frais.<\/p>\n<p><a href=\"https:\/\/wa.me\/212708052510\" target=\"_blank\" rel=\"noopener noreferrer\"><img decoding=\"async\" class=\"fr-fic fr-dib aligncenter\" src=\"https:\/\/cdn.youcan.shop\/stores\/d0742d556df94ddbc7ae4c9810aff04b\/others\/8jktDMjwUy03p8E2KuIo8iK2O3zNQ1sZhUBA4GLf.png\" width=\"262\" height=\"69\" data-name=\"stores\/d0742d556df94ddbc7ae4c9810aff04b\/others\/8jktDMjwUy03p8E2KuIo8iK2O3zNQ1sZhUBA4GLf.png\" \/><\/a><\/p>\n<\/div>\n<\/div>\n<\/div>\n<\/div>\n<div class=\"product-section add-to-cart-section\">\n<div class=\"quantity\"><\/div>\n<\/div>\n","protected":false},"excerpt":{"rendered":"<p>Pour Chiens st\u00e9rilis\u00e9s &#8211; Jusqu\u2019\u00e0 10 kg Apr\u00e8s la st\u00e9rilisation, le m\u00e9tabolisme de votre chien ralentit, et il peut arriver qu\u2019il pr\u00e9f\u00e8re le canap\u00e9 \u00e0 l\u2019aventure, tout en gardant le m\u00eame solide app\u00e9tit aux heures des repas. Con\u00e7u pour les chiens adultes st\u00e9rilis\u00e9s pesant jusqu\u2019\u00e0 10 kg, ROYAL CANIN\u00ae Sterilised Mini satisfait l\u2019app\u00e9tit de votre [&#8230;]\n","protected":false},"featured_media":505,"template":"","meta":{"jetpack_publicize_message":"","jetpack_publicize_feature_enabled":true,"jetpack_social_post_already_shared":false,"jetpack_social_options":{"image_generator_settings":{"template":"highway","default_image_id":0,"font":"","enabled":false},"version":2}},"product_brand":[],"product_cat":[26],"product_tag":[],"class_list":{"0":"post-136","1":"product","2":"type-product","3":"status-publish","4":"has-post-thumbnail","6":"product_cat-croquettes","8":"first","9":"outofstock","10":"taxable","11":"shipping-taxable","12":"purchasable","13":"product-type-simple"},"supplier_id":5587,"supplier_sku":"72011","barcode":null,"atum_controlled":true,"out_stock_date":"2026-04-02 13:31:41","out_stock_threshold":null,"inheritable":false,"inbound_stock":0,"stock_on_hold":0,"sold_today":0,"sales_last_days":0,"reserved_stock":0,"customer_returns":0,"warehouse_damage":0,"lost_in_post":0,"other_logs":0,"out_stock_days":35,"lost_sales":2950,"has_location":false,"update_date":"2026-05-08T09:39:08","atum_locations":[],"atum_stock_status":"outofstock","restock_status":false,"low_stock_amount":2,"sales_update_date":"2026-05-08T09:39:08","calc_backorders":null,"jetpack_publicize_connections":[],"jetpack_sharing_enabled":true,"batches":[{"id":"106","date_created":"2024-09-14 18:18:27","date_expiry":"2025-08-01 00:00:00","user_id":"2760","batch_number":"RCMiniSterilise3kg","location":"","quantity":"1.0000","quantity_available":"0.0000","units":"1","status":"archived","order_ids":"[12469]","supplier":"Royal Canin","po":{"id":"102","date_created":"2024-09-14 18:18:27","batch_id":"106","po_number":"","supplier":"Royal Canin","cost":null,"regular_price":null,"sale_price":null,"price_margin":null,"price_discount":null}},{"id":"640","date_created":"2024-10-14 15:55:24","date_expiry":"2025-12-18 00:00:00","user_id":"2760","batch_number":"RCMiniSterilise3kg181225","location":"","quantity":"1.0000","quantity_available":"0.0000","units":"1","status":"archived","order_ids":"[16057]","supplier":"Royal Canin","po":{"id":"623","date_created":"2024-10-14 15:55:25","batch_id":"640","po_number":"","supplier":"Royal Canin","cost":null,"regular_price":null,"sale_price":null,"price_margin":null,"price_discount":null}},{"id":"1390","date_created":"2024-12-26 22:45:08","date_expiry":"2026-02-18 00:00:00","user_id":"2760","batch_number":"RCMiniSterilise3kg180226","location":"","quantity":"1.0000","quantity_available":"0.0000","units":"1","status":"archived","order_ids":"[21465]","supplier":"Royal Canin","po":{"id":"1364","date_created":"2024-12-26 22:45:10","batch_id":"1390","po_number":"","supplier":"Royal Canin","cost":null,"regular_price":null,"sale_price":null,"price_margin":null,"price_discount":null}},{"id":"1726","date_created":"2025-01-22 22:09:57","date_expiry":"2026-05-12 00:00:00","user_id":"2760","batch_number":"RCMiniSterilise3kg120526","location":"","quantity":"1.0000","quantity_available":"0.0000","units":"1","status":"archived","order_ids":"[23490]","supplier":"Royal Canin","po":{"id":"1700","date_created":"2025-01-22 22:10:00","batch_id":"1726","po_number":"","supplier":"Royal Canin","cost":null,"regular_price":null,"sale_price":null,"price_margin":null,"price_discount":null}},{"id":"5687","date_created":"2025-10-08 15:51:31","date_expiry":"2026-12-11 00:00:00","user_id":"2760","batch_number":"RCMiniSterilise3kg120526","location":"","quantity":"1.0000","quantity_available":"0.0000","units":"1","status":"archived","order_ids":"[30221]","supplier":"Royal Canin","po":{"id":"5642","date_created":"2025-10-08 15:51:31","batch_id":"5687","po_number":"","supplier":"Royal Canin","cost":null,"regular_price":null,"sale_price":null,"price_margin":null,"price_discount":null}},{"id":"6370","date_created":"2025-11-24 18:21:26","date_expiry":"2027-03-08 00:00:00","user_id":"2760","batch_number":"RCMiniSterilise3kg080327","location":"","quantity":"1.0000","quantity_available":"0.0000","units":"1","status":"archived","order_ids":"[31595]","supplier":"Royal Canin","po":{"id":"6316","date_created":"2025-11-24 18:21:26","batch_id":"6370","po_number":"","supplier":"Royal Canin","cost":null,"regular_price":null,"sale_price":null,"price_margin":null,"price_discount":null}},{"id":"6708","date_created":"2025-12-16 08:23:03","date_expiry":"2027-04-15 00:00:00","user_id":"2760","batch_number":"RCMiniSterilise3kg150427","location":"","quantity":"1.0000","quantity_available":"0.0000","units":"1","status":"archived","order_ids":"[32598]","supplier":"Royal Canin","po":{"id":"6654","date_created":"2025-12-16 08:23:04","batch_id":"6708","po_number":"","supplier":"Royal Canin","cost":null,"regular_price":null,"sale_price":null,"price_margin":null,"price_discount":null}},{"id":"6886","date_created":"2025-12-23 15:52:08","date_expiry":"2027-04-15 00:00:00","user_id":"2760","batch_number":"RCMiniSterilise3kg150427","location":"","quantity":"1.0000","quantity_available":"0.0000","units":"1","status":"archived","order_ids":"[34746]","supplier":"Royal Canin","po":{"id":"6825","date_created":"2025-12-23 15:52:08","batch_id":"6886","po_number":"","supplier":"Royal Canin","cost":null,"regular_price":null,"sale_price":null,"price_margin":null,"price_discount":null}},{"id":"7347","date_created":"2026-01-26 17:26:57","date_expiry":"2027-06-22 00:00:00","user_id":"2760","batch_number":"RCMiniSterilise3kg220627","location":"","quantity":"1.0000","quantity_available":"0.0000","units":"1","status":"archived","order_ids":"[36320]","supplier":"Royal Canin","po":{"id":"7283","date_created":"2026-01-26 17:26:57","batch_id":"7347","po_number":"","supplier":"Royal Canin","cost":null,"regular_price":null,"sale_price":null,"price_margin":null,"price_discount":null}},{"id":"7626","date_created":"2026-02-12 09:40:43","date_expiry":"2027-06-22 00:00:00","user_id":"2760","batch_number":"RCMiniSterilise3kg220627","location":"","quantity":"1.0000","quantity_available":"0.0000","units":"1","status":"archived","order_ids":"[38645]","supplier":"Royal Canin","po":{"id":"7561","date_created":"2026-02-12 09:40:43","batch_id":"7626","po_number":"","supplier":"Royal Canin","cost":null,"regular_price":null,"sale_price":null,"price_margin":null,"price_discount":null}},{"id":"8036","date_created":"2026-02-28 21:38:40","date_expiry":"2027-06-22 00:00:00","user_id":"2760","batch_number":"RCMiniSterilise3kg220627","location":"","quantity":"1.0000","quantity_available":"0.0000","units":"1","status":"archived","order_ids":"[38762]","supplier":"Royal Canin","po":{"id":"7974","date_created":"2026-02-28 21:38:40","batch_id":"8036","po_number":"","supplier":"Royal Canin","cost":null,"regular_price":null,"sale_price":null,"price_margin":null,"price_discount":null}}],"_links":{"self":[{"href":"https:\/\/petworld.ma\/index.php\/wp-json\/wp\/v2\/product\/136","targetHints":{"allow":["GET"]}}],"collection":[{"href":"https:\/\/petworld.ma\/index.php\/wp-json\/wp\/v2\/product"}],"about":[{"href":"https:\/\/petworld.ma\/index.php\/wp-json\/wp\/v2\/types\/product"}],"wp:featuredmedia":[{"embeddable":true,"href":"https:\/\/petworld.ma\/index.php\/wp-json\/wp\/v2\/media\/505"}],"wp:attachment":[{"href":"https:\/\/petworld.ma\/index.php\/wp-json\/wp\/v2\/media?parent=136"}],"wp:term":[{"taxonomy":"product_brand","embeddable":true,"href":"https:\/\/petworld.ma\/index.php\/wp-json\/wp\/v2\/product_brand?post=136"},{"taxonomy":"product_cat","embeddable":true,"href":"https:\/\/petworld.ma\/index.php\/wp-json\/wp\/v2\/product_cat?post=136"},{"taxonomy":"product_tag","embeddable":true,"href":"https:\/\/petworld.ma\/index.php\/wp-json\/wp\/v2\/product_tag?post=136"}],"curies":[{"name":"wp","href":"https:\/\/api.w.org\/{rel}","templated":true}]}}