{"id":13602,"date":"2024-10-27T14:29:25","date_gmt":"2024-10-27T14:29:25","guid":{"rendered":"https:\/\/petworld.ma\/?post_type=product&#038;p=13602"},"modified":"2025-11-18T09:46:34","modified_gmt":"2025-11-18T09:46:34","slug":"medaille-classic-cercle-grand-rouge-avec-patte","status":"publish","type":"product","link":"https:\/\/petworld.ma\/index.php\/produit\/medaille-classic-cercle-grand-rouge-avec-patte\/","title":{"rendered":"M\u00e9daille Classic Cercle Grand Rouge avec Patte"},"content":{"rendered":"<p>La m\u00e9daille Classic Cercle Grand Rouge avec Patte est une r\u00e9interpr\u00e9tation cr\u00e9ative de l&rsquo;esth\u00e9tique traditionnelle. Con\u00e7ue pour ne jamais se d\u00e9moder, elle pr\u00e9sente une forme et une coloration d&rsquo;un grand impact, la rendant imm\u00e9diatement reconnaissable. R\u00e9alis\u00e9e dans chaque d\u00e9tail dans notre manufacture en Italie, elle est \u00e9maill\u00e9e \u00e0 la main. Personnalisable au dos avec une gravure facilement lisible et durable. \u00c9quip\u00e9e d&rsquo;un anneau pratique pour l&rsquo;attacher au Porte-Tag.<\/p>\n","protected":false},"excerpt":{"rendered":"<p>Le style de la m\u00e9daille Classic Cercle Grand Rouge avec Patte est irr\u00e9sistible ! R\u00e9interpr\u00e9tant les formes classiques les plus aim\u00e9es pour votre animal de compagnie, elle est con\u00e7ue pour \u00eatre intemporelle.<\/p>\n<p><strong>Pendentif personnalisable, nous allons vous contacter pour r\u00e9cup\u00e9rer les informations \u00e0 graver sur le pendentif.<\/strong><\/p>\n","protected":false},"featured_media":13604,"template":"","meta":{"jetpack_publicize_message":"","jetpack_publicize_feature_enabled":true,"jetpack_social_post_already_shared":true,"jetpack_social_options":{"image_generator_settings":{"template":"highway","default_image_id":0,"font":"","enabled":false},"version":2}},"product_brand":[],"product_cat":[153,154],"product_tag":[],"class_list":{"0":"post-13602","1":"product","2":"type-product","3":"status-publish","4":"has-post-thumbnail","6":"product_cat-pendentif-personnalise-chat-chien","7":"product_cat-pendentif-personnalise","9":"first","10":"instock","11":"taxable","12":"shipping-taxable","13":"purchasable","14":"product-type-simple"},"supplier_id":13352,"supplier_sku":"CH17REDPAW","barcode":null,"atum_controlled":true,"out_stock_date":null,"out_stock_threshold":null,"inheritable":false,"inbound_stock":0,"stock_on_hold":0,"sold_today":0,"sales_last_days":0,"reserved_stock":0,"customer_returns":0,"warehouse_damage":0,"lost_in_post":0,"other_logs":0,"out_stock_days":0,"lost_sales":0,"has_location":false,"update_date":"2026-05-07T00:18:53","atum_locations":[],"atum_stock_status":"instock","restock_status":false,"low_stock_amount":2,"sales_update_date":"2026-05-07T00:18:53","calc_backorders":0,"jetpack_publicize_connections":[],"jetpack_sharing_enabled":true,"batches":[],"_links":{"self":[{"href":"https:\/\/petworld.ma\/index.php\/wp-json\/wp\/v2\/product\/13602","targetHints":{"allow":["GET"]}}],"collection":[{"href":"https:\/\/petworld.ma\/index.php\/wp-json\/wp\/v2\/product"}],"about":[{"href":"https:\/\/petworld.ma\/index.php\/wp-json\/wp\/v2\/types\/product"}],"wp:featuredmedia":[{"embeddable":true,"href":"https:\/\/petworld.ma\/index.php\/wp-json\/wp\/v2\/media\/13604"}],"wp:attachment":[{"href":"https:\/\/petworld.ma\/index.php\/wp-json\/wp\/v2\/media?parent=13602"}],"wp:term":[{"taxonomy":"product_brand","embeddable":true,"href":"https:\/\/petworld.ma\/index.php\/wp-json\/wp\/v2\/product_brand?post=13602"},{"taxonomy":"product_cat","embeddable":true,"href":"https:\/\/petworld.ma\/index.php\/wp-json\/wp\/v2\/product_cat?post=13602"},{"taxonomy":"product_tag","embeddable":true,"href":"https:\/\/petworld.ma\/index.php\/wp-json\/wp\/v2\/product_tag?post=13602"}],"curies":[{"name":"wp","href":"https:\/\/api.w.org\/{rel}","templated":true}]}}