{"id":13672,"date":"2024-10-27T16:16:19","date_gmt":"2024-10-27T16:16:19","guid":{"rendered":"https:\/\/petworld.ma\/?post_type=product&#038;p=13672"},"modified":"2025-11-14T17:18:22","modified_gmt":"2025-11-14T17:18:22","slug":"medaille-basic-coeur-grand-bleu-ciel-en-aluminium","status":"publish","type":"product","link":"https:\/\/petworld.ma\/index.php\/produit\/medaille-basic-coeur-grand-bleu-ciel-en-aluminium\/","title":{"rendered":"M\u00e9daille Basic C\u0153ur Grand Bleu Ciel en Aluminium"},"content":{"rendered":"<p>La m\u00e9daille Basic C\u0153ur Grand Bleu Ciel en Aluminium est l&rsquo;essence de la philosophie MyFamily. Dans sa simplicit\u00e9 extr\u00eame, elle repr\u00e9sente la m\u00e9daille par excellence. Pr\u00e9cise dans ses lignes, elle peut \u00eatre personnalis\u00e9e sur le recto et le verso avec une gravure facilement lisible et durable et est enti\u00e8rement r\u00e9alis\u00e9e en Italie, dans notre manufacture. \u00c9quip\u00e9e d&rsquo;un anneau pratique pour l&rsquo;attacher au Porte-Tag.<\/p>\n","protected":false},"excerpt":{"rendered":"<p>Simplicit\u00e9, pr\u00e9cision, s\u00e9curit\u00e9 : ce sont les ingr\u00e9dients de la m\u00e9daille Basic C\u0153ur Grand Bleu Ciel en Aluminium. Un classique in\u00e9puisable !<\/p>\n<p><strong>Pendentif personnalisable, nous allons vous contacter pour r\u00e9cup\u00e9rer les informations \u00e0 graver sur le pendentif.<\/strong><\/p>\n<p><strong>Ce Pendentif peut \u00eatre personnalis\u00e9e sur le recto et le verso.<\/strong><\/p>\n","protected":false},"featured_media":13674,"template":"","meta":{"jetpack_publicize_message":"","jetpack_publicize_feature_enabled":true,"jetpack_social_post_already_shared":true,"jetpack_social_options":{"image_generator_settings":{"template":"highway","default_image_id":0,"font":"","enabled":false},"version":2}},"product_brand":[],"product_cat":[153,154],"product_tag":[],"class_list":{"0":"post-13672","1":"product","2":"type-product","3":"status-publish","4":"has-post-thumbnail","6":"product_cat-pendentif-personnalise-chat-chien","7":"product_cat-pendentif-personnalise","9":"first","10":"instock","11":"taxable","12":"shipping-taxable","13":"purchasable","14":"product-type-simple"},"supplier_id":13352,"supplier_sku":"MFB65","barcode":null,"atum_controlled":true,"out_stock_date":null,"out_stock_threshold":null,"inheritable":false,"inbound_stock":0,"stock_on_hold":0,"sold_today":0,"sales_last_days":0,"reserved_stock":0,"customer_returns":0,"warehouse_damage":0,"lost_in_post":0,"other_logs":0,"out_stock_days":0,"lost_sales":0,"has_location":false,"update_date":"2026-05-07T00:19:35","atum_locations":[],"atum_stock_status":"instock","restock_status":false,"low_stock_amount":1,"sales_update_date":"2026-05-07T00:19:35","calc_backorders":0,"jetpack_publicize_connections":[],"jetpack_sharing_enabled":true,"batches":[],"_links":{"self":[{"href":"https:\/\/petworld.ma\/index.php\/wp-json\/wp\/v2\/product\/13672","targetHints":{"allow":["GET"]}}],"collection":[{"href":"https:\/\/petworld.ma\/index.php\/wp-json\/wp\/v2\/product"}],"about":[{"href":"https:\/\/petworld.ma\/index.php\/wp-json\/wp\/v2\/types\/product"}],"wp:featuredmedia":[{"embeddable":true,"href":"https:\/\/petworld.ma\/index.php\/wp-json\/wp\/v2\/media\/13674"}],"wp:attachment":[{"href":"https:\/\/petworld.ma\/index.php\/wp-json\/wp\/v2\/media?parent=13672"}],"wp:term":[{"taxonomy":"product_brand","embeddable":true,"href":"https:\/\/petworld.ma\/index.php\/wp-json\/wp\/v2\/product_brand?post=13672"},{"taxonomy":"product_cat","embeddable":true,"href":"https:\/\/petworld.ma\/index.php\/wp-json\/wp\/v2\/product_cat?post=13672"},{"taxonomy":"product_tag","embeddable":true,"href":"https:\/\/petworld.ma\/index.php\/wp-json\/wp\/v2\/product_tag?post=13672"}],"curies":[{"name":"wp","href":"https:\/\/api.w.org\/{rel}","templated":true}]}}